{"id":6951,"date":"2025-02-04T10:27:31","date_gmt":"2025-02-04T15:27:31","guid":{"rendered":"https:\/\/marie-vincent.org\/children-0-12-years-old\/projet-boussole\/"},"modified":"2026-04-13T11:18:53","modified_gmt":"2026-04-13T15:18:53","slug":"compass-project","status":"publish","type":"page","link":"https:\/\/marie-vincent.org\/en\/prevent\/children-0-12-years-old\/compass-project\/","title":{"rendered":"Compass Project"},"content":{"rendered":"\t\t<header class=\"header-primary-a section-block with-background orange-theme\" data-scroll-section>\n\t\t\t<div class=\"container container-main\">\n\t\t\t\t<div class=\"row\">\n\t\t\t\t\t<div class=\"col-md-10 offset-md-1\">\n\t\t\t\t\t\t<div class=\"content\">\n\t\t\t\t\t\t\t<h1 class=\"title-1\">Compass Project\n<\/h1>\t\t\t\t\t\t\t\t\t\t\t\t\t<\/div>\n\t\t\t\t\t<\/div>\n\t\t\t\t<\/div>\n\t\t\t<\/div>\n\t\t\t\t\t<\/header>\n\t\n\n\t\t<section class=\"text-standard section-block with-background beige-theme\" data-scroll-section>\n\t\t\t<div class=\"container\">\n\t\t\t\t<div class=\"row row-main\">\n\t\t\t\t\t<div class=\"col-12 col-content\">\n\t\t\t\t\t\t<div class=\"content\">\n\t\t\t\t\t\t\t\t\t\t\t\t\t\t\n\t\t\t\t\t\t\t<div class=\"text\">\n\t\t\t\t\t\t\t\t<p><img decoding=\"async\" loading=\"lazy\" class=\"alignnone wp-image-4656 size-full\" src=\"https:\/\/marievincent.agencearobas.ca\/wp-content\/uploads\/2025\/07\/Creation-sans-titre-16.jpg\" alt=\"\" width=\"1400\" height=\"400\" srcset=\"https:\/\/marie-vincent.org\/wp-content\/uploads\/2025\/07\/Creation-sans-titre-16.jpg 1400w, https:\/\/marie-vincent.org\/wp-content\/uploads\/2025\/07\/Creation-sans-titre-16-300x86.jpg 300w, https:\/\/marie-vincent.org\/wp-content\/uploads\/2025\/07\/Creation-sans-titre-16-1024x293.jpg 1024w, https:\/\/marie-vincent.org\/wp-content\/uploads\/2025\/07\/Creation-sans-titre-16-768x219.jpg 768w, https:\/\/marie-vincent.org\/wp-content\/uploads\/2025\/07\/Creation-sans-titre-16-80x23.jpg 80w, https:\/\/marie-vincent.org\/wp-content\/uploads\/2025\/07\/Creation-sans-titre-16-186x53.jpg 186w, https:\/\/marie-vincent.org\/wp-content\/uploads\/2025\/07\/Creation-sans-titre-16-206x59.jpg 206w, https:\/\/marie-vincent.org\/wp-content\/uploads\/2025\/07\/Creation-sans-titre-16-238x68.jpg 238w, https:\/\/marie-vincent.org\/wp-content\/uploads\/2025\/07\/Creation-sans-titre-16-275x79.jpg 275w, https:\/\/marie-vincent.org\/wp-content\/uploads\/2025\/07\/Creation-sans-titre-16-428x122.jpg 428w, https:\/\/marie-vincent.org\/wp-content\/uploads\/2025\/07\/Creation-sans-titre-16-550x157.jpg 550w, https:\/\/marie-vincent.org\/wp-content\/uploads\/2025\/07\/Creation-sans-titre-16-580x166.jpg 580w, https:\/\/marie-vincent.org\/wp-content\/uploads\/2025\/07\/Creation-sans-titre-16-780x223.jpg 780w, https:\/\/marie-vincent.org\/wp-content\/uploads\/2025\/07\/Creation-sans-titre-16-885x253.jpg 885w, https:\/\/marie-vincent.org\/wp-content\/uploads\/2025\/07\/Creation-sans-titre-16-900x257.jpg 900w, https:\/\/marie-vincent.org\/wp-content\/uploads\/2025\/07\/Creation-sans-titre-16-960x274.jpg 960w, https:\/\/marie-vincent.org\/wp-content\/uploads\/2025\/07\/Creation-sans-titre-16-1160x331.jpg 1160w, https:\/\/marie-vincent.org\/wp-content\/uploads\/2025\/07\/Creation-sans-titre-16-1280x366.jpg 1280w, https:\/\/marie-vincent.org\/wp-content\/uploads\/2025\/07\/Creation-sans-titre-16-1366x390.jpg 1366w\" sizes=\"auto, (max-width: 1400px) 100vw, 1400px\" \/><\/p>\n<p>Compass is a sexual violence prevention training program designed for children aged 6 to 12 and the adults in their lives. The initiative aims to prevent sexual violence through sex education and the promotion of healthy, egalitarian relationships.<\/p>\n<p>Thanks to financial support from the Public Health Agency of Canada, Compass is available free of charge to community and recreational sector professionals. A toolkit is provided to all trained organizations.<\/p>\n<p><img decoding=\"async\" loading=\"lazy\" class=\"alignnone size-full wp-image-2357\" src=\"https:\/\/marievincent.agencearobas.ca\/wp-content\/uploads\/2025\/02\/logo-agence-sante-publique-canada.png\" alt=\"\" width=\"300\" height=\"40\" srcset=\"https:\/\/marie-vincent.org\/wp-content\/uploads\/2025\/02\/logo-agence-sante-publique-canada.png 300w, https:\/\/marie-vincent.org\/wp-content\/uploads\/2025\/02\/logo-agence-sante-publique-canada-80x11.png 80w, https:\/\/marie-vincent.org\/wp-content\/uploads\/2025\/02\/logo-agence-sante-publique-canada-186x25.png 186w, https:\/\/marie-vincent.org\/wp-content\/uploads\/2025\/02\/logo-agence-sante-publique-canada-206x27.png 206w, https:\/\/marie-vincent.org\/wp-content\/uploads\/2025\/02\/logo-agence-sante-publique-canada-238x32.png 238w, https:\/\/marie-vincent.org\/wp-content\/uploads\/2025\/02\/logo-agence-sante-publique-canada-275x37.png 275w\" sizes=\"auto, (max-width: 300px) 100vw, 300px\" \/><\/p>\n\t\t\t\t\t\t\t<\/div>\n\n\t\t\t\t\t\t\t\t\t\t\t\t\t<\/div>\n\t\t\t\t\t<\/div>\n\t\t\t\t<\/div>\n\t\t\t<\/div>\n\t\t<\/section>\n\t\n\n\t\t<section class=\"text-standard section-block with-background purple-theme\" data-scroll-section>\n\t\t\t<div class=\"container\">\n\t\t\t\t<div class=\"row row-main\">\n\t\t\t\t\t<div class=\"col-12 col-content\">\n\t\t\t\t\t\t<div class=\"content\">\n\t\t\t\t\t\t\t<h2 class=\"title title-2\">Who is Compass for?\n<\/h2>\t\t\t\t\t\t\t\n\t\t\t\t\t\t\t<div class=\"text\">\n\t\t\t\t\t\t\t\t<ul>\n<li>Children aged 6 to 12<\/li>\n<li>Camp managers, coordinators, frontline staff, and activity leaders<\/li>\n<li>Community and recreational sector professionals<\/li>\n<li>Parents<\/li>\n<\/ul>\n\t\t\t\t\t\t\t<\/div>\n\n\t\t\t\t\t\t\t\t\t\t\t\t\t<\/div>\n\t\t\t\t\t<\/div>\n\t\t\t\t<\/div>\n\t\t\t<\/div>\n\t\t<\/section>\n\t\n\n\t\t<section class=\"text-media-c section-block with-background cream-theme\" data-scroll-section>\n\t\t\t<div class=\"container\">\n\t\t\t\t<div class=\"row row-main \">\n\t\t\t\t\t<div class=\"col-md-6 col-content\">\n\t\t\t\t\t\t<div class=\"content\">\n\t\t\t\t\t\t\t<h2 class=\"title-2\">Objectives<\/h2>\t\t\t\t\t\t\t<div class=\"text\"><ul>\n<li><strong>Develop a better understanding<\/strong> of child sexual violence and the importance of prevention through sex education and the promotion of healthy, egalitarian relationships.<\/li>\n<li><strong>Learn to use the Compass tools<\/strong> effectively.<\/li>\n<li><strong>Reflect<\/strong> on one&#8217;s knowledge, practices, attitudes, and beliefs regarding sex education and the promotion of egalitarian relationships.<\/li>\n<li><strong>Identify daily opportunities<\/strong> to incorporate sex education and promote healthy relationships for children aged 6 to 12.<\/li>\n<li><strong>Understand the basics of Qu\u00e9bec&#8217;s Youth Protection Act.<\/strong><\/li>\n<li><strong>Develop analytical skills and intervention strategies<\/strong> for responding to sexual behaviour problems and children&#8217;s disclosures of sexual violence.<\/li>\n<\/ul>\n<\/div>\n\n\t\t\t\t\t\t\t\t\t\t\t\t\t<\/div>\n\t\t\t\t\t<\/div>\n\t\t\t\t\t<div class=\"col-md-6 col-img\">\n\t\t\t\t\t\t<div class=\"image-container\">\n\t\t\t\t\t\t\t\t\t\t\t\t\t\t\t<img decoding=\"async\" loading=\"lazy\" width=\"1920\" height=\"1280\" src=\"https:\/\/marie-vincent.org\/wp-content\/uploads\/2025\/02\/boussole-orange-aqua.png\" class=\"image\" alt=\"\" sizes=\"auto, thumbnail\" srcset=\"https:\/\/marie-vincent.org\/wp-content\/uploads\/2025\/02\/boussole-orange-aqua.png 1920w, https:\/\/marie-vincent.org\/wp-content\/uploads\/2025\/02\/boussole-orange-aqua-300x200.png 300w, https:\/\/marie-vincent.org\/wp-content\/uploads\/2025\/02\/boussole-orange-aqua-1024x683.png 1024w, https:\/\/marie-vincent.org\/wp-content\/uploads\/2025\/02\/boussole-orange-aqua-768x512.png 768w, https:\/\/marie-vincent.org\/wp-content\/uploads\/2025\/02\/boussole-orange-aqua-1536x1024.png 1536w, https:\/\/marie-vincent.org\/wp-content\/uploads\/2025\/02\/boussole-orange-aqua-80x53.png 80w, https:\/\/marie-vincent.org\/wp-content\/uploads\/2025\/02\/boussole-orange-aqua-186x124.png 186w, https:\/\/marie-vincent.org\/wp-content\/uploads\/2025\/02\/boussole-orange-aqua-206x137.png 206w, https:\/\/marie-vincent.org\/wp-content\/uploads\/2025\/02\/boussole-orange-aqua-238x159.png 238w, https:\/\/marie-vincent.org\/wp-content\/uploads\/2025\/02\/boussole-orange-aqua-275x183.png 275w, https:\/\/marie-vincent.org\/wp-content\/uploads\/2025\/02\/boussole-orange-aqua-428x285.png 428w, https:\/\/marie-vincent.org\/wp-content\/uploads\/2025\/02\/boussole-orange-aqua-550x367.png 550w, https:\/\/marie-vincent.org\/wp-content\/uploads\/2025\/02\/boussole-orange-aqua-580x387.png 580w, https:\/\/marie-vincent.org\/wp-content\/uploads\/2025\/02\/boussole-orange-aqua-780x520.png 780w, https:\/\/marie-vincent.org\/wp-content\/uploads\/2025\/02\/boussole-orange-aqua-885x590.png 885w, https:\/\/marie-vincent.org\/wp-content\/uploads\/2025\/02\/boussole-orange-aqua-900x600.png 900w, https:\/\/marie-vincent.org\/wp-content\/uploads\/2025\/02\/boussole-orange-aqua-960x640.png 960w, https:\/\/marie-vincent.org\/wp-content\/uploads\/2025\/02\/boussole-orange-aqua-1160x773.png 1160w, https:\/\/marie-vincent.org\/wp-content\/uploads\/2025\/02\/boussole-orange-aqua-1280x853.png 1280w, https:\/\/marie-vincent.org\/wp-content\/uploads\/2025\/02\/boussole-orange-aqua-1366x911.png 1366w, https:\/\/marie-vincent.org\/wp-content\/uploads\/2025\/02\/boussole-orange-aqua-1440x960.png 1440w, https:\/\/marie-vincent.org\/wp-content\/uploads\/2025\/02\/boussole-orange-aqua-1600x1067.png 1600w\" \/>\t\t\t\t\t\t\t\t\t\t\t\t\t<\/div>\n\t\t\t\t\t<\/div>\n\t\t\t\t<\/div>\n\t\t\t<\/div>\n\t\t<\/section>\n\t\n\n\t\t<section class=\"text-two-columns section-block with-background beige-theme\" data-scroll-section>\n\t\t\t<div class=\"container\">\n\t\t\t\t<div class=\"row row-main\">\n\t\t\t\t\t<div class=\"col-12 col-content\">\n\t\t\t\t\t\t<div class=\"content\">\n\t\t\t\t\t\t\t<h2 class=\"title title-2\">Approach and Content<\/h2>\t\t\t\t\t\t\t<div class=\"text-content\">\n\t\t\t\t\t\t\t\t<div class=\"left\"><p>The Compass project is designed for use in <strong>various cultural settings<\/strong>. It is based on an <strong>inclusive approach<\/strong> that emphasizes <strong>equality and diversity<\/strong> and a <strong>socioecological perspective<\/strong> that encourages the involvement of all adults in a child&#8217;s life. Compass is also <strong>trauma-informed<\/strong>, using practices that strengthen children&#8217;s resilience while ensuring interventions do not cause additional psychological harm.<\/p>\n<\/div>\n\t\t\t\t\t\t\t\t<div class=\"right\"><p>The content is based on <strong>best practices<\/strong> for responding to disclosures and reporting cases to the Director of Youth Protection (DYP), while taking into account the <strong>psychosexual development<\/strong> of children and intervention on <strong>healthy and problematic sexual behaviours<\/strong>. Compass also helps to <strong>better understand sexual violence<\/strong>, its prevalence, forms, signs to watch for, and techniques used by perpetrators. Finally, Compass incorporates <strong>best practices<\/strong> for educating children about sexuality in an age-appropriate way and promoting healthy, egalitarian relationships.<\/p>\n<\/div>\n\t\t\t\t\t\t\t<\/div>\n\n\t\t\t\t\t\t\t\t\t\t\t\t\t<\/div>\n\t\t\t\t\t<\/div>\n\t\t\t\t<\/div>\n\t\t\t<\/div>\n\t\t<\/section>\n\t\n\n\t\t<section class=\"list-accordion section-block with-background cream-theme\" data-scroll-section>\n\t\t\t<div class=\"container\">\n\t\t\t\t<div class=\"content-wrapper\">\n\t\t\t\t\t<div class=\"row row-main\">\n\t\t\t\t\t\t<div class=\"col-md-12\">\n\t\t\t\t\t\t\t\t\t\t\t\t\t\t\t<div class=\"section-header\">\n\t\t\t\t\t\t\t\t\t<h2 class=\"title-2\">Compass Training Programs<\/h2>\t\t\t\t\t\t\t\t\t\t\t\t\t\t\t\t\t<\/div>\n\t\t\t\t\t\t\t\n\t\t\t\t\t\t\t<div class=\"open-collapse-container\" data-collapser-module=\"accordion\">\n\t\t\t\t\t<div class=\"open-collapse-wrapper\" data-collapser=\"eb7d20608e5fcd6a0e0aa8c0c2b046790\">\n\t\t\t<button type=\"button\" id=\"collapseTitle-eb7d20608e5fcd6a0e0aa8c0c2b046790\" class=\"open-collapse-title title-4\" data-collapser-controller>\n\t\t\t\tFor Camp Managers, Coordinators, and Frontline Staff\t\t\t\t<span class=\"toggle-btn\" aria-hidden=\"true\"><i class=\"icon-arrow-down\"><\/i><\/span>\n\t\t\t<\/button>\n\t\t\t<div id=\"collapseContent-eb7d20608e5fcd6a0e0aa8c0c2b046790\" class=\"open-collapse-content\" data-collapser-content>\n\t\t\t\t<div class=\"oc-content-mask\">\n\t\t\t\t\t<div class=\"oc-content-inner\">\n\t\t\t\t\t\t<p>Nine-hour training course divided into three modules, available online or in person<\/p>\n\t\t\t\t\t\t\t\t\t\t\t\t\t<div class=\"btns\">\n\t\t\t\t\t\t\t\t\t\t\t<a href=\"https:\/\/marie-vincent.uxpertise.ca\/catalogItemDetails\/projet-boussole-en\/305\/-1\/-1\"\n\t\t\t\tclass=\"button button-primary\"\n\t\t\t\t target=\"_blank\" rel=\"noopener\" >\n\t\t\t\t\t\t\t\t\t<span class=\"text\">Learn more about the training<\/span><i class=\"icon icon-training\" aria-hidden=\"true\"><\/i>\t\t\t\t\t\t\t<\/a>\n\t\t\t\t\t\t\t\t\t<\/div>\n\t\t\t\t\t\t\t\t\t\t\t<\/div>\n\t\t\t\t<\/div>\n\t\t\t<\/div>\n\t\t<\/div>\n\t\t\t\t\t<div class=\"open-collapse-wrapper\" data-collapser=\"891c0a3a3ee9606c21c7b878c9faa17d1\">\n\t\t\t<button type=\"button\" id=\"collapseTitle-891c0a3a3ee9606c21c7b878c9faa17d1\" class=\"open-collapse-title title-4\" data-collapser-controller>\n\t\t\t\tFor Day Camp and Summer Camp Leaders\t\t\t\t<span class=\"toggle-btn\" aria-hidden=\"true\"><i class=\"icon-arrow-down\"><\/i><\/span>\n\t\t\t<\/button>\n\t\t\t<div id=\"collapseContent-891c0a3a3ee9606c21c7b878c9faa17d1\" class=\"open-collapse-content\" data-collapser-content>\n\t\t\t\t<div class=\"oc-content-mask\">\n\t\t\t\t\t<div class=\"oc-content-inner\">\n\t\t\t\t\t\t<p>90-minute self-paced e-learning module<\/p>\n\t\t\t\t\t\t\t\t\t\t\t\t\t<div class=\"btns\">\n\t\t\t\t\t\t\t\t\t\t\t<a href=\"https:\/\/marie-vincent.uxpertise.ca\/catalogItemDetails\/boussole-project-training\/340\/-1\/-1\"\n\t\t\t\tclass=\"button button-primary\"\n\t\t\t\t target=\"_blank\" rel=\"noopener\" >\n\t\t\t\t\t\t\t\t\t<span class=\"text\">Learn more about the training<\/span><i class=\"icon icon-training\" aria-hidden=\"true\"><\/i>\t\t\t\t\t\t\t<\/a>\n\t\t\t\t\t\t\t\t\t<\/div>\n\t\t\t\t\t\t\t\t\t\t\t<\/div>\n\t\t\t\t<\/div>\n\t\t\t<\/div>\n\t\t<\/div>\n\t<\/div>\t\t\t\t\t\t<\/div>\n\t\t\t\t\t<\/div>\n\t\t\t\t<\/div>\n\t\t\t<\/div>\n\t\t<\/section>\n\t\n\n\t\t<section class=\"uxpertise-courses section-block purple-theme\" data-scroll-section>\n\t\t\t<div class=\"wave-ctn\">\n\t\t\t\t<svg class=\"wave hidden-mobile\" viewBox=\"0 0 1920 120\">\n\t<path d=\"M1920 120V41.4S1524.8 4.8 1265.2 2C919.9-1.6 724.1 96.1 378.9 83.8 230.4 78.6 0 41.4 0 41.4V120h1920Z\" \/>\n\t<path class=\"line\" d=\"M360.9 115.4C214 115.4 2.2 95.6 0 95.4v-1c2.4.2 235 21.9 381.7 19.8C560 111.7 700.3 84.9 836 59.1c128.3-24.4 261-49.7 427.9-55.7 64.8-2.3 138.5-3.2 212.4-3.2 219 0 440.7 7.6 443.7 7.7v1c-4-.1-399.6-13.7-656.1-4.5-166.9 6-299.5 31.2-427.7 55.7-135.8 25.9-276.1 52.6-454.5 55.1-6.7 0-13.7.1-20.8.1Z\"\/>\n<\/svg>\n\n<svg class=\"wave hidden-desktop\" viewBox=\"0 0 390 64\">\n\t<path d=\"M390,64v-32s-52-24-105.5-24S129.7,41.3,60,35C30,32.3,0,17.6,0,17.6v46.4h390Z\"\/>\n\t<path class=\"line\" class=\"cls-1\" d=\"M79,45.5c-29,0-49-5.2-60.7-9.5C5.6,31.3,0,26.7-.3,26.5l.6-.8c0,0,5.9,4.8,18.4,9.4,11.6,4.3,31.4,9.4,60.3,9.4s69.8-11.5,103.3-22.6C215.7,10.9,250.2-.5,284.9-.5h0c51.8,0,104.7,25.1,105.2,25.4l-.4.9c-.5-.3-53.2-25.2-104.8-25.3h0c-34.6,0-69,11.4-102.3,22.4-33.6,11.1-68.4,22.6-103.6,22.6Z\"\/>\n<\/svg>\t\t\t<\/div>\n\t\t\t<div class=\"block-wrapper\">\n\t\t\t\t<div class=\"container\">\n\t\t\t\t\t<div class=\"content-wrapper\">\n\t\t\t\t\t\t<div class=\"row row-main\">\n\t\t\t\t\t\t\t<div class=\"col-md-8 offset-md-2 col-content\">\n\t\t\t\t\t\t\t\t<div class=\"content\">\n\t\t\t\t\t\t\t\t\t<h2 class=\"title-2\">Tools\n<\/h2>\n\t\t\t\t\t\t\t\t\t\t\t\t\t\t\t\t\t<\/div>\n\t\t\t\t\t\t\t<\/div>\n\t\t\t\t\t\t<\/div>\n\t\t\t\t\t\t<div class=\"row row-cards\">\n\t\t\t\t\t\t\t\t\t\t\t\t\t\t\t\t\t\t\t\t\t<div class=\"col-md-4 col-sm-6\">\n\t\t\t\t\t\t\t\t<article class=\"course-card\">\n\t\t\t\t\t\t\t\t\t<div class=\"content\">\n\t\t\t\t\t\t\t\t\t\t<h3 class=\"title-4\">Jeu des 7 familles<\/h3>\t\t\t\t\t\t\t\t\t\t\t\t\t\t\t\t\t\t\t\t\t<div class=\"text\"><p><img decoding=\"async\" loading=\"lazy\" class=\"alignnone wp-image-4016 size-full\" src=\"https:\/\/marievincent.agencearobas.ca\/wp-content\/uploads\/2025\/05\/jeu-7-familles-image.png\" alt=\"\" width=\"201\" height=\"200\" srcset=\"https:\/\/marie-vincent.org\/wp-content\/uploads\/2025\/05\/jeu-7-familles-image.png 201w, https:\/\/marie-vincent.org\/wp-content\/uploads\/2025\/05\/jeu-7-familles-image-150x150.png 150w, https:\/\/marie-vincent.org\/wp-content\/uploads\/2025\/05\/jeu-7-familles-image-80x80.png 80w, https:\/\/marie-vincent.org\/wp-content\/uploads\/2025\/05\/jeu-7-familles-image-186x185.png 186w\" sizes=\"auto, (max-width: 201px) 100vw, 201px\" \/><\/p>\n<p>Les noms des familles dans ce jeu sont inspir\u00e9s de la Convention relative aux droits de l\u2019enfant des Nations Unies. Chaque famille repr\u00e9sente un droit fondamental des enfants, soulignant l&#8217;importance de l&#8217;\u00e9galit\u00e9 et de la justice, peu importe l&#8217;origine, la religion, la langue ou la situation familiale de l&#8217;enfant. Ce jeu aide les enfants \u00e0 comprendre et \u00e0 revendiquer leurs droits pour survivre, vivre, se d\u00e9velopper, s\u2019\u00e9panouir et r\u00e9aliser leur plein potentiel.<\/p>\n<\/div>\n\t\t\t\t\t\t\t\t\t\t\t\t\t\t\t\t\t\t\t<\/div>\n\t\t\t\t\t\t\t\t\t\t\t\t\t\t\t\t\t\t\t<div class=\"btns\">\n\t\t\t\t\t\t\t\t\t\t\t\t\t\t\t\t\t\t\t\t\t\t\t\t\t\t<a href=\"\/wp-content\/uploads\/2025\/04\/jeu-7-familles.pdf\"\n\t\t\t\tclass=\"button button-primary\"\n\t\t\t\t target=\"_blank\" rel=\"noopener\" >\n\t\t\t\t\t\t\t\t\t<span class=\"text\">T\u00e9l\u00e9chargez<\/span>\t\t\t\t\t\t\t<\/a>\n\t\t\t\t\t\t\t\t\t\t\t\t\t\t\t\t\t\t\t\t\t\t\t<\/div>\n\t\t\t\t\t\t\t\t\t\t\t\t\t\t\t\t\t<\/article>\n\t\t\t\t\t\t\t<\/div>\n\t\t\t\t\t\t\t\t\t\t\t\t\t\t<div class=\"col-md-4 col-sm-6\">\n\t\t\t\t\t\t\t\t<article class=\"course-card\">\n\t\t\t\t\t\t\t\t\t<div class=\"content\">\n\t\t\t\t\t\t\t\t\t\t<h3 class=\"title-4\">Atlas Boussole<\/h3>\t\t\t\t\t\t\t\t\t\t\t\t\t\t\t\t\t\t\t\t\t<div class=\"text\"><p><img decoding=\"async\" loading=\"lazy\" class=\"alignnone size-full wp-image-4019\" src=\"https:\/\/marievincent.agencearobas.ca\/wp-content\/uploads\/2025\/05\/atlas-boussole-image.png\" alt=\"\" width=\"200\" height=\"200\" srcset=\"https:\/\/marie-vincent.org\/wp-content\/uploads\/2025\/05\/atlas-boussole-image.png 200w, https:\/\/marie-vincent.org\/wp-content\/uploads\/2025\/05\/atlas-boussole-image-150x150.png 150w, https:\/\/marie-vincent.org\/wp-content\/uploads\/2025\/05\/atlas-boussole-image-80x80.png 80w, https:\/\/marie-vincent.org\/wp-content\/uploads\/2025\/05\/atlas-boussole-image-186x186.png 186w\" sizes=\"auto, (max-width: 200px) 100vw, 200px\" \/><\/p>\n<p>L\u2019Atlas Boussole s\u2019adresse aux intervenant\u00b7e\u00b7s et aux professionnel\u00b7le\u00b7s, c\u2019est un outil con\u00e7u pour aborder avec les enfants de 6 \u00e0 12 ans le sujet de la sexualit\u00e9 ainsi que les relations saines et \u00e9galitaires par l\u2019entremise de la discussion, du jeu et de chansons.<\/p>\n<\/div>\n\t\t\t\t\t\t\t\t\t\t\t\t\t\t\t\t\t\t\t<\/div>\n\t\t\t\t\t\t\t\t\t\t\t\t\t\t\t\t\t\t\t<div class=\"btns\">\n\t\t\t\t\t\t\t\t\t\t\t\t\t\t\t\t\t\t\t\t\t\t\t\t\t\t<a href=\"\/wp-content\/uploads\/2025\/04\/Atlas-Boussole-web-vfinale.pdf\"\n\t\t\t\tclass=\"button button-primary\"\n\t\t\t\t target=\"_blank\" rel=\"noopener\" >\n\t\t\t\t\t\t\t\t\t<span class=\"text\">T\u00e9l\u00e9chargez<\/span>\t\t\t\t\t\t\t<\/a>\n\t\t\t\t\t\t\t\t\t\t\t\t\t\t\t\t\t\t\t\t\t\t\t<\/div>\n\t\t\t\t\t\t\t\t\t\t\t\t\t\t\t\t\t<\/article>\n\t\t\t\t\t\t\t<\/div>\n\t\t\t\t\t\t\t\t\t\t\t\t\t\t<div class=\"col-md-4 col-sm-6\">\n\t\t\t\t\t\t\t\t<article class=\"course-card\">\n\t\t\t\t\t\t\t\t\t<div class=\"content\">\n\t\t\t\t\t\t\t\t\t\t<h3 class=\"title-4\">Jeu Marvin, serpents et \u00e9chelles<\/h3>\t\t\t\t\t\t\t\t\t\t\t\t\t\t\t\t\t\t\t\t\t<div class=\"text\"><p><img decoding=\"async\" loading=\"lazy\" class=\"alignnone size-full wp-image-4026\" src=\"https:\/\/marievincent.agencearobas.ca\/wp-content\/uploads\/2025\/05\/jeu-serpents-et-echelles-image.png\" alt=\"\" width=\"300\" height=\"200\" srcset=\"https:\/\/marie-vincent.org\/wp-content\/uploads\/2025\/05\/jeu-serpents-et-echelles-image.png 300w, https:\/\/marie-vincent.org\/wp-content\/uploads\/2025\/05\/jeu-serpents-et-echelles-image-80x53.png 80w, https:\/\/marie-vincent.org\/wp-content\/uploads\/2025\/05\/jeu-serpents-et-echelles-image-186x124.png 186w, https:\/\/marie-vincent.org\/wp-content\/uploads\/2025\/05\/jeu-serpents-et-echelles-image-206x137.png 206w, https:\/\/marie-vincent.org\/wp-content\/uploads\/2025\/05\/jeu-serpents-et-echelles-image-238x159.png 238w, https:\/\/marie-vincent.org\/wp-content\/uploads\/2025\/05\/jeu-serpents-et-echelles-image-275x183.png 275w\" sizes=\"auto, (max-width: 300px) 100vw, 300px\" \/><\/p>\n<p>Le jeu Marvin, serpents et \u00e9chelles est un jeu de r\u00e9flexion sur les relations saines et \u00e9galitaires, adapt\u00e9 du jeu classique. Il existe une version pour les 6-9 ans et une autre pour les 10-12 ans.<\/p>\n<\/div>\n\t\t\t\t\t\t\t\t\t\t\t\t\t\t\t\t\t\t\t<\/div>\n\t\t\t\t\t\t\t\t\t\t\t\t\t\t\t\t\t\t\t<div class=\"btns\">\n\t\t\t\t\t\t\t\t\t\t\t\t\t\t\t\t\t\t\t\t\t\t\t\t\t\t<a href=\"\/wp-content\/uploads\/2025\/04\/MV-jeu-serpents-et-echelles-12-x-18-pour-impression-v1.pdf\"\n\t\t\t\tclass=\"button button-primary\"\n\t\t\t\t target=\"_blank\" rel=\"noopener\" >\n\t\t\t\t\t\t\t\t\t<span class=\"text\">T\u00e9l\u00e9chargez<\/span>\t\t\t\t\t\t\t<\/a>\n\t\t\t\t\t\t\t\t\t\t\t\t\t\t\t\t\t\t\t\t\t\t\t<\/div>\n\t\t\t\t\t\t\t\t\t\t\t\t\t\t\t\t\t<\/article>\n\t\t\t\t\t\t\t<\/div>\n\t\t\t\t\t\t\t\t\t\t\t\t\t\t<div class=\"col-md-4 col-sm-6\">\n\t\t\t\t\t\t\t\t<article class=\"course-card\">\n\t\t\t\t\t\t\t\t\t<div class=\"content\">\n\t\t\t\t\t\t\t\t\t\t<h3 class=\"title-4\">Guide Boussole<\/h3>\t\t\t\t\t\t\t\t\t\t\t\t\t\t\t\t\t\t\t\t\t<div class=\"text\"><p>Ce guide s\u2019adresse aux intervenant\u00b7e\u00b7s et aux professionnel\u00b7le\u00b7s, il propose des balises pour l\u2019analyse, l\u2019intervention et le signalement, tout en fournissant des rep\u00e8res face \u00e0 la violence sexuelle et aux comportements sexuels des enfants.<\/p>\n<\/div>\n\t\t\t\t\t\t\t\t\t\t\t\t\t\t\t\t\t\t\t<\/div>\n\t\t\t\t\t\t\t\t\t\t\t\t\t\t\t\t\t<\/article>\n\t\t\t\t\t\t\t<\/div>\n\t\t\t\t\t\t\t\t\t\t\t\t\t\t<div class=\"col-md-4 col-sm-6\">\n\t\t\t\t\t\t\t\t<article class=\"course-card\">\n\t\t\t\t\t\t\t\t\t<div class=\"content\">\n\t\t\t\t\t\t\t\t\t\t<h3 class=\"title-4\">Guide d\u2019animation Atelier-Cyber<\/h3>\t\t\t\t\t\t\t\t\t\t\t\t\t\t\t\t\t\t\t\t\t<div class=\"text\"><p>Ce guide s\u2019adresse aux intervenant\u00b7e\u00b7s et aux professionnel\u00b7le\u00b7s, il est con\u00e7u pour pr\u00e9venir la cyberviolence sexuelle aupr\u00e8s des jeunes de 10 \u00e0 12 ans, offrant des strat\u00e9gies et des outils pour aborder ce sujet d\u00e9licat.<\/p>\n<\/div>\n\t\t\t\t\t\t\t\t\t\t\t\t\t\t\t\t\t\t\t<\/div>\n\t\t\t\t\t\t\t\t\t\t\t\t\t\t\t\t\t<\/article>\n\t\t\t\t\t\t\t<\/div>\n\t\t\t\t\t\t\t\t\t\t\t\t\t\t<div class=\"col-md-4 col-sm-6\">\n\t\t\t\t\t\t\t\t<article class=\"course-card\">\n\t\t\t\t\t\t\t\t\t<div class=\"content\">\n\t\t\t\t\t\t\t\t\t\t<h3 class=\"title-4\">Capsules vid\u00e9o<\/h3>\t\t\t\t\t\t\t\t\t\t\t\t\t\t\t\t\t\t\t\t\t<div class=\"text\"><p>Les capsules vid\u00e9o visent \u00e0 fournir aux parents des moyens concrets pour promouvoir des relations saines et \u00e9galitaires ainsi que l\u2019\u00e9ducation \u00e0 la sexualit\u00e9, tout en leur permettant d&#8217;\u00eatre des mod\u00e8les pour leurs enfants. Elles offrent \u00e9galement des connaissances sur la violence sexuelle et encouragent les parents \u00e0 d\u00e9velopper les habilet\u00e9s de protection de leurs enfants.<\/p>\n<\/div>\n\t\t\t\t\t\t\t\t\t\t\t\t\t\t\t\t\t\t\t<\/div>\n\t\t\t\t\t\t\t\t\t\t\t\t\t\t\t\t\t<\/article>\n\t\t\t\t\t\t\t<\/div>\n\t\t\t\t\t\t\t\t\t\t\t\t\t\t<div class=\"col-md-4 col-sm-6\">\n\t\t\t\t\t\t\t\t<article class=\"course-card\">\n\t\t\t\t\t\t\t\t\t<div class=\"content\">\n\t\t\t\t\t\t\t\t\t\t<h3 class=\"title-4\">Discover Our Prevention Tools<\/h3>\t\t\t\t\t\t\t\t\t\t\t\t\t\t\t\t\t\t\t<\/div>\n\t\t\t\t\t\t\t\t\t\t\t\t\t\t\t\t\t\t\t<div class=\"btns\">\n\t\t\t\t\t\t\t\t\t\t\t\t\t\t\t\t\t\t\t\t\t\t\t\t\t\t<a href=\"\/en\/toolkit\/\"\n\t\t\t\tclass=\"button button-primary\"\n\t\t\t\t >\n\t\t\t\t\t\t\t\t\t<span class=\"text\">Discover<\/span>\t\t\t\t\t\t\t<\/a>\n\t\t\t\t\t\t\t\t\t\t\t\t\t\t\t\t\t\t\t\t\t\t\t<\/div>\n\t\t\t\t\t\t\t\t\t\t\t\t\t\t\t\t\t<\/article>\n\t\t\t\t\t\t\t<\/div>\n\t\t\t\t\t\t\t\t\t\t\t\t\t<\/div>\n\t\t\t\t\t<\/div>\n\t\t\t\t<\/div>\n\t\t\t<\/div>\n\t\t<\/section>\n\t","protected":false},"excerpt":{"rendered":"","protected":false},"author":5,"featured_media":0,"parent":6678,"menu_order":16,"comment_status":"closed","ping_status":"closed","template":"","meta":{"_acf_changed":false,"footnotes":""},"class_list":["post-6951","page","type-page","status-publish","hentry"],"acf":[],"_links":{"self":[{"href":"https:\/\/marie-vincent.org\/en\/wp-json\/wp\/v2\/pages\/6951","targetHints":{"allow":["GET"]}}],"collection":[{"href":"https:\/\/marie-vincent.org\/en\/wp-json\/wp\/v2\/pages"}],"about":[{"href":"https:\/\/marie-vincent.org\/en\/wp-json\/wp\/v2\/types\/page"}],"author":[{"embeddable":true,"href":"https:\/\/marie-vincent.org\/en\/wp-json\/wp\/v2\/users\/5"}],"replies":[{"embeddable":true,"href":"https:\/\/marie-vincent.org\/en\/wp-json\/wp\/v2\/comments?post=6951"}],"version-history":[{"count":4,"href":"https:\/\/marie-vincent.org\/en\/wp-json\/wp\/v2\/pages\/6951\/revisions"}],"predecessor-version":[{"id":7539,"href":"https:\/\/marie-vincent.org\/en\/wp-json\/wp\/v2\/pages\/6951\/revisions\/7539"}],"up":[{"embeddable":true,"href":"https:\/\/marie-vincent.org\/en\/wp-json\/wp\/v2\/pages\/6678"}],"wp:attachment":[{"href":"https:\/\/marie-vincent.org\/en\/wp-json\/wp\/v2\/media?parent=6951"}],"curies":[{"name":"wp","href":"https:\/\/api.w.org\/{rel}","templated":true}]}}