{"id":6741,"date":"2025-02-04T10:54:41","date_gmt":"2025-02-04T15:54:41","guid":{"rendered":"https:\/\/marie-vincent.org\/teens-12-17-years-old\/pile-ou-face-prevention-de-lexploitation-sexuelle-et-de-la-traite-de-personnes\/"},"modified":"2026-03-09T13:12:18","modified_gmt":"2026-03-09T17:12:18","slug":"heads-or-tails","status":"publish","type":"page","link":"https:\/\/marie-vincent.org\/en\/prevent\/teens-12-17-years-old\/heads-or-tails\/","title":{"rendered":"Heads or Tails: Preventing Sexual Exploitation and Human Trafficking"},"content":{"rendered":"\t\t<header class=\"header-primary-a section-block with-background orange-theme\" data-scroll-section>\n\t\t\t<div class=\"container container-main\">\n\t\t\t\t<div class=\"row\">\n\t\t\t\t\t<div class=\"col-md-10 offset-md-1\">\n\t\t\t\t\t\t<div class=\"content\">\n\t\t\t\t\t\t\t<h1 class=\"title-1\">Heads or Tails: Preventing Sexual Exploitation and Human Trafficking\n<\/h1>\t\t\t\t\t\t\t\t\t\t\t\t\t<\/div>\n\t\t\t\t\t<\/div>\n\t\t\t\t<\/div>\n\t\t\t<\/div>\n\t\t\t\t\t<\/header>\n\t\n\n\t\t<section class=\"text-standard section-block with-background beige-theme\" data-scroll-section>\n\t\t\t<div class=\"container\">\n\t\t\t\t<div class=\"row row-main\">\n\t\t\t\t\t<div class=\"col-12 col-content\">\n\t\t\t\t\t\t<div class=\"content\">\n\t\t\t\t\t\t\t\t\t\t\t\t\t\t\n\t\t\t\t\t\t\t<div class=\"text\">\n\t\t\t\t\t\t\t\t<p>Launched in 2023, the Heads or Tails project is a proactive prevention initiative designed to address the specific needs of adolescents aged 12 to 17 who are at high risk of sexual exploitation and human trafficking. The project aims to broaden knowledge and improve the skills of both adults and youths thus fostering their empowerment. By focusing on strengthening self-esteem and promoting egalitarian relationships, Heads or Tails equips young people with essential knowledge and skills while providing concrete prevention tools for professionals.<\/p>\n<p>This project is made possible by the support of <span class=\"TextRun SCXW153689800 BCX0\" lang=\"FR-FR\" xml:lang=\"FR-FR\" data-contrast=\"auto\"><span class=\"NormalTextRun SCXW153689800 BCX0\">the Secr\u00e9tariat \u00e0 la condition f\u00e9minine and the Secr\u00e9tariat \u00e0 la jeunesse.<\/span><\/span><\/p>\n<p><img decoding=\"async\" loading=\"lazy\" class=\"alignnone size-full wp-image-2381\" src=\"https:\/\/marievincent.agencearobas.ca\/wp-content\/uploads\/2025\/02\/logo-gouvernement-quebec.png\" alt=\"\" width=\"300\" height=\"65\" srcset=\"https:\/\/marie-vincent.org\/wp-content\/uploads\/2025\/02\/logo-gouvernement-quebec.png 300w, https:\/\/marie-vincent.org\/wp-content\/uploads\/2025\/02\/logo-gouvernement-quebec-80x17.png 80w, https:\/\/marie-vincent.org\/wp-content\/uploads\/2025\/02\/logo-gouvernement-quebec-186x40.png 186w, https:\/\/marie-vincent.org\/wp-content\/uploads\/2025\/02\/logo-gouvernement-quebec-206x45.png 206w, https:\/\/marie-vincent.org\/wp-content\/uploads\/2025\/02\/logo-gouvernement-quebec-238x52.png 238w, https:\/\/marie-vincent.org\/wp-content\/uploads\/2025\/02\/logo-gouvernement-quebec-275x60.png 275w\" sizes=\"auto, (max-width: 300px) 100vw, 300px\" \/><\/p>\n\t\t\t\t\t\t\t<\/div>\n\n\t\t\t\t\t\t\t\t\t\t\t\t\t\t\t<div class=\"btns\">\n\t\t\t\t\t\t\t\t\t\t\t\t\t\t\t\t\t\t\t\t\t\t<a href=\"\/wp-content\/uploads\/2025\/02\/Pile-ou-face-presentation-MV_general.pdf\"\n\t\t\t\tclass=\"button button-secondary\"\n\t\t\t\t target=\"_blank\" rel=\"noopener\" >\n\t\t\t\t\t\t\t\t\t<span class=\"text\">View the project presentation sheet<\/span>\t\t\t\t\t\t\t<\/a>\n\t\t\t\t\t\t\t\t\t\t\t\t\t\t\t\t\t\t\t<\/div>\n\t\t\t\t\t\t\t\t\t\t\t\t\t<\/div>\n\t\t\t\t\t<\/div>\n\t\t\t\t<\/div>\n\t\t\t<\/div>\n\t\t<\/section>\n\t\n\n\t\t<section class=\"text-standard section-block with-background purple-theme\" data-scroll-section>\n\t\t\t<div class=\"container\">\n\t\t\t\t<div class=\"row row-main\">\n\t\t\t\t\t<div class=\"col-12 col-content\">\n\t\t\t\t\t\t<div class=\"content\">\n\t\t\t\t\t\t\t<h2 class=\"title title-2\">Who is Heads or Tails for?\n<\/h2>\t\t\t\t\t\t\t\n\t\t\t\t\t\t\t<div class=\"text\">\n\t\t\t\t\t\t\t\t<p>Heads or Tails is designed for professionals and youths at risk of sexual exploitation and human trafficking. More specifically, the project targets <strong>professionals<\/strong> who:<\/p>\n<ul>\n<li>Work with youths aged 12 to 17<\/li>\n<li>Operate within the health and social services network or youth community organizations<\/li>\n<li>Wish to implement the Heads or Tails project in their professional setting<\/li>\n<\/ul>\n<p>&nbsp;<\/p>\n<p>The project also directly supports <strong>at-risk youths<\/strong>, particularly:<\/p>\n<ul>\n<li>Those in the care of the health and social services network<\/li>\n<li>Those frequenting community-based youth organizations<\/li>\n<\/ul>\n<p>A customized version of Heads or Tails is also available for <strong>schools<\/strong> to meet their specific needs. This adaptation allows for a more <strong>universal prevention<\/strong> approach for youths aged 12 to 17 while updating school staff on the realities of sexual exploitation and human trafficking<\/p>\n\t\t\t\t\t\t\t<\/div>\n\n\t\t\t\t\t\t\t\t\t\t\t\t\t<\/div>\n\t\t\t\t\t<\/div>\n\t\t\t\t<\/div>\n\t\t\t<\/div>\n\t\t<\/section>\n\t\n\n\t\t<section class=\"text-media-c section-block with-background cream-theme\" data-scroll-section>\n\t\t\t<div class=\"container\">\n\t\t\t\t<div class=\"row row-main \">\n\t\t\t\t\t<div class=\"col-md-6 col-content\">\n\t\t\t\t\t\t<div class=\"content\">\n\t\t\t\t\t\t\t<h2 class=\"title-2\">Objectives<\/h2>\t\t\t\t\t\t\t<div class=\"text\"><p>The Heads or Tails project provides a safe space for discussions with young people and an environment that broadens their knowledge and skills to prevent sexual exploitation and human trafficking.<\/p>\n<ul>\n<li>Help them understand the realities of sexual exploitation and human trafficking (definitions, recruitment scenarios, etc.)<\/li>\n<li>Encourage self-reflection on key topics such as self-esteem, self-awareness, and assertiveness<\/li>\n<li>Promote critical thinking about healthy and egalitarian relationships<\/li>\n<\/ul>\n<\/div>\n\n\t\t\t\t\t\t\t\t\t\t\t\t\t<\/div>\n\t\t\t\t\t<\/div>\n\t\t\t\t\t<div class=\"col-md-6 col-img\">\n\t\t\t\t\t\t<div class=\"image-container\">\n\t\t\t\t\t\t\t\t\t\t\t\t\t\t\t<img decoding=\"async\" loading=\"lazy\" width=\"300\" height=\"200\" src=\"https:\/\/marie-vincent.org\/wp-content\/uploads\/2025\/11\/projet-pile-ou-face.png\" class=\"image\" alt=\"\" sizes=\"auto, thumbnail\" srcset=\"https:\/\/marie-vincent.org\/wp-content\/uploads\/2025\/11\/projet-pile-ou-face.png 300w, https:\/\/marie-vincent.org\/wp-content\/uploads\/2025\/11\/projet-pile-ou-face-80x53.png 80w, https:\/\/marie-vincent.org\/wp-content\/uploads\/2025\/11\/projet-pile-ou-face-186x124.png 186w, https:\/\/marie-vincent.org\/wp-content\/uploads\/2025\/11\/projet-pile-ou-face-206x137.png 206w, https:\/\/marie-vincent.org\/wp-content\/uploads\/2025\/11\/projet-pile-ou-face-238x159.png 238w, https:\/\/marie-vincent.org\/wp-content\/uploads\/2025\/11\/projet-pile-ou-face-275x183.png 275w\" \/>\t\t\t\t\t\t\t\t\t\t\t\t\t<\/div>\n\t\t\t\t\t<\/div>\n\t\t\t\t<\/div>\n\t\t\t<\/div>\n\t\t<\/section>\n\t\n\n\t\t<section class=\"text-two-columns section-block with-background beige-theme\" data-scroll-section>\n\t\t\t<div class=\"container\">\n\t\t\t\t<div class=\"row row-main\">\n\t\t\t\t\t<div class=\"col-12 col-content\">\n\t\t\t\t\t\t<div class=\"content\">\n\t\t\t\t\t\t\t<h2 class=\"title title-2\">Approach and Content<\/h2>\t\t\t\t\t\t\t<div class=\"text-content\">\n\t\t\t\t\t\t\t\t<div class=\"left\"><p>The Heads or Tails project is a prevention initiative that fosters discussions and reflection between at-risk youths and the professionals who support them.<\/p>\n<p><strong>Training<\/strong><br \/>\nThe project begins with two training modules for professionals to deepen their knowledge of sexual exploitation and human trafficking and to develop best practices for supporting at-risk youths.<\/p>\n<\/div>\n\t\t\t\t\t\t\t\t<div class=\"right\"><p><strong>Workshops<\/strong><br \/>\nThe project includes six 90-minute workshops covering key topics related to preventing sexual exploitation and human trafficking. Professionals who have completed the two training modules are equipped with tools to facilitate the following workshops:<\/p>\n<ul>\n<li>Self-awareness, assertiveness, and self-esteem<\/li>\n<li>Egalitarian relationships in romantic, family, and friendship contexts<\/li>\n<li>Recruitment scenarios and protective strategies<\/li>\n<\/ul>\n<p>These workshops involve short film screenings, guided discussions, and individual reflection activities in a personal journal to help youths engage in self-exploration.<\/p>\n<\/div>\n\t\t\t\t\t\t\t<\/div>\n\n\t\t\t\t\t\t\t\t\t\t\t\t\t<\/div>\n\t\t\t\t\t<\/div>\n\t\t\t\t<\/div>\n\t\t\t<\/div>\n\t\t<\/section>\n\t\n\n\t\t<section class=\"text-standard section-block with-background purple-theme\" data-scroll-section>\n\t\t\t<div class=\"container\">\n\t\t\t\t<div class=\"row row-main\">\n\t\t\t\t\t<div class=\"col-12 col-content\">\n\t\t\t\t\t\t<div class=\"content\">\n\t\t\t\t\t\t\t<h2 class=\"title title-2\">Heads or Tails in School Settings\n<\/h2>\t\t\t\t\t\t\t\n\t\t\t\t\t\t\t<div class=\"text\">\n\t\t\t\t\t\t\t\t<p>The Heads or Tails adaptation for schools consists of a 3.5-hour training session designed for all school staff members (special education technicians, psychoeducators, sexologists, teachers, etc.) who are comfortable addressing the issues of sexual exploitation and human trafficking with students.<\/p>\n<p>Topics covered in this training include:<\/p>\n<ul>\n<li>Sexual exploitation and human trafficking of adolescents<\/li>\n<li>Identifying risk factors and vulnerability indicators<\/li>\n<li>Effective approaches to prevent sexual exploitation and human trafficking of adolescents<\/li>\n<li>Responding to disclosures of sexual violence in group or individual settings<\/li>\n<\/ul>\n<p>Additionally, this training provides tools to facilitate prevention activities and better recognize risk factors in young people.<\/p>\n\t\t\t\t\t\t\t<\/div>\n\n\t\t\t\t\t\t\t\t\t\t\t\t\t<\/div>\n\t\t\t\t\t<\/div>\n\t\t\t\t<\/div>\n\t\t\t<\/div>\n\t\t<\/section>\n\t\n\n\t\t<section class=\"list-accordion section-block with-background cream-theme\" data-scroll-section>\n\t\t\t<div class=\"container\">\n\t\t\t\t<div class=\"content-wrapper\">\n\t\t\t\t\t<div class=\"row row-main\">\n\t\t\t\t\t\t<div class=\"col-md-12\">\n\t\t\t\t\t\t\t\t\t\t\t\t\t\t\t<div class=\"section-header\">\n\t\t\t\t\t\t\t\t\t<h2 class=\"title-2\">Training<\/h2>\t\t\t\t\t\t\t\t\t\t\t\t\t\t\t\t\t<\/div>\n\t\t\t\t\t\t\t\n\t\t\t\t\t\t\t<div class=\"open-collapse-container\" data-collapser-module=\"accordion\">\n\t\t\t\t\t<div class=\"open-collapse-wrapper\" data-collapser=\"4cbf57ef913354aa7b3f1cb7637d18d10\">\n\t\t\t<button type=\"button\" id=\"collapseTitle-4cbf57ef913354aa7b3f1cb7637d18d10\" class=\"open-collapse-title title-4\" data-collapser-controller>\n\t\t\t\tFor Professionals\t\t\t\t<span class=\"toggle-btn\" aria-hidden=\"true\"><i class=\"icon-arrow-down\"><\/i><\/span>\n\t\t\t<\/button>\n\t\t\t<div id=\"collapseContent-4cbf57ef913354aa7b3f1cb7637d18d10\" class=\"open-collapse-content\" data-collapser-content>\n\t\t\t\t<div class=\"oc-content-mask\">\n\t\t\t\t\t<div class=\"oc-content-inner\">\n\t\t\t\t\t\t<p><strong>Module 1 :<\/strong> Understanding Sexual Exploitation, Human Trafficking, and Best Prevention Practices<\/p>\n<p><strong>Module 2 :<\/strong> Implementing Heads or Tails in My Professional Setting<\/p>\n<p>After completing the training, participants receive copies of the prevention tools.<\/p>\n\t\t\t\t\t\t\t\t\t\t\t\t\t<div class=\"btns\">\n\t\t\t\t\t\t\t\t\t\t\t<a href=\"https:\/\/marie-vincent.uxpertise.ca\/catalogItemDetails\/understanding-of-sexual-exploitation-human-trafficking\/304\/-1\/-1\"\n\t\t\t\tclass=\"button button-primary\"\n\t\t\t\t target=\"_blank\" rel=\"noopener\" >\n\t\t\t\t\t\t\t\t\t<span class=\"text\">Discover Module 1<\/span><i class=\"icon icon-training\" aria-hidden=\"true\"><\/i>\t\t\t\t\t\t\t<\/a>\n\t\t\t\t\t\t\t\t\t<\/div>\n\t\t\t\t\t\t\t\t\t\t\t<\/div>\n\t\t\t\t<\/div>\n\t\t\t<\/div>\n\t\t<\/div>\n\t\t\t\t\t<div class=\"open-collapse-wrapper\" data-collapser=\"0afdfa3bb1406e22ef8cecaf786ebcb11\">\n\t\t\t<button type=\"button\" id=\"collapseTitle-0afdfa3bb1406e22ef8cecaf786ebcb11\" class=\"open-collapse-title title-4\" data-collapser-controller>\n\t\t\t\tFor School Settings\t\t\t\t<span class=\"toggle-btn\" aria-hidden=\"true\"><i class=\"icon-arrow-down\"><\/i><\/span>\n\t\t\t<\/button>\n\t\t\t<div id=\"collapseContent-0afdfa3bb1406e22ef8cecaf786ebcb11\" class=\"open-collapse-content\" data-collapser-content>\n\t\t\t\t<div class=\"oc-content-mask\">\n\t\t\t\t\t<div class=\"oc-content-inner\">\n\t\t\t\t\t\t<p><strong>Training :<\/strong> Preventing Sexual Exploitation and Human Trafficking of Adolescents<\/p>\n<p>After completing the training, participants receive copies of the prevention tools.<\/p>\n\t\t\t\t\t\t\t\t\t\t\t\t\t<div class=\"btns\">\n\t\t\t\t\t\t\t\t\t\t\t<a href=\"https:\/\/marie-vincent.uxpertise.ca\/catalogItemDetails\/understanding-of-sexual-exploitation-human-trafficking-and-b\/326\/-1\/-1\"\n\t\t\t\tclass=\"button button-primary\"\n\t\t\t\t target=\"_blank\" rel=\"noopener\" >\n\t\t\t\t\t\t\t\t\t<span class=\"text\">Discover the Training<\/span><i class=\"icon icon-training\" aria-hidden=\"true\"><\/i>\t\t\t\t\t\t\t<\/a>\n\t\t\t\t\t\t\t\t\t<\/div>\n\t\t\t\t\t\t\t\t\t\t\t<\/div>\n\t\t\t\t<\/div>\n\t\t\t<\/div>\n\t\t<\/div>\n\t<\/div>\t\t\t\t\t\t<\/div>\n\t\t\t\t\t<\/div>\n\t\t\t\t<\/div>\n\t\t\t<\/div>\n\t\t<\/section>\n\t\n\n\t\t<section class=\"uxpertise-courses section-block purple-theme\" data-scroll-section>\n\t\t\t<div class=\"wave-ctn\">\n\t\t\t\t<svg class=\"wave hidden-mobile\" viewBox=\"0 0 1920 120\">\n\t<path d=\"M1920 120V41.4S1524.8 4.8 1265.2 2C919.9-1.6 724.1 96.1 378.9 83.8 230.4 78.6 0 41.4 0 41.4V120h1920Z\" \/>\n\t<path class=\"line\" d=\"M360.9 115.4C214 115.4 2.2 95.6 0 95.4v-1c2.4.2 235 21.9 381.7 19.8C560 111.7 700.3 84.9 836 59.1c128.3-24.4 261-49.7 427.9-55.7 64.8-2.3 138.5-3.2 212.4-3.2 219 0 440.7 7.6 443.7 7.7v1c-4-.1-399.6-13.7-656.1-4.5-166.9 6-299.5 31.2-427.7 55.7-135.8 25.9-276.1 52.6-454.5 55.1-6.7 0-13.7.1-20.8.1Z\"\/>\n<\/svg>\n\n<svg class=\"wave hidden-desktop\" viewBox=\"0 0 390 64\">\n\t<path d=\"M390,64v-32s-52-24-105.5-24S129.7,41.3,60,35C30,32.3,0,17.6,0,17.6v46.4h390Z\"\/>\n\t<path class=\"line\" class=\"cls-1\" d=\"M79,45.5c-29,0-49-5.2-60.7-9.5C5.6,31.3,0,26.7-.3,26.5l.6-.8c0,0,5.9,4.8,18.4,9.4,11.6,4.3,31.4,9.4,60.3,9.4s69.8-11.5,103.3-22.6C215.7,10.9,250.2-.5,284.9-.5h0c51.8,0,104.7,25.1,105.2,25.4l-.4.9c-.5-.3-53.2-25.2-104.8-25.3h0c-34.6,0-69,11.4-102.3,22.4-33.6,11.1-68.4,22.6-103.6,22.6Z\"\/>\n<\/svg>\t\t\t<\/div>\n\t\t\t<div class=\"block-wrapper\">\n\t\t\t\t<div class=\"container\">\n\t\t\t\t\t<div class=\"content-wrapper\">\n\t\t\t\t\t\t<div class=\"row row-main\">\n\t\t\t\t\t\t\t<div class=\"col-md-8 offset-md-2 col-content\">\n\t\t\t\t\t\t\t\t<div class=\"content\">\n\t\t\t\t\t\t\t\t\t<h2 class=\"title-2\">Tools\n<\/h2>\n\t\t\t\t\t\t\t\t\t\t\t\t\t\t\t\t\t<\/div>\n\t\t\t\t\t\t\t<\/div>\n\t\t\t\t\t\t<\/div>\n\t\t\t\t\t\t<div class=\"row row-cards\">\n\t\t\t\t\t\t\t\t\t\t\t\t\t\t\t\t\t\t\t\t\t<div class=\"col-md-4 col-sm-6\">\n\t\t\t\t\t\t\t\t<article class=\"course-card\">\n\t\t\t\t\t\t\t\t\t<div class=\"content\">\n\t\t\t\t\t\t\t\t\t\t<h3 class=\"title-4\">Guide d\u2019animation<\/h3>\t\t\t\t\t\t\t\t\t\t\t\t\t\t\t\t\t\t\t\t\t<div class=\"text\"><p><img decoding=\"async\" loading=\"lazy\" class=\"alignnone size-full wp-image-4038\" src=\"https:\/\/marievincent.agencearobas.ca\/wp-content\/uploads\/2025\/05\/Guide-danimation-projet-pile-ou-face-200x259-1.png\" alt=\"\" width=\"200\" height=\"259\" srcset=\"https:\/\/marie-vincent.org\/wp-content\/uploads\/2025\/05\/Guide-danimation-projet-pile-ou-face-200x259-1.png 200w, https:\/\/marie-vincent.org\/wp-content\/uploads\/2025\/05\/Guide-danimation-projet-pile-ou-face-200x259-1-80x104.png 80w, https:\/\/marie-vincent.org\/wp-content\/uploads\/2025\/05\/Guide-danimation-projet-pile-ou-face-200x259-1-186x241.png 186w\" sizes=\"auto, (max-width: 200px) 100vw, 200px\" \/><\/p>\n<p>Le guide d\u2019animation a pour objectif de soutenir les intervenant\u00b7e\u00b7s et les professionnel\u00b7le\u00b7s souhaitant implanter le projet Pile ou face aupr\u00e8s des jeunes \u00e0 risque. Il d\u00e9taille les diff\u00e9rentes activit\u00e9s \u00e0 animer aupr\u00e8s des jeunes, le d\u00e9roulement des rencontres et les conditions de r\u00e9ussite.<\/p>\n<\/div>\n\t\t\t\t\t\t\t\t\t\t\t\t\t\t\t\t\t\t\t<\/div>\n\t\t\t\t\t\t\t\t\t\t\t\t\t\t\t\t\t<\/article>\n\t\t\t\t\t\t\t<\/div>\n\t\t\t\t\t\t\t\t\t\t\t\t\t\t<div class=\"col-md-4 col-sm-6\">\n\t\t\t\t\t\t\t\t<article class=\"course-card\">\n\t\t\t\t\t\t\t\t\t<div class=\"content\">\n\t\t\t\t\t\t\t\t\t\t<h3 class=\"title-4\">Journal de bord<\/h3>\t\t\t\t\t\t\t\t\t\t\t\t\t\t\t\t\t\t\t\t\t<div class=\"text\"><p><img decoding=\"async\" loading=\"lazy\" class=\"alignnone size-full wp-image-4041\" src=\"https:\/\/marievincent.agencearobas.ca\/wp-content\/uploads\/2025\/05\/Journal-de-bord-Projet-Pile-ou-face-200x258-1.png\" alt=\"\" width=\"200\" height=\"258\" srcset=\"https:\/\/marie-vincent.org\/wp-content\/uploads\/2025\/05\/Journal-de-bord-Projet-Pile-ou-face-200x258-1.png 200w, https:\/\/marie-vincent.org\/wp-content\/uploads\/2025\/05\/Journal-de-bord-Projet-Pile-ou-face-200x258-1-80x103.png 80w, https:\/\/marie-vincent.org\/wp-content\/uploads\/2025\/05\/Journal-de-bord-Projet-Pile-ou-face-200x258-1-186x240.png 186w\" sizes=\"auto, (max-width: 200px) 100vw, 200px\" \/><\/p>\n<p>Le journal de bord a pour objectif d\u2019accompagner et d\u2019encourager les jeunes participant\u00b7e\u00b7s au projet Pile ou face dans leurs r\u00e9flexions. Il contient l\u2019ensemble des activit\u00e9s propos\u00e9es \u00e0 travers les 6 ateliers du projet.<\/p>\n<\/div>\n\t\t\t\t\t\t\t\t\t\t\t\t\t\t\t\t\t\t\t<\/div>\n\t\t\t\t\t\t\t\t\t\t\t\t\t\t\t\t\t<\/article>\n\t\t\t\t\t\t\t<\/div>\n\t\t\t\t\t\t\t\t\t\t\t\t\t\t<div class=\"col-md-4 col-sm-6\">\n\t\t\t\t\t\t\t\t<article class=\"course-card\">\n\t\t\t\t\t\t\t\t\t<div class=\"content\">\n\t\t\t\t\t\t\t\t\t\t<h3 class=\"title-4\">Court-m\u00e9trage Pile ou face<\/h3>\t\t\t\t\t\t\t\t\t\t\t\t\t\t\t\t\t\t\t\t\t<div class=\"text\"><p>Le court-m\u00e9trage sert de fil conducteur permettant d\u2019illustrer les diff\u00e9rentes th\u00e9matiques abord\u00e9es \u00e0 travers les 6 ateliers du projet. Divis\u00e9 en 3 \u00e9pisodes, on suit un groupe de 4 jeunes durant une soir\u00e9e. Ces jeunes \u00e9changent, se disputent, s\u2019affirment et se soutiennent.<\/p>\n<\/div>\n\t\t\t\t\t\t\t\t\t\t\t\t\t\t\t\t\t\t\t<\/div>\n\t\t\t\t\t\t\t\t\t\t\t\t\t\t\t\t\t<\/article>\n\t\t\t\t\t\t\t<\/div>\n\t\t\t\t\t\t\t\t\t\t\t\t\t\t<div class=\"col-md-4 col-sm-6\">\n\t\t\t\t\t\t\t\t<article class=\"course-card\">\n\t\t\t\t\t\t\t\t\t<div class=\"content\">\n\t\t\t\t\t\t\t\t\t\t<h3 class=\"title-4\">Jeu de cartes Mythe ou R\u00e9alit\u00e9<\/h3>\t\t\t\t\t\t\t\t\t\t\t\t\t\t\t\t\t\t\t\t\t<div class=\"text\"><p><img decoding=\"async\" loading=\"lazy\" class=\"alignnone size-full wp-image-4044\" src=\"https:\/\/marievincent.agencearobas.ca\/wp-content\/uploads\/2025\/05\/jeu-mythe-ou-realite-200x200-1.png\" alt=\"\" width=\"200\" height=\"200\" srcset=\"https:\/\/marie-vincent.org\/wp-content\/uploads\/2025\/05\/jeu-mythe-ou-realite-200x200-1.png 200w, https:\/\/marie-vincent.org\/wp-content\/uploads\/2025\/05\/jeu-mythe-ou-realite-200x200-1-150x150.png 150w, https:\/\/marie-vincent.org\/wp-content\/uploads\/2025\/05\/jeu-mythe-ou-realite-200x200-1-80x80.png 80w, https:\/\/marie-vincent.org\/wp-content\/uploads\/2025\/05\/jeu-mythe-ou-realite-200x200-1-186x186.png 186w\" sizes=\"auto, (max-width: 200px) 100vw, 200px\" \/><\/p>\n<p>Mythe ou R\u00e9alit\u00e9 est un jeu de 17 cartes-\u00e9nonc\u00e9s visant \u00e0 accro\u00eetre la connaissance des intervenant\u00b7e\u00b7s et des jeunes sur l&#8217;exploitation sexuelle et la traite de personnes.<\/p>\n<\/div>\n\t\t\t\t\t\t\t\t\t\t\t\t\t\t\t\t\t\t\t<\/div>\n\t\t\t\t\t\t\t\t\t\t\t\t\t\t\t\t\t\t\t<div class=\"btns\">\n\t\t\t\t\t\t\t\t\t\t\t\t\t\t\t\t\t\t\t\t\t\t\t\t\t\t<a href=\"https:\/\/pileouface.marie-vincent.org\/\"\n\t\t\t\tclass=\"button button-primary\"\n\t\t\t\t target=\"_blank\" rel=\"noopener\" >\n\t\t\t\t\t\t\t\t\t<span class=\"text\">Jouer<\/span>\t\t\t\t\t\t\t<\/a>\n\t\t\t\t\t\t\t\t\t\t\t\t\t\t\t\t\t\t\t\t\t\t\t<\/div>\n\t\t\t\t\t\t\t\t\t\t\t\t\t\t\t\t\t<\/article>\n\t\t\t\t\t\t\t<\/div>\n\t\t\t\t\t\t\t\t\t\t\t\t\t\t<div class=\"col-md-4 col-sm-6\">\n\t\t\t\t\t\t\t\t<article class=\"course-card\">\n\t\t\t\t\t\t\t\t\t<div class=\"content\">\n\t\t\t\t\t\t\t\t\t\t<h3 class=\"title-4\">Autocollants avec code QR<\/h3>\t\t\t\t\t\t\t\t\t\t\t\t\t\t\t\t\t\t\t\t\t<div class=\"text\"><p>Permet un acc\u00e8s rapide et facile aux ressources disponibles pour les jeunes et pour les intervenant\u00b7e\u00b7s.<\/p>\n<\/div>\n\t\t\t\t\t\t\t\t\t\t\t\t\t\t\t\t\t\t\t<\/div>\n\t\t\t\t\t\t\t\t\t\t\t\t\t\t\t\t\t<\/article>\n\t\t\t\t\t\t\t<\/div>\n\t\t\t\t\t\t\t\t\t\t\t\t\t\t<div class=\"col-md-4 col-sm-6\">\n\t\t\t\t\t\t\t\t<article class=\"course-card\">\n\t\t\t\t\t\t\t\t\t<div class=\"content\">\n\t\t\t\t\t\t\t\t\t\t<h3 class=\"title-4\">Fiche p\u00e9dagogique &#8211; jeu de cartes Mythe ou R\u00e9alit\u00e9<\/h3>\t\t\t\t\t\t\t\t\t\t\t\t\t\t\t\t\t\t\t\t\t<div class=\"text\"><p>Cette fiche peut \u00eatre utilis\u00e9e par tout le personnel du milieu scolaire d\u00e9sirant animer une activit\u00e9 de pr\u00e9vention de l\u2019exploitation sexuelle et de traite de personnes aupr\u00e8s d\u2019\u00e9l\u00e8ves au secondaire. Il est possible de r\u00e9aliser le jeu de carte Mythe ou R\u00e9alit\u00e9 de plusieurs fa\u00e7ons, selon le contexte ou le type d\u2019intervention d\u00e9sir\u00e9e. La fiche pr\u00e9sente les diff\u00e9rentes modalit\u00e9s possibles, avec la version papier ou \u00e9lectronique, ainsi que l\u2019animation aupr\u00e8s des jeunes, soit en grand groupe, en sous-groupe, ou en individuel.<\/p>\n<\/div>\n\t\t\t\t\t\t\t\t\t\t\t\t\t\t\t\t\t\t\t<\/div>\n\t\t\t\t\t\t\t\t\t\t\t\t\t\t\t\t\t<\/article>\n\t\t\t\t\t\t\t<\/div>\n\t\t\t\t\t\t\t\t\t\t\t\t\t\t<div class=\"col-md-4 col-sm-6\">\n\t\t\t\t\t\t\t\t<article class=\"course-card\">\n\t\t\t\t\t\t\t\t\t<div class=\"content\">\n\t\t\t\t\t\t\t\t\t\t<h3 class=\"title-4\">Grille d&#8217;observation des facteurs de vuln\u00e9rabilit\u00e9 ou des situations \u00e0 risque chez les jeunes<\/h3>\t\t\t\t\t\t\t\t\t\t\t\t\t\t\t\t\t\t\t\t\t<div class=\"text\"><p>La grille d\u2019observation peut \u00eatre utilis\u00e9e par le personnel scolaire afin d\u2019observer si un jeune est \u00e0 risque de se trouver en situation d\u2019exploitation sexuelle ou de traite de personnes.<\/p>\n<\/div>\n\t\t\t\t\t\t\t\t\t\t\t\t\t\t\t\t\t\t\t<\/div>\n\t\t\t\t\t\t\t\t\t\t\t\t\t\t\t\t\t<\/article>\n\t\t\t\t\t\t\t<\/div>\n\t\t\t\t\t\t\t\t\t\t\t\t\t\t<div class=\"col-md-4 col-sm-6\">\n\t\t\t\t\t\t\t\t<article class=\"course-card\">\n\t\t\t\t\t\t\t\t\t<div class=\"content\">\n\t\t\t\t\t\t\t\t\t\t<h3 class=\"title-4\">Discover Our Prevention Tools<\/h3>\t\t\t\t\t\t\t\t\t\t\t\t\t\t\t\t\t\t\t<\/div>\n\t\t\t\t\t\t\t\t\t\t\t\t\t\t\t\t\t\t\t<div class=\"btns\">\n\t\t\t\t\t\t\t\t\t\t\t\t\t\t\t\t\t\t\t\t\t\t\t\t\t\t<a href=\"\/en\/toolkit\/\"\n\t\t\t\tclass=\"button button-primary\"\n\t\t\t\t >\n\t\t\t\t\t\t\t\t\t<span class=\"text\">Discover<\/span>\t\t\t\t\t\t\t<\/a>\n\t\t\t\t\t\t\t\t\t\t\t\t\t\t\t\t\t\t\t\t\t\t\t<\/div>\n\t\t\t\t\t\t\t\t\t\t\t\t\t\t\t\t\t<\/article>\n\t\t\t\t\t\t\t<\/div>\n\t\t\t\t\t\t\t\t\t\t\t\t\t<\/div>\n\t\t\t\t\t<\/div>\n\t\t\t\t<\/div>\n\t\t\t<\/div>\n\t\t<\/section>\n\t","protected":false},"excerpt":{"rendered":"","protected":false},"author":5,"featured_media":0,"parent":6689,"menu_order":14,"comment_status":"closed","ping_status":"closed","template":"","meta":{"_acf_changed":false,"footnotes":""},"class_list":["post-6741","page","type-page","status-publish","hentry"],"acf":[],"_links":{"self":[{"href":"https:\/\/marie-vincent.org\/en\/wp-json\/wp\/v2\/pages\/6741","targetHints":{"allow":["GET"]}}],"collection":[{"href":"https:\/\/marie-vincent.org\/en\/wp-json\/wp\/v2\/pages"}],"about":[{"href":"https:\/\/marie-vincent.org\/en\/wp-json\/wp\/v2\/types\/page"}],"author":[{"embeddable":true,"href":"https:\/\/marie-vincent.org\/en\/wp-json\/wp\/v2\/users\/5"}],"replies":[{"embeddable":true,"href":"https:\/\/marie-vincent.org\/en\/wp-json\/wp\/v2\/comments?post=6741"}],"version-history":[{"count":3,"href":"https:\/\/marie-vincent.org\/en\/wp-json\/wp\/v2\/pages\/6741\/revisions"}],"predecessor-version":[{"id":6946,"href":"https:\/\/marie-vincent.org\/en\/wp-json\/wp\/v2\/pages\/6741\/revisions\/6946"}],"up":[{"embeddable":true,"href":"https:\/\/marie-vincent.org\/en\/wp-json\/wp\/v2\/pages\/6689"}],"wp:attachment":[{"href":"https:\/\/marie-vincent.org\/en\/wp-json\/wp\/v2\/media?parent=6741"}],"curies":[{"name":"wp","href":"https:\/\/api.w.org\/{rel}","templated":true}]}}