{"id":6729,"date":"2025-02-07T10:46:03","date_gmt":"2025-02-07T15:46:03","guid":{"rendered":"https:\/\/marie-vincent.org\/services-for-children\/enfants-victimes-de-violence-sexuelle\/"},"modified":"2026-03-09T10:58:40","modified_gmt":"2026-03-09T14:58:40","slug":"victims-sexual-violence","status":"publish","type":"page","link":"https:\/\/marie-vincent.org\/en\/get-help\/services-for-children\/victims-sexual-violence\/","title":{"rendered":"Child Victims of Sexual Violence"},"content":{"rendered":"\t\t<header class=\"header-primary-a section-block with-background orange-theme\" data-scroll-section>\n\t\t\t<div class=\"container container-main\">\n\t\t\t\t<div class=\"row\">\n\t\t\t\t\t<div class=\"col-md-10 offset-md-1\">\n\t\t\t\t\t\t<div class=\"content\">\n\t\t\t\t\t\t\t<h1 class=\"title-1\">Child Victims of Sexual Violence\n<\/h1>\t\t\t\t\t\t\t\t\t\t\t\t\t<\/div>\n\t\t\t\t\t<\/div>\n\t\t\t\t<\/div>\n\t\t\t<\/div>\n\t\t\t\t\t<\/header>\n\t\n\n\t\t<section class=\"text-standard section-block with-background beige-theme\" data-scroll-section>\n\t\t\t<div class=\"container\">\n\t\t\t\t<div class=\"row row-main\">\n\t\t\t\t\t<div class=\"col-12 col-content\">\n\t\t\t\t\t\t<div class=\"content\">\n\t\t\t\t\t\t\t\t\t\t\t\t\t\t\n\t\t\t\t\t\t\t<div class=\"text\">\n\t\t\t\t\t\t\t\t<p>At Marie-Vincent, children and adolescents aged 0 to 17 who have been victims of sexual violence receive specialized services tailored to their needs.<\/p>\n<p>These services are centralized under one roof and provided by a team of qualified professionals who make up our clinical team in collaboration with our police, medical, and socio-judicial partners.<\/p>\n<p>If a child or adolescent discloses sexual assault, consult the page:<\/p>\n\t\t\t\t\t\t\t<\/div>\n\n\t\t\t\t\t\t\t\t\t\t\t\t\t\t\t<div class=\"btns\">\n\t\t\t\t\t\t\t\t\t\t\t\t\t\t\t\t\t\t\t\t\t\t<a href=\"\/en\/understand\/how-respond-suspicions-disclosures\/\"\n\t\t\t\tclass=\"button button-primary\"\n\t\t\t\t >\n\t\t\t\t\t\t\t\t\t<span class=\"text\">How to React in Case of Doubt or Disclosure<\/span><i class=\"icon icon-question\" aria-hidden=\"true\"><\/i>\t\t\t\t\t\t\t<\/a>\n\t\t\t\t\t\t\t\t\t\t\t\t\t\t\t\t\t\t\t<\/div>\n\t\t\t\t\t\t\t\t\t\t\t\t\t<\/div>\n\t\t\t\t\t<\/div>\n\t\t\t\t<\/div>\n\t\t\t<\/div>\n\t\t<\/section>\n\t\n\n\t\t<section class=\"text-standard section-block with-background purple-theme\" data-scroll-section>\n\t\t\t<div class=\"container\">\n\t\t\t\t<div class=\"row row-main\">\n\t\t\t\t\t<div class=\"col-12 col-content\">\n\t\t\t\t\t\t<div class=\"content\">\n\t\t\t\t\t\t\t<h2 class=\"title title-2\">What Is Sexual Violence?\n<\/h2>\t\t\t\t\t\t\t\n\t\t\t\t\t\t\t<div class=\"text\">\n\t\t\t\t\t\t\t\t<p>Sexual violence encompasses all forms of physical or psychological violence that are sexual in nature.<\/p>\n<p>It can take various forms, including:<\/p>\n<ul>\n<li>sexual assault with or without physical contact;<\/li>\n<li>sexual exploitation;<\/li>\n<li>online sexual violence;<\/li>\n<li>child luring;<\/li>\n<li>female genital mutilation;<\/li>\n<li>child prostitution or pimping.<\/li>\n<\/ul>\n<p>Research shows that children who are victims of sexual assault exhibit more post-traumatic stress, dissociation, internalized disorders (anxiety, depression) and externalized disorders (anger, aggression), as well as emotional, academic, and relational difficulties. They also have an increased risk of impaired executive functions.<\/p>\n<p>During adolescence, externalized behaviours are more commonly observed, along with increased suicidal ideation and greater vulnerability to violence in romantic relationships. Persistent feelings of shame, guilt, and helplessness may also continue.<\/p>\n<p><small class=\"\">Reference: H\u00e9bert, M., Robichaud, M., Am\u00e9d\u00e9e, L. M. &#038; Smith, K. (2020). Assessment Toolkit for Child and Adolescent Victims of Sexual Assault. Marie-Vincent Interuniversity Research Chair on Sexual Abuse of Children, Universit\u00e9 du Qu\u00e9bec \u00e0 Montr\u00e9al.<\/small><\/p>\n\t\t\t\t\t\t\t<\/div>\n\n\t\t\t\t\t\t\t\t\t\t\t\t\t\t\t<div class=\"btns\">\n\t\t\t\t\t\t\t\t\t\t\t\t\t\t\t\t\t\t\t\t\t\t<a href=\"\/en\/understand\/key-facts-sexual-violence\/\"\n\t\t\t\tclass=\"button button-tertiary\"\n\t\t\t\t >\n\t\t\t\t\t\t\t\t\t<span class=\"text\">Learn more about sexual violence<\/span><i class=\"icon icon-arrow-right\" aria-hidden=\"true\"><\/i>\t\t\t\t\t\t\t<\/a>\n\t\t\t\t\t\t\t\t\t\t\t\t\t\t\t\t\t\t\t<\/div>\n\t\t\t\t\t\t\t\t\t\t\t\t\t<\/div>\n\t\t\t\t\t<\/div>\n\t\t\t\t<\/div>\n\t\t\t<\/div>\n\t\t<\/section>\n\t\n\n\t\t<section class=\"text-standard section-block with-background cream-theme\" data-scroll-section>\n\t\t\t<div class=\"container\">\n\t\t\t\t<div class=\"row row-main\">\n\t\t\t\t\t<div class=\"col-12 col-content\">\n\t\t\t\t\t\t<div class=\"content\">\n\t\t\t\t\t\t\t<h2 class=\"title title-2\">How to Access Marie-Vincent&#8217;s Services\n<\/h2>\t\t\t\t\t\t\t\n\t\t\t\t\t\t\t<div class=\"text\">\n\t\t\t\t\t\t\t\t<p>To find out who can be referred to our services and how to proceed, consult the section:<\/p>\n\t\t\t\t\t\t\t<\/div>\n\n\t\t\t\t\t\t\t\t\t\t\t\t\t\t\t<div class=\"btns\">\n\t\t\t\t\t\t\t\t\t\t\t\t\t\t\t\t\t\t\t\t\t\t<a href=\"\/en\/get-help\/how-access-services\/\"\n\t\t\t\tclass=\"button button-primary\"\n\t\t\t\t >\n\t\t\t\t\t\t\t\t\t<span class=\"text\">How to Access Our Services<\/span><i class=\"icon icon-question\" aria-hidden=\"true\"><\/i>\t\t\t\t\t\t\t<\/a>\n\t\t\t\t\t\t\t\t\t\t\t\t\t\t\t\t\t\t\t<\/div>\n\t\t\t\t\t\t\t\t\t\t\t\t\t<\/div>\n\t\t\t\t\t<\/div>\n\t\t\t\t<\/div>\n\t\t\t<\/div>\n\t\t<\/section>\n\t\n\n\t\t<section class=\"text-standard section-block with-background beige-theme\" data-scroll-section>\n\t\t\t<div class=\"container\">\n\t\t\t\t<div class=\"row row-main\">\n\t\t\t\t\t<div class=\"col-12 col-content\">\n\t\t\t\t\t\t<div class=\"content\">\n\t\t\t\t\t\t\t<h2 class=\"title title-2\">Services Provided to Child Victims of Sexual Violence\n<\/h2>\t\t\t\t\t\t\t\n\t\t\t\t\t\t\t<div class=\"text\">\n\t\t\t\t\t\t\t\t<p>Marie-Vincent offers a specialized intervention program based on a cognitive-behavioural approach. Interventions can be provided individually or in groups, depending on the child&#8217;s needs.<\/p>\n<p><strong>This support promotes:<\/strong><\/p>\n<ul>\n<li>expression and understanding of emotions;<\/li>\n<li>emotional regulation;<\/li>\n<li>expression of experiences related to sexual assault;<\/li>\n<li>identification and modification of erroneous beliefs about sexuality;<\/li>\n<li>acquisition of knowledge about sexual assault and sex education;<\/li>\n<li>development of assertiveness and self-protection;<\/li>\n<li>improvement of communication skills.<\/li>\n<\/ul>\n<p>&nbsp;<\/p>\n<p><strong>After support, children generally exhibit:<\/strong><\/p>\n<ul>\n<li>better self-esteem;<\/li>\n<li>reduced anxiety and depressive symptoms;<\/li>\n<li>reduced avoidance strategies;<\/li>\n<li>reduced post-traumatic stress;<\/li>\n<li>reduced feelings of guilt;<\/li>\n<li>reduced dissociative symptoms.<\/li>\n<\/ul>\n<p><small class=\"\">Source: Marie-Vincent Interuniversity Research Chair on Sexual Abuse of Children<\/small><\/p>\n\t\t\t\t\t\t\t<\/div>\n\n\t\t\t\t\t\t\t\t\t\t\t\t\t<\/div>\n\t\t\t\t\t<\/div>\n\t\t\t\t<\/div>\n\t\t\t<\/div>\n\t\t<\/section>\n\t\n\n\t\t<section class=\"video-block section-block with-background cream-theme\" data-scroll-section>\n\t\t\t<div class=\"container\">\n\t\t\t\t<div class=\"row row-video\">\n\t\t\t\t\t<div class=\"col-12 background\">\n\t\t\t\t\t\t\t\t\t\t\t\t\t<img decoding=\"async\" loading=\"lazy\" width=\"1840\" height=\"1035\" src=\"https:\/\/marie-vincent.org\/wp-content\/uploads\/2025\/12\/histoire-amelie-et-sa-maman-video.jpg\" class=\"image\" alt=\"\" sizes=\"auto\" srcset=\"https:\/\/marie-vincent.org\/wp-content\/uploads\/2025\/12\/histoire-amelie-et-sa-maman-video.jpg 1840w, https:\/\/marie-vincent.org\/wp-content\/uploads\/2025\/12\/histoire-amelie-et-sa-maman-video-300x169.jpg 300w, https:\/\/marie-vincent.org\/wp-content\/uploads\/2025\/12\/histoire-amelie-et-sa-maman-video-1024x576.jpg 1024w, https:\/\/marie-vincent.org\/wp-content\/uploads\/2025\/12\/histoire-amelie-et-sa-maman-video-768x432.jpg 768w, https:\/\/marie-vincent.org\/wp-content\/uploads\/2025\/12\/histoire-amelie-et-sa-maman-video-1536x864.jpg 1536w, https:\/\/marie-vincent.org\/wp-content\/uploads\/2025\/12\/histoire-amelie-et-sa-maman-video-80x45.jpg 80w, https:\/\/marie-vincent.org\/wp-content\/uploads\/2025\/12\/histoire-amelie-et-sa-maman-video-186x105.jpg 186w, https:\/\/marie-vincent.org\/wp-content\/uploads\/2025\/12\/histoire-amelie-et-sa-maman-video-206x116.jpg 206w, https:\/\/marie-vincent.org\/wp-content\/uploads\/2025\/12\/histoire-amelie-et-sa-maman-video-238x134.jpg 238w, https:\/\/marie-vincent.org\/wp-content\/uploads\/2025\/12\/histoire-amelie-et-sa-maman-video-275x155.jpg 275w, https:\/\/marie-vincent.org\/wp-content\/uploads\/2025\/12\/histoire-amelie-et-sa-maman-video-428x241.jpg 428w, https:\/\/marie-vincent.org\/wp-content\/uploads\/2025\/12\/histoire-amelie-et-sa-maman-video-550x309.jpg 550w, https:\/\/marie-vincent.org\/wp-content\/uploads\/2025\/12\/histoire-amelie-et-sa-maman-video-580x326.jpg 580w, https:\/\/marie-vincent.org\/wp-content\/uploads\/2025\/12\/histoire-amelie-et-sa-maman-video-780x439.jpg 780w, https:\/\/marie-vincent.org\/wp-content\/uploads\/2025\/12\/histoire-amelie-et-sa-maman-video-885x498.jpg 885w, https:\/\/marie-vincent.org\/wp-content\/uploads\/2025\/12\/histoire-amelie-et-sa-maman-video-900x506.jpg 900w, https:\/\/marie-vincent.org\/wp-content\/uploads\/2025\/12\/histoire-amelie-et-sa-maman-video-960x540.jpg 960w, https:\/\/marie-vincent.org\/wp-content\/uploads\/2025\/12\/histoire-amelie-et-sa-maman-video-1160x653.jpg 1160w, https:\/\/marie-vincent.org\/wp-content\/uploads\/2025\/12\/histoire-amelie-et-sa-maman-video-1280x720.jpg 1280w, https:\/\/marie-vincent.org\/wp-content\/uploads\/2025\/12\/histoire-amelie-et-sa-maman-video-1366x768.jpg 1366w, https:\/\/marie-vincent.org\/wp-content\/uploads\/2025\/12\/histoire-amelie-et-sa-maman-video-1440x810.jpg 1440w, https:\/\/marie-vincent.org\/wp-content\/uploads\/2025\/12\/histoire-amelie-et-sa-maman-video-1600x900.jpg 1600w\" \/>\t\t\t\t\t\t\n\t\t\t\t\t\t\t\t\t\t\t\t\t<div class=\"btns\">\n\t\t\t\t\t\t\t\t\t\t\t<button class=\"button button-icon\" aria-label=\"video_block.video_button_label\" data-video-overlay-trigger=\"videoDialog69f775f30af5e\" data-video-url=\"https:\/\/www.youtube.com\/watch?v=QpiBGzOrrOo\">\n\t\t\t\t\t\t\t\t\t<i class=\"icon icon-play\" aria-hidden=\"true\"><\/i>\t\t\t\t\t\t\t<\/button>\n\t\t\t\t\t\t\t\t\t<\/div>\n\t\t\t\t\t\t\t\t\t\t\t<\/div>\n\t\t\t\t<\/div>\n\n\t\t\t\t<div class=\"row row-main\">\n\t\t\t\t\t<div class=\"col-md-12 col-content\">\n\t\t\t\t\t\t<div class=\"content\">\n\t\t\t\t\t\t\t<h2 class=\"title-2\">Testimony of Hope<\/h2>\n\t\t\t\t\t\t\t<div class=\"text\">\n\t\t\t\t\t\t\t\t<p>See the support provided by Marie-Vincent through the testimony of Am\u00e9lie and her mother.<\/p>\n\t\t\t\t\t\t\t<\/div>\n\n\t\t\t\t\t\t\t\t\t\t\t\t\t<\/div>\n\t\t\t\t\t<\/div>\n\t\t\t\t<\/div>\n\t\t\t<\/div>\n\n\t\t\t\n\n\t<dialog class=\"dialog dialog-hero-video\" id=\"videoDialog69f775f30af5e\" data-video-overlay inert>\n\t\t<div class=\"dialog-wrapper\">\n\t\t\t<div class=\"dialog-content\" data-dialog-content>\n\t\t\t\t\t\t\t\t\t\t\t\t\t<button type=\"button\" class=\"button dialog-close\" data-dialog-close>\n\t\t\t\t\t\t<i class=\"icon icon-close\" aria-hidden=\"true\"><\/i>\n\t\t\t\t\t\t<span class=\"sr-only\">dialog.close.text<\/span>\n\t\t\t\t\t<\/button>\n\t\t\t\t\t\t\t\t\t\t\t\n\t\t\t\t<!-- If necessary, this section is used for extra content that you want outside of the overflow-y on .dialog-content -->\n\t\t\t\t\t\t\t\t\t<div class=\"extra-content\"><div class=\"video-player\" data-video-player>\n\t<iframe class=\"video-player-iframe\" data-video-player-iframe title=\"video_player.iframe.title\" data-video-autoplay allow=\"accelerometer; fullscreen; clipboard-write; encrypted-media; gyroscope; picture-in-picture; web-share; autoplay\" loading=\"lazy\"><\/iframe>\n<\/div><\/div>\n\t\t\t\t\t\t\t<\/div>\n\t\t\t\t\t<\/div>\n\t<\/dialog>\n\t\t<\/section>\n\t\n\n\t\t<section class=\"featured-tools section-block with-background purple-theme\" data-scroll-section data-featured-tools>\n\t\t<div class=\"wave-ctn\">\n\t\t\t\t<svg class=\"wave hidden-mobile\" viewBox=\"0 0 1920 120\">\n\t<path d=\"M1920 120V41.4S1524.8 4.8 1265.2 2C919.9-1.6 724.1 96.1 378.9 83.8 230.4 78.6 0 41.4 0 41.4V120h1920Z\" \/>\n\t<path class=\"line\" d=\"M360.9 115.4C214 115.4 2.2 95.6 0 95.4v-1c2.4.2 235 21.9 381.7 19.8C560 111.7 700.3 84.9 836 59.1c128.3-24.4 261-49.7 427.9-55.7 64.8-2.3 138.5-3.2 212.4-3.2 219 0 440.7 7.6 443.7 7.7v1c-4-.1-399.6-13.7-656.1-4.5-166.9 6-299.5 31.2-427.7 55.7-135.8 25.9-276.1 52.6-454.5 55.1-6.7 0-13.7.1-20.8.1Z\"\/>\n<\/svg>\n\n<svg class=\"wave hidden-desktop\" viewBox=\"0 0 390 64\">\n\t<path d=\"M390,64v-32s-52-24-105.5-24S129.7,41.3,60,35C30,32.3,0,17.6,0,17.6v46.4h390Z\"\/>\n\t<path class=\"line\" class=\"cls-1\" d=\"M79,45.5c-29,0-49-5.2-60.7-9.5C5.6,31.3,0,26.7-.3,26.5l.6-.8c0,0,5.9,4.8,18.4,9.4,11.6,4.3,31.4,9.4,60.3,9.4s69.8-11.5,103.3-22.6C215.7,10.9,250.2-.5,284.9-.5h0c51.8,0,104.7,25.1,105.2,25.4l-.4.9c-.5-.3-53.2-25.2-104.8-25.3h0c-34.6,0-69,11.4-102.3,22.4-33.6,11.1-68.4,22.6-103.6,22.6Z\"\/>\n<\/svg>\t\t\t<\/div>\n\t\t\t<div class=\"featured-tools-wrapper\">\n\t\t\t\t<div class=\"container\">\n\t\t\t\t\t<div class=\"content-wrapper\">\n\t\t\t\t\t\t<div class=\"row row-title\">\n\t\t\t\t\t\t\t<div class=\"col-md-12 section-title\">\n\t\t\t\t\t\t\t\t\t\t\t\t\t\t\t\t\t<h2 class=\"title title-2\">Tools for Parents and Children<\/h2>\t\t\t\t\t\t\t\t\n\t\t\t\t\t\t\t\t\t\t\t\t\t\t\t\t\t<div class=\"text\">Marie-Vincent provides numerous tools to support both children and their parents.<\/div>\n\t\t\t\t\t\t\t\t\t\t\t\t\t\t\t<\/div>\n\t\t\t\t\t\t<\/div>\n\t\t\t\t\t\t<div class=\"row main-row\">\n\t\t\t\t\t\t\t<div class=\"col-md-12\">\n\t\t\t\t\t\t\t\t<div class=\"featured-tools-slider splide\" data-featured-tools-slider>\n\t\t\t\t\t\t\t\t\t<div class=\"splide__track splide-track\">\n\t\t\t\t\t\t\t\t\t\t<div class=\"splide__list\">\n\t\t\t\t\t\t\t\t\t\t\t\t\t\t\t\t\t\t\t\t\t\t\t\n\t\t\t\t\t\t\t\t\t\t\t\t<div class=\"splide__slide splide-slide\">\n\t\t\t\t\t\t\t\t\t\t\t\t\t\n<article class=\"listing-card tool-card\" aria-labelledby=\"tool-card-title-3843\">\n\t<a class=\"link-overlay\"\n\t\thref=\"https:\/\/marie-vincent.org\/wp-content\/uploads\/2025\/04\/Affiche-11-x-17-parties-du-corps-pour-impression-VF.pdf\"\n\t\ttarget=\"_blank\"\n\t><\/a>\n\n\t<div class=\"image-container\">\n\t\t\t\t\t<img decoding=\"async\" loading=\"lazy\" width=\"750\" height=\"375\" src=\"https:\/\/marie-vincent.org\/wp-content\/uploads\/2025\/04\/affiche-les-parties-de-mon-corps-outil-image-1.jpg\" class=\"image wp-post-image\" alt=\"\" srcset=\"https:\/\/marie-vincent.org\/wp-content\/uploads\/2025\/04\/affiche-les-parties-de-mon-corps-outil-image-1.jpg 750w, https:\/\/marie-vincent.org\/wp-content\/uploads\/2025\/04\/affiche-les-parties-de-mon-corps-outil-image-1-300x150.jpg 300w, https:\/\/marie-vincent.org\/wp-content\/uploads\/2025\/04\/affiche-les-parties-de-mon-corps-outil-image-1-80x40.jpg 80w, https:\/\/marie-vincent.org\/wp-content\/uploads\/2025\/04\/affiche-les-parties-de-mon-corps-outil-image-1-186x93.jpg 186w, https:\/\/marie-vincent.org\/wp-content\/uploads\/2025\/04\/affiche-les-parties-de-mon-corps-outil-image-1-206x103.jpg 206w, https:\/\/marie-vincent.org\/wp-content\/uploads\/2025\/04\/affiche-les-parties-de-mon-corps-outil-image-1-238x119.jpg 238w, https:\/\/marie-vincent.org\/wp-content\/uploads\/2025\/04\/affiche-les-parties-de-mon-corps-outil-image-1-275x138.jpg 275w, https:\/\/marie-vincent.org\/wp-content\/uploads\/2025\/04\/affiche-les-parties-de-mon-corps-outil-image-1-428x214.jpg 428w, https:\/\/marie-vincent.org\/wp-content\/uploads\/2025\/04\/affiche-les-parties-de-mon-corps-outil-image-1-550x275.jpg 550w, https:\/\/marie-vincent.org\/wp-content\/uploads\/2025\/04\/affiche-les-parties-de-mon-corps-outil-image-1-580x290.jpg 580w\" sizes=\"auto, (max-width: 750px) 100vw, 750px\" \/>\t\t\t<\/div>\n\t<div class=\"content\">\n\t\t<div class=\"upper\">\n\t\t\t\t\t\t\t<p class=\"category upper-title\">\n\t\t\t\t\t\t\t\t\t\t\t<i class=\"icon-document\" aria-hidden=\"true\"><\/i>\n\t\t\t\t\t\t\t\t\t\tFact Sheet\t\t\t\t<\/p>\n\t\t\t\t\t\t<h3 class=\"title title-4\" id=\"tool-card-title-3843\">Affiche Les parties de mon corps<\/h3>\t\t\t<div class=\"description\"><\/div>\n\t\t<\/div>\n\t\t<div class=\"footer\">\n\t\t\t\t\t\t\t<a href=\"https:\/\/marie-vincent.org\/wp-content\/uploads\/2025\/04\/Affiche-11-x-17-parties-du-corps-pour-impression-VF.pdf\" class=\"cta\" target=\"_blank\">\n\t\t\t\t\tDownload\t\t\t\t<\/a>\n\t\t\t\t\t\t\t\t<\/div>\n\t<\/div>\n<\/article>\n\t\t\t\t\t\t\t\t\t\t\t\t<\/div>\n\t\t\t\t\t\t\t\t\t\t\t\t\t\t\t\t\t\t\t\t\t\t\t\n\t\t\t\t\t\t\t\t\t\t\t\t<div class=\"splide__slide splide-slide\">\n\t\t\t\t\t\t\t\t\t\t\t\t\t\n<article class=\"listing-card tool-card\" aria-labelledby=\"tool-card-title-3800\">\n\t<a class=\"link-overlay\"\n\t\thref=\"https:\/\/marie-vincent.org\/wp-content\/uploads\/2025\/03\/Cahier-parent-enfant-web-v7.pdf\"\n\t\ttarget=\"_blank\"\n\t><\/a>\n\n\t<div class=\"image-container\">\n\t\t\t\t\t<img decoding=\"async\" loading=\"lazy\" width=\"750\" height=\"375\" src=\"https:\/\/marie-vincent.org\/wp-content\/uploads\/2025\/04\/cahier-parent-enfant-lanterne-outil-image.jpg\" class=\"image wp-post-image\" alt=\"\" srcset=\"https:\/\/marie-vincent.org\/wp-content\/uploads\/2025\/04\/cahier-parent-enfant-lanterne-outil-image.jpg 750w, https:\/\/marie-vincent.org\/wp-content\/uploads\/2025\/04\/cahier-parent-enfant-lanterne-outil-image-300x150.jpg 300w, https:\/\/marie-vincent.org\/wp-content\/uploads\/2025\/04\/cahier-parent-enfant-lanterne-outil-image-80x40.jpg 80w, https:\/\/marie-vincent.org\/wp-content\/uploads\/2025\/04\/cahier-parent-enfant-lanterne-outil-image-186x93.jpg 186w, https:\/\/marie-vincent.org\/wp-content\/uploads\/2025\/04\/cahier-parent-enfant-lanterne-outil-image-206x103.jpg 206w, https:\/\/marie-vincent.org\/wp-content\/uploads\/2025\/04\/cahier-parent-enfant-lanterne-outil-image-238x119.jpg 238w, https:\/\/marie-vincent.org\/wp-content\/uploads\/2025\/04\/cahier-parent-enfant-lanterne-outil-image-275x138.jpg 275w, https:\/\/marie-vincent.org\/wp-content\/uploads\/2025\/04\/cahier-parent-enfant-lanterne-outil-image-428x214.jpg 428w, https:\/\/marie-vincent.org\/wp-content\/uploads\/2025\/04\/cahier-parent-enfant-lanterne-outil-image-550x275.jpg 550w, https:\/\/marie-vincent.org\/wp-content\/uploads\/2025\/04\/cahier-parent-enfant-lanterne-outil-image-580x290.jpg 580w\" sizes=\"auto, (max-width: 750px) 100vw, 750px\" \/>\t\t\t<\/div>\n\t<div class=\"content\">\n\t\t<div class=\"upper\">\n\t\t\t\t\t\t\t<p class=\"category upper-title\">\n\t\t\t\t\t\t\t\t\t\t\t<i class=\"icon-document\" aria-hidden=\"true\"><\/i>\n\t\t\t\t\t\t\t\t\t\tGuide\t\t\t\t<\/p>\n\t\t\t\t\t\t<h3 class=\"title title-4\" id=\"tool-card-title-3800\">Cahier parent-enfant<\/h3>\t\t\t<div class=\"description\"><p>Ce cahier offre des contenus adapt\u00e9s au d\u00e9veloppement des tout-petits pour faciliter la communication sur divers sujets li\u00e9s \u00e0 l\u2019\u00e9ducation \u00e0 la sexualit\u00e9. Cet outil offre ainsi la possibilit\u00e9 de se positionner comme adulte de confiance en r\u00e9pondant aux questions d\u2019un\u2219e jeune enfant et du m\u00eame coup de pr\u00e9venir la violence sexuelle.<\/p>\n<\/div>\n\t\t<\/div>\n\t\t<div class=\"footer\">\n\t\t\t\t\t\t\t<a href=\"https:\/\/marie-vincent.org\/wp-content\/uploads\/2025\/03\/Cahier-parent-enfant-web-v7.pdf\" class=\"cta\" target=\"_blank\">\n\t\t\t\t\tDownload\t\t\t\t<\/a>\n\t\t\t\t\t\t\t\t<\/div>\n\t<\/div>\n<\/article>\n\t\t\t\t\t\t\t\t\t\t\t\t<\/div>\n\t\t\t\t\t\t\t\t\t\t\t\t\t\t\t\t\t\t\t\t\t\t\t\n\t\t\t\t\t\t\t\t\t\t\t\t<div class=\"splide__slide splide-slide\">\n\t\t\t\t\t\t\t\t\t\t\t\t\t\n<article class=\"listing-card tool-card\" aria-labelledby=\"tool-card-title-3294\">\n\t<a class=\"link-overlay\"\n\t\thref=\"https:\/\/marie-vincent.org\/wp-content\/uploads\/2025\/03\/La-bulle-de-Miro_pages_lr.pdf\"\n\t\ttarget=\"_blank\"\n\t><\/a>\n\n\t<div class=\"image-container\">\n\t\t\t\t\t<img decoding=\"async\" loading=\"lazy\" width=\"750\" height=\"375\" src=\"https:\/\/marie-vincent.org\/wp-content\/uploads\/2025\/04\/livre-la-bulle-de-miro-outil-image.jpg\" class=\"image wp-post-image\" alt=\"\" srcset=\"https:\/\/marie-vincent.org\/wp-content\/uploads\/2025\/04\/livre-la-bulle-de-miro-outil-image.jpg 750w, https:\/\/marie-vincent.org\/wp-content\/uploads\/2025\/04\/livre-la-bulle-de-miro-outil-image-300x150.jpg 300w, https:\/\/marie-vincent.org\/wp-content\/uploads\/2025\/04\/livre-la-bulle-de-miro-outil-image-80x40.jpg 80w, https:\/\/marie-vincent.org\/wp-content\/uploads\/2025\/04\/livre-la-bulle-de-miro-outil-image-186x93.jpg 186w, https:\/\/marie-vincent.org\/wp-content\/uploads\/2025\/04\/livre-la-bulle-de-miro-outil-image-206x103.jpg 206w, https:\/\/marie-vincent.org\/wp-content\/uploads\/2025\/04\/livre-la-bulle-de-miro-outil-image-238x119.jpg 238w, https:\/\/marie-vincent.org\/wp-content\/uploads\/2025\/04\/livre-la-bulle-de-miro-outil-image-275x138.jpg 275w, https:\/\/marie-vincent.org\/wp-content\/uploads\/2025\/04\/livre-la-bulle-de-miro-outil-image-428x214.jpg 428w, https:\/\/marie-vincent.org\/wp-content\/uploads\/2025\/04\/livre-la-bulle-de-miro-outil-image-550x275.jpg 550w, https:\/\/marie-vincent.org\/wp-content\/uploads\/2025\/04\/livre-la-bulle-de-miro-outil-image-580x290.jpg 580w\" sizes=\"auto, (max-width: 750px) 100vw, 750px\" \/>\t\t\t<\/div>\n\t<div class=\"content\">\n\t\t<div class=\"upper\">\n\t\t\t\t\t\t\t<p class=\"category upper-title\">\n\t\t\t\t\t\t\t\t\t\t\t<i class=\"icon-book\" aria-hidden=\"true\"><\/i>\n\t\t\t\t\t\t\t\t\t\tBook\t\t\t\t<\/p>\n\t\t\t\t\t\t<h3 class=\"title title-4\" id=\"tool-card-title-3294\">La bulle de Miro<\/h3>\t\t\t<div class=\"description\"><p>La bulle de Miro vise \u00e0 faire comprendre aux enfants ce que sont les fronti\u00e8res interpersonnelles et intimes \u00e0 travers l\u2019histoire de Miro. Lors d\u2019une journ\u00e9e, tout ceux que Miro rencontre veulent lui faire une caresse, un bisou ou un c\u00e2lin. Il n\u2019en a pas envie mais ne sait pas comment le dire.<\/p>\n<\/div>\n\t\t<\/div>\n\t\t<div class=\"footer\">\n\t\t\t\t\t\t\t<a href=\"https:\/\/marie-vincent.org\/wp-content\/uploads\/2025\/03\/La-bulle-de-Miro_pages_lr.pdf\" class=\"cta\" target=\"_blank\">\n\t\t\t\t\tDownload\t\t\t\t<\/a>\n\t\t\t\t\t\t\t\t<\/div>\n\t<\/div>\n<\/article>\n\t\t\t\t\t\t\t\t\t\t\t\t<\/div>\n\t\t\t\t\t\t\t\t\t\t\t\t\t\t\t\t\t\t\t\t\t<\/div>\n\t\t\t\t\t\t\t\t\t<\/div>\n\t\t\t\t\t\t\t\t\t<div class=\"slider-progress-bar\">\n\t\t\t\t\t\t\t\t\t\t<div class=\"slider-progress-handle\" data-splide-progress-bar><\/div>\n\t\t\t\t\t\t\t\t\t<\/div>\n\t\t\t\t\t\t\t\t<\/div>\n\t\t\t\t\t\t\t\t\t\t\t\t\t\t\t\t\t<div class=\"btns\">\n\t\t\t\t\t\t\t\t\t\t\t\t\t\t\t\t\t\t\t\t\t\t\t\t<a href=\"\/en\/toolkit\/\"\n\t\t\t\tclass=\"button button-primary\"\n\t\t\t\t >\n\t\t\t\t\t\t\t\t\t<span class=\"text\">Discover all tools<\/span>\t\t\t\t\t\t\t<\/a>\n\t\t\t\t\t\t\t\t\t\t\t\t\t\t\t\t\t\t\t\t\t<\/div>\n\t\t\t\t\t\t\t\t\t\t\t\t\t\t\t<\/div>\n\t\t\t\t\t\t<\/div>\n\t\t\t\t\t<\/div>\n\t\t\t\t<\/div>\n\t\t\t<\/div>\n\t\t\t\n\n\t<dialog class=\"dialog dialog-featured-tools-video\" id=\"featured-tools-video-overlay\" data-video-overlay inert>\n\t\t<div class=\"dialog-wrapper\">\n\t\t\t<div class=\"dialog-content\" data-dialog-content>\n\t\t\t\t\t\t\t\t\t\t\t\t\t<button type=\"button\" class=\"button dialog-close\" data-dialog-close>\n\t\t\t\t\t\t<i class=\"icon icon-close\" aria-hidden=\"true\"><\/i>\n\t\t\t\t\t\t<span class=\"sr-only\">dialog.close.text<\/span>\n\t\t\t\t\t<\/button>\n\t\t\t\t\t\t\t\t\t\t\t\t\t<div class=\"content\">\n\t\t\t\t\t\t\t\t\t\t\t\t\t\t\t\t\t\t\t<div class=\"description\"><div class=\"video-player\" data-video-player>\n\t<iframe class=\"video-player-iframe\" data-video-player-iframe title=\"video_player.iframe.title\" data-video-autoplay allow=\"accelerometer; fullscreen; clipboard-write; encrypted-media; gyroscope; picture-in-picture; web-share; autoplay\" loading=\"lazy\"><\/iframe>\n<\/div><\/div>\n\t\t\t\t\t\t\t\t\t\t\t<\/div>\n\t\t\t\t\t\t\t\n\t\t\t\t<!-- If necessary, this section is used for extra content that you want outside of the overflow-y on .dialog-content -->\n\t\t\t\t\t\t\t<\/div>\n\t\t\t\t\t<\/div>\n\t<\/dialog>\n\t\t<\/section>\n\t","protected":false},"excerpt":{"rendered":"","protected":false},"author":5,"featured_media":0,"parent":6617,"menu_order":9,"comment_status":"closed","ping_status":"closed","template":"","meta":{"_acf_changed":false,"footnotes":""},"class_list":["post-6729","page","type-page","status-publish","hentry"],"acf":[],"_links":{"self":[{"href":"https:\/\/marie-vincent.org\/en\/wp-json\/wp\/v2\/pages\/6729","targetHints":{"allow":["GET"]}}],"collection":[{"href":"https:\/\/marie-vincent.org\/en\/wp-json\/wp\/v2\/pages"}],"about":[{"href":"https:\/\/marie-vincent.org\/en\/wp-json\/wp\/v2\/types\/page"}],"author":[{"embeddable":true,"href":"https:\/\/marie-vincent.org\/en\/wp-json\/wp\/v2\/users\/5"}],"replies":[{"embeddable":true,"href":"https:\/\/marie-vincent.org\/en\/wp-json\/wp\/v2\/comments?post=6729"}],"version-history":[{"count":3,"href":"https:\/\/marie-vincent.org\/en\/wp-json\/wp\/v2\/pages\/6729\/revisions"}],"predecessor-version":[{"id":6859,"href":"https:\/\/marie-vincent.org\/en\/wp-json\/wp\/v2\/pages\/6729\/revisions\/6859"}],"up":[{"embeddable":true,"href":"https:\/\/marie-vincent.org\/en\/wp-json\/wp\/v2\/pages\/6617"}],"wp:attachment":[{"href":"https:\/\/marie-vincent.org\/en\/wp-json\/wp\/v2\/media?parent=6729"}],"curies":[{"name":"wp","href":"https:\/\/api.w.org\/{rel}","templated":true}]}}