{"id":6678,"date":"2024-10-30T11:21:36","date_gmt":"2024-10-30T15:21:36","guid":{"rendered":"https:\/\/marie-vincent.org\/enfants-0-12-ans\/"},"modified":"2026-03-09T11:31:34","modified_gmt":"2026-03-09T15:31:34","slug":"children-0-12-years-old","status":"publish","type":"page","link":"https:\/\/marie-vincent.org\/en\/prevent\/children-0-12-years-old\/","title":{"rendered":"Children (Ages 0 to 12)"},"content":{"rendered":"\t\t<header class=\"header-primary-a section-block with-background orange-theme\" data-scroll-section>\n\t\t\t<div class=\"container container-main\">\n\t\t\t\t<div class=\"row\">\n\t\t\t\t\t<div class=\"col-md-10 offset-md-1\">\n\t\t\t\t\t\t<div class=\"content\">\n\t\t\t\t\t\t\t<h1 class=\"title-1\"><span class=\"highlight\">Preventing<\/span> sexual violence among <span class=\"highlight\">children<\/span> aged 0 to 12\n<\/h1>\t\t\t\t\t\t\t\t\t\t\t\t\t<\/div>\n\t\t\t\t\t<\/div>\n\t\t\t\t<\/div>\n\t\t\t<\/div>\n\t\t\t\t\t\t\t<div class=\"drawing\"><\/div>\n\t\t\t\t\t<\/header>\n\t\n\n\t\t<section class=\"text-standard section-block with-background beige-theme\" data-scroll-section>\n\t\t\t<div class=\"container\">\n\t\t\t\t<div class=\"row row-main\">\n\t\t\t\t\t<div class=\"col-12 col-content\">\n\t\t\t\t\t\t<div class=\"content\">\n\t\t\t\t\t\t\t\t\t\t\t\t\t\t\n\t\t\t\t\t\t\t<div class=\"text\">\n\t\t\t\t\t\t\t\t<p>Because of their vulnerability, children are particularly at risk of sexual violence. To prevent such violence, it is crucial to introduce <strong>simple, concrete, and developmentally appropriate concepts from an early age.<\/strong><\/p>\n<p>Our goal is to empower the adults in children\u2019s lives by providing training and tools. These resources enable adults to actively participate in preventing sexual violence, start healthy conversations about sexuality, and become trusted figures for children. By integrating these practices, we create a safe and supportive environment where children feel protected.<\/p>\n<p>Additionally, our resources recognize that children develop at different paces across various areas. It is important to reinforce learning through diverse methods to reach as many children as possible based on their interests and abilities.<\/p>\n\t\t\t\t\t\t\t<\/div>\n\n\t\t\t\t\t\t\t\t\t\t\t\t\t<\/div>\n\t\t\t\t\t<\/div>\n\t\t\t\t<\/div>\n\t\t\t<\/div>\n\t\t<\/section>\n\t\n\n\t\t<section class=\"uxpertise-courses section-block purple-theme\" data-scroll-section>\n\t\t\t<div class=\"wave-ctn\">\n\t\t\t\t<svg class=\"wave hidden-mobile\" viewBox=\"0 0 1920 120\">\n\t<path d=\"M1920 120V41.4S1524.8 4.8 1265.2 2C919.9-1.6 724.1 96.1 378.9 83.8 230.4 78.6 0 41.4 0 41.4V120h1920Z\" \/>\n\t<path class=\"line\" d=\"M360.9 115.4C214 115.4 2.2 95.6 0 95.4v-1c2.4.2 235 21.9 381.7 19.8C560 111.7 700.3 84.9 836 59.1c128.3-24.4 261-49.7 427.9-55.7 64.8-2.3 138.5-3.2 212.4-3.2 219 0 440.7 7.6 443.7 7.7v1c-4-.1-399.6-13.7-656.1-4.5-166.9 6-299.5 31.2-427.7 55.7-135.8 25.9-276.1 52.6-454.5 55.1-6.7 0-13.7.1-20.8.1Z\"\/>\n<\/svg>\n\n<svg class=\"wave hidden-desktop\" viewBox=\"0 0 390 64\">\n\t<path d=\"M390,64v-32s-52-24-105.5-24S129.7,41.3,60,35C30,32.3,0,17.6,0,17.6v46.4h390Z\"\/>\n\t<path class=\"line\" class=\"cls-1\" d=\"M79,45.5c-29,0-49-5.2-60.7-9.5C5.6,31.3,0,26.7-.3,26.5l.6-.8c0,0,5.9,4.8,18.4,9.4,11.6,4.3,31.4,9.4,60.3,9.4s69.8-11.5,103.3-22.6C215.7,10.9,250.2-.5,284.9-.5h0c51.8,0,104.7,25.1,105.2,25.4l-.4.9c-.5-.3-53.2-25.2-104.8-25.3h0c-34.6,0-69,11.4-102.3,22.4-33.6,11.1-68.4,22.6-103.6,22.6Z\"\/>\n<\/svg>\t\t\t<\/div>\n\t\t\t<div class=\"block-wrapper\">\n\t\t\t\t<div class=\"container\">\n\t\t\t\t\t<div class=\"content-wrapper\">\n\t\t\t\t\t\t<div class=\"row row-main\">\n\t\t\t\t\t\t\t<div class=\"col-md-8 offset-md-2 col-content\">\n\t\t\t\t\t\t\t\t<div class=\"content\">\n\t\t\t\t\t\t\t\t\t<h2 class=\"title-2\">Our Prevention Programs for Children\n<\/h2>\n\t\t\t\t\t\t\t\t\t\t\t\t\t\t\t\t\t\t\t<div class=\"text\"><p>Designed for children aged 0 to 12, as well as the adults and professionals in their lives, our prevention projects focus on age-appropriate sex education and the promotion of healthy, egalitarian relationships.<\/p>\n<\/div>\n\t\t\t\t\t\t\t\t\t\t\t\t\t\t\t\t\t<\/div>\n\t\t\t\t\t\t\t<\/div>\n\t\t\t\t\t\t<\/div>\n\t\t\t\t\t\t<div class=\"row row-cards\">\n\t\t\t\t\t\t\t\t\t\t\t\t\t\t\t\t\t\t\t\t\t<div class=\"col-md-4 col-sm-6\">\n\t\t\t\t\t\t\t\t<article class=\"course-card\">\n\t\t\t\t\t\t\t\t\t<div class=\"content\">\n\t\t\t\t\t\t\t\t\t\t<h3 class=\"title-4\">Lantern Program<\/h3>\t\t\t\t\t\t\t\t\t\t\t\t\t\t\t\t\t\t\t\t\t<div class=\"text\"><p><img decoding=\"async\" loading=\"lazy\" class=\"alignnone size-full wp-image-3127\" src=\"https:\/\/marievincent.agencearobas.ca\/wp-content\/uploads\/2025\/03\/Creation-sans-titre-8.png\" alt=\"\" width=\"300\" height=\"200\" srcset=\"https:\/\/marie-vincent.org\/wp-content\/uploads\/2025\/03\/Creation-sans-titre-8.png 300w, https:\/\/marie-vincent.org\/wp-content\/uploads\/2025\/03\/Creation-sans-titre-8-80x53.png 80w, https:\/\/marie-vincent.org\/wp-content\/uploads\/2025\/03\/Creation-sans-titre-8-186x124.png 186w, https:\/\/marie-vincent.org\/wp-content\/uploads\/2025\/03\/Creation-sans-titre-8-206x137.png 206w, https:\/\/marie-vincent.org\/wp-content\/uploads\/2025\/03\/Creation-sans-titre-8-238x159.png 238w, https:\/\/marie-vincent.org\/wp-content\/uploads\/2025\/03\/Creation-sans-titre-8-275x183.png 275w\" sizes=\"auto, (max-width: 300px) 100vw, 300px\" \/><\/p>\n<p>Prevention for toddlers aged 0 to 5.<\/p>\n<\/div>\n\t\t\t\t\t\t\t\t\t\t\t\t\t\t\t\t\t\t\t<\/div>\n\t\t\t\t\t\t\t\t\t\t\t\t\t\t\t\t\t\t\t<div class=\"btns\">\n\t\t\t\t\t\t\t\t\t\t\t\t\t\t\t\t\t\t\t\t\t\t\t\t\t\t<a href=\"\/en\/prevent\/children-0-12-years-old\/lantern-program\/\"\n\t\t\t\tclass=\"button button-primary\"\n\t\t\t\t >\n\t\t\t\t\t\t\t\t\t<span class=\"text\">Learn more<\/span>\t\t\t\t\t\t\t<\/a>\n\t\t\t\t\t\t\t\t\t\t\t\t\t\t\t\t\t\t\t\t\t\t\t<\/div>\n\t\t\t\t\t\t\t\t\t\t\t\t\t\t\t\t\t<\/article>\n\t\t\t\t\t\t\t<\/div>\n\t\t\t\t\t\t\t\t\t\t\t\t\t\t<div class=\"col-md-4 col-sm-6\">\n\t\t\t\t\t\t\t\t<article class=\"course-card\">\n\t\t\t\t\t\t\t\t\t<div class=\"content\">\n\t\t\t\t\t\t\t\t\t\t<h3 class=\"title-4\">Compass Project<\/h3>\t\t\t\t\t\t\t\t\t\t\t\t\t\t\t\t\t\t\t\t\t<div class=\"text\"><p><img decoding=\"async\" loading=\"lazy\" class=\"alignnone size-full wp-image-3129\" src=\"https:\/\/marievincent.agencearobas.ca\/wp-content\/uploads\/2025\/03\/Creation-sans-titre-7.png\" alt=\"\" width=\"300\" height=\"200\" srcset=\"https:\/\/marie-vincent.org\/wp-content\/uploads\/2025\/03\/Creation-sans-titre-7.png 300w, https:\/\/marie-vincent.org\/wp-content\/uploads\/2025\/03\/Creation-sans-titre-7-80x53.png 80w, https:\/\/marie-vincent.org\/wp-content\/uploads\/2025\/03\/Creation-sans-titre-7-186x124.png 186w, https:\/\/marie-vincent.org\/wp-content\/uploads\/2025\/03\/Creation-sans-titre-7-206x137.png 206w, https:\/\/marie-vincent.org\/wp-content\/uploads\/2025\/03\/Creation-sans-titre-7-238x159.png 238w, https:\/\/marie-vincent.org\/wp-content\/uploads\/2025\/03\/Creation-sans-titre-7-275x183.png 275w\" sizes=\"auto, (max-width: 300px) 100vw, 300px\" \/><\/p>\n<p>Prevention for children aged 6 to 12.<\/p>\n<\/div>\n\t\t\t\t\t\t\t\t\t\t\t\t\t\t\t\t\t\t\t<\/div>\n\t\t\t\t\t\t\t\t\t\t\t\t\t\t\t\t\t\t\t<div class=\"btns\">\n\t\t\t\t\t\t\t\t\t\t\t\t\t\t\t\t\t\t\t\t\t\t\t\t\t\t<a href=\"\/en\/prevent\/children-0-12-years-old\/compass-project\/\"\n\t\t\t\tclass=\"button button-primary\"\n\t\t\t\t >\n\t\t\t\t\t\t\t\t\t<span class=\"text\">Learn more<\/span>\t\t\t\t\t\t\t<\/a>\n\t\t\t\t\t\t\t\t\t\t\t\t\t\t\t\t\t\t\t\t\t\t\t<\/div>\n\t\t\t\t\t\t\t\t\t\t\t\t\t\t\t\t\t<\/article>\n\t\t\t\t\t\t\t<\/div>\n\t\t\t\t\t\t\t\t\t\t\t\t\t\t<div class=\"col-md-4 col-sm-6\">\n\t\t\t\t\t\t\t\t<article class=\"course-card\">\n\t\t\t\t\t\t\t\t\t<div class=\"content\">\n\t\t\t\t\t\t\t\t\t\t<h3 class=\"title-4\">Voies Project<\/h3>\t\t\t\t\t\t\t\t\t\t\t\t\t\t\t\t\t\t\t\t\t<div class=\"text\"><p><img decoding=\"async\" loading=\"lazy\" class=\"alignnone size-full wp-image-3125\" src=\"https:\/\/marievincent.agencearobas.ca\/wp-content\/uploads\/2025\/03\/Creation-sans-titre-9.png\" alt=\"\" width=\"300\" height=\"200\" srcset=\"https:\/\/marie-vincent.org\/wp-content\/uploads\/2025\/03\/Creation-sans-titre-9.png 300w, https:\/\/marie-vincent.org\/wp-content\/uploads\/2025\/03\/Creation-sans-titre-9-80x53.png 80w, https:\/\/marie-vincent.org\/wp-content\/uploads\/2025\/03\/Creation-sans-titre-9-186x124.png 186w, https:\/\/marie-vincent.org\/wp-content\/uploads\/2025\/03\/Creation-sans-titre-9-206x137.png 206w, https:\/\/marie-vincent.org\/wp-content\/uploads\/2025\/03\/Creation-sans-titre-9-238x159.png 238w, https:\/\/marie-vincent.org\/wp-content\/uploads\/2025\/03\/Creation-sans-titre-9-275x183.png 275w\" sizes=\"auto, (max-width: 300px) 100vw, 300px\" \/><\/p>\n<p>Prevention for children aged 4 to 12 who need additional support.<\/p>\n<\/div>\n\t\t\t\t\t\t\t\t\t\t\t\t\t\t\t\t\t\t\t<\/div>\n\t\t\t\t\t\t\t\t\t\t\t\t\t\t\t\t\t\t\t<div class=\"btns\">\n\t\t\t\t\t\t\t\t\t\t\t\t\t\t\t\t\t\t\t\t\t\t\t\t\t\t<a href=\"\/en\/prevent\/children-0-12-years-old\/voies-project\/\"\n\t\t\t\tclass=\"button button-primary\"\n\t\t\t\t >\n\t\t\t\t\t\t\t\t\t<span class=\"text\">Learn more<\/span>\t\t\t\t\t\t\t<\/a>\n\t\t\t\t\t\t\t\t\t\t\t\t\t\t\t\t\t\t\t\t\t\t\t<\/div>\n\t\t\t\t\t\t\t\t\t\t\t\t\t\t\t\t\t<\/article>\n\t\t\t\t\t\t\t<\/div>\n\t\t\t\t\t\t\t\t\t\t\t\t\t<\/div>\n\t\t\t\t\t<\/div>\n\t\t\t\t<\/div>\n\t\t\t<\/div>\n\t\t<\/section>\n\t\n\n\t\t<section class=\"featured-tools section-block with-background theme-cream\" data-scroll-section data-featured-tools>\n\t\t<div class=\"wave-ctn\">\n\t\t\t\t<svg class=\"wave hidden-mobile\" viewBox=\"0 0 1920 120\">\n\t<path d=\"M1920 120V41.4S1524.8 4.8 1265.2 2C919.9-1.6 724.1 96.1 378.9 83.8 230.4 78.6 0 41.4 0 41.4V120h1920Z\" \/>\n\t<path class=\"line\" d=\"M360.9 115.4C214 115.4 2.2 95.6 0 95.4v-1c2.4.2 235 21.9 381.7 19.8C560 111.7 700.3 84.9 836 59.1c128.3-24.4 261-49.7 427.9-55.7 64.8-2.3 138.5-3.2 212.4-3.2 219 0 440.7 7.6 443.7 7.7v1c-4-.1-399.6-13.7-656.1-4.5-166.9 6-299.5 31.2-427.7 55.7-135.8 25.9-276.1 52.6-454.5 55.1-6.7 0-13.7.1-20.8.1Z\"\/>\n<\/svg>\n\n<svg class=\"wave hidden-desktop\" viewBox=\"0 0 390 64\">\n\t<path d=\"M390,64v-32s-52-24-105.5-24S129.7,41.3,60,35C30,32.3,0,17.6,0,17.6v46.4h390Z\"\/>\n\t<path class=\"line\" class=\"cls-1\" d=\"M79,45.5c-29,0-49-5.2-60.7-9.5C5.6,31.3,0,26.7-.3,26.5l.6-.8c0,0,5.9,4.8,18.4,9.4,11.6,4.3,31.4,9.4,60.3,9.4s69.8-11.5,103.3-22.6C215.7,10.9,250.2-.5,284.9-.5h0c51.8,0,104.7,25.1,105.2,25.4l-.4.9c-.5-.3-53.2-25.2-104.8-25.3h0c-34.6,0-69,11.4-102.3,22.4-33.6,11.1-68.4,22.6-103.6,22.6Z\"\/>\n<\/svg>\t\t\t<\/div>\n\t\t\t<div class=\"featured-tools-wrapper\">\n\t\t\t\t<div class=\"container\">\n\t\t\t\t\t<div class=\"content-wrapper\">\n\t\t\t\t\t\t<div class=\"row row-title\">\n\t\t\t\t\t\t\t<div class=\"col-md-12 section-title\">\n\t\t\t\t\t\t\t\t\t\t\t\t\t\t\t\t\t<h2 class=\"title title-2\">Tools for Prevention of Sexual Violence<\/h2>\t\t\t\t\t\t\t\t\n\t\t\t\t\t\t\t\t\t\t\t\t\t\t\t\t\t<div class=\"text\">Through books and games, children can learn to recognize and express their emotions, identify private body parts, and recognize inappropriate situations and behaviours.<\/div>\n\t\t\t\t\t\t\t\t\t\t\t\t\t\t\t<\/div>\n\t\t\t\t\t\t<\/div>\n\t\t\t\t\t\t<div class=\"row main-row\">\n\t\t\t\t\t\t\t<div class=\"col-md-12\">\n\t\t\t\t\t\t\t\t<div class=\"featured-tools-slider splide\" data-featured-tools-slider>\n\t\t\t\t\t\t\t\t\t<div class=\"splide__track splide-track\">\n\t\t\t\t\t\t\t\t\t\t<div class=\"splide__list\">\n\t\t\t\t\t\t\t\t\t\t\t\t\t\t\t\t\t\t\t\t\t\t\t\n\t\t\t\t\t\t\t\t\t\t\t\t<div class=\"splide__slide splide-slide\">\n\t\t\t\t\t\t\t\t\t\t\t\t\t\n<article class=\"listing-card tool-card\" aria-labelledby=\"tool-card-title-3284\">\n\t<a class=\"link-overlay\"\n\t\thref=\"https:\/\/marie-vincent.org\/wp-content\/uploads\/2025\/03\/Marvin-a-disparu_02-2023_pages.pdf\"\n\t\ttarget=\"_blank\"\n\t><\/a>\n\n\t<div class=\"image-container\">\n\t\t\t\t\t<img decoding=\"async\" loading=\"lazy\" width=\"750\" height=\"375\" src=\"https:\/\/marie-vincent.org\/wp-content\/uploads\/2025\/04\/livre-marvin-disparu-outil-image.jpg\" class=\"image wp-post-image\" alt=\"\" srcset=\"https:\/\/marie-vincent.org\/wp-content\/uploads\/2025\/04\/livre-marvin-disparu-outil-image.jpg 750w, https:\/\/marie-vincent.org\/wp-content\/uploads\/2025\/04\/livre-marvin-disparu-outil-image-300x150.jpg 300w, https:\/\/marie-vincent.org\/wp-content\/uploads\/2025\/04\/livre-marvin-disparu-outil-image-80x40.jpg 80w, https:\/\/marie-vincent.org\/wp-content\/uploads\/2025\/04\/livre-marvin-disparu-outil-image-186x93.jpg 186w, https:\/\/marie-vincent.org\/wp-content\/uploads\/2025\/04\/livre-marvin-disparu-outil-image-206x103.jpg 206w, https:\/\/marie-vincent.org\/wp-content\/uploads\/2025\/04\/livre-marvin-disparu-outil-image-238x119.jpg 238w, https:\/\/marie-vincent.org\/wp-content\/uploads\/2025\/04\/livre-marvin-disparu-outil-image-275x138.jpg 275w, https:\/\/marie-vincent.org\/wp-content\/uploads\/2025\/04\/livre-marvin-disparu-outil-image-428x214.jpg 428w, https:\/\/marie-vincent.org\/wp-content\/uploads\/2025\/04\/livre-marvin-disparu-outil-image-550x275.jpg 550w, https:\/\/marie-vincent.org\/wp-content\/uploads\/2025\/04\/livre-marvin-disparu-outil-image-580x290.jpg 580w\" sizes=\"auto, (max-width: 750px) 100vw, 750px\" \/>\t\t\t<\/div>\n\t<div class=\"content\">\n\t\t<div class=\"upper\">\n\t\t\t\t\t\t\t<p class=\"category upper-title\">\n\t\t\t\t\t\t\t\t\t\t\t<i class=\"icon-book\" aria-hidden=\"true\"><\/i>\n\t\t\t\t\t\t\t\t\t\tBook\t\t\t\t<\/p>\n\t\t\t\t\t\t<h3 class=\"title title-4\" id=\"tool-card-title-3284\">Marvin a disparu<\/h3>\t\t\t<div class=\"description\"><p>Marvin a disparu est un album qui fait r\u00e9fl\u00e9chir sur les relations \u00e9galitaires entre les sexes \u00e0 travers l\u2019histoire de Justine qui cherche son ours Marvin qui a disparu.<\/p>\n<\/div>\n\t\t<\/div>\n\t\t<div class=\"footer\">\n\t\t\t\t\t\t\t<a href=\"https:\/\/marie-vincent.org\/wp-content\/uploads\/2025\/03\/Marvin-a-disparu_02-2023_pages.pdf\" class=\"cta\" target=\"_blank\">\n\t\t\t\t\tDownload\t\t\t\t<\/a>\n\t\t\t\t\t\t\t\t<\/div>\n\t<\/div>\n<\/article>\n\t\t\t\t\t\t\t\t\t\t\t\t<\/div>\n\t\t\t\t\t\t\t\t\t\t\t\t\t\t\t\t\t\t\t\t\t\t\t\n\t\t\t\t\t\t\t\t\t\t\t\t<div class=\"splide__slide splide-slide\">\n\t\t\t\t\t\t\t\t\t\t\t\t\t\n<article class=\"listing-card tool-card\" aria-labelledby=\"tool-card-title-3843\">\n\t<a class=\"link-overlay\"\n\t\thref=\"https:\/\/marie-vincent.org\/wp-content\/uploads\/2025\/04\/Affiche-11-x-17-parties-du-corps-pour-impression-VF.pdf\"\n\t\ttarget=\"_blank\"\n\t><\/a>\n\n\t<div class=\"image-container\">\n\t\t\t\t\t<img decoding=\"async\" loading=\"lazy\" width=\"750\" height=\"375\" src=\"https:\/\/marie-vincent.org\/wp-content\/uploads\/2025\/04\/affiche-les-parties-de-mon-corps-outil-image-1.jpg\" class=\"image wp-post-image\" alt=\"\" srcset=\"https:\/\/marie-vincent.org\/wp-content\/uploads\/2025\/04\/affiche-les-parties-de-mon-corps-outil-image-1.jpg 750w, https:\/\/marie-vincent.org\/wp-content\/uploads\/2025\/04\/affiche-les-parties-de-mon-corps-outil-image-1-300x150.jpg 300w, https:\/\/marie-vincent.org\/wp-content\/uploads\/2025\/04\/affiche-les-parties-de-mon-corps-outil-image-1-80x40.jpg 80w, https:\/\/marie-vincent.org\/wp-content\/uploads\/2025\/04\/affiche-les-parties-de-mon-corps-outil-image-1-186x93.jpg 186w, https:\/\/marie-vincent.org\/wp-content\/uploads\/2025\/04\/affiche-les-parties-de-mon-corps-outil-image-1-206x103.jpg 206w, https:\/\/marie-vincent.org\/wp-content\/uploads\/2025\/04\/affiche-les-parties-de-mon-corps-outil-image-1-238x119.jpg 238w, https:\/\/marie-vincent.org\/wp-content\/uploads\/2025\/04\/affiche-les-parties-de-mon-corps-outil-image-1-275x138.jpg 275w, https:\/\/marie-vincent.org\/wp-content\/uploads\/2025\/04\/affiche-les-parties-de-mon-corps-outil-image-1-428x214.jpg 428w, https:\/\/marie-vincent.org\/wp-content\/uploads\/2025\/04\/affiche-les-parties-de-mon-corps-outil-image-1-550x275.jpg 550w, https:\/\/marie-vincent.org\/wp-content\/uploads\/2025\/04\/affiche-les-parties-de-mon-corps-outil-image-1-580x290.jpg 580w\" sizes=\"auto, (max-width: 750px) 100vw, 750px\" \/>\t\t\t<\/div>\n\t<div class=\"content\">\n\t\t<div class=\"upper\">\n\t\t\t\t\t\t\t<p class=\"category upper-title\">\n\t\t\t\t\t\t\t\t\t\t\t<i class=\"icon-document\" aria-hidden=\"true\"><\/i>\n\t\t\t\t\t\t\t\t\t\tFact Sheet\t\t\t\t<\/p>\n\t\t\t\t\t\t<h3 class=\"title title-4\" id=\"tool-card-title-3843\">Affiche Les parties de mon corps<\/h3>\t\t\t<div class=\"description\"><\/div>\n\t\t<\/div>\n\t\t<div class=\"footer\">\n\t\t\t\t\t\t\t<a href=\"https:\/\/marie-vincent.org\/wp-content\/uploads\/2025\/04\/Affiche-11-x-17-parties-du-corps-pour-impression-VF.pdf\" class=\"cta\" target=\"_blank\">\n\t\t\t\t\tDownload\t\t\t\t<\/a>\n\t\t\t\t\t\t\t\t<\/div>\n\t<\/div>\n<\/article>\n\t\t\t\t\t\t\t\t\t\t\t\t<\/div>\n\t\t\t\t\t\t\t\t\t\t\t\t\t\t\t\t\t\t\t\t\t\t\t\n\t\t\t\t\t\t\t\t\t\t\t\t<div class=\"splide__slide splide-slide\">\n\t\t\t\t\t\t\t\t\t\t\t\t\t\n<article class=\"listing-card tool-card\" aria-labelledby=\"tool-card-title-3355\">\n\t<a class=\"link-overlay\"\n\t\thref=\"https:\/\/marie-vincent.org\/nouvelles\/bulle-et-intimite\/\"\n\t\ttarget=\"_blank\"\n\t><\/a>\n\n\t<div class=\"image-container\">\n\t\t\t\t\t<img decoding=\"async\" loading=\"lazy\" width=\"750\" height=\"375\" src=\"https:\/\/marie-vincent.org\/wp-content\/uploads\/2025\/04\/bulle-intimite-outil-image.jpg\" class=\"image wp-post-image\" alt=\"\" srcset=\"https:\/\/marie-vincent.org\/wp-content\/uploads\/2025\/04\/bulle-intimite-outil-image.jpg 750w, https:\/\/marie-vincent.org\/wp-content\/uploads\/2025\/04\/bulle-intimite-outil-image-300x150.jpg 300w, https:\/\/marie-vincent.org\/wp-content\/uploads\/2025\/04\/bulle-intimite-outil-image-80x40.jpg 80w, https:\/\/marie-vincent.org\/wp-content\/uploads\/2025\/04\/bulle-intimite-outil-image-186x93.jpg 186w, https:\/\/marie-vincent.org\/wp-content\/uploads\/2025\/04\/bulle-intimite-outil-image-206x103.jpg 206w, https:\/\/marie-vincent.org\/wp-content\/uploads\/2025\/04\/bulle-intimite-outil-image-238x119.jpg 238w, https:\/\/marie-vincent.org\/wp-content\/uploads\/2025\/04\/bulle-intimite-outil-image-275x138.jpg 275w, https:\/\/marie-vincent.org\/wp-content\/uploads\/2025\/04\/bulle-intimite-outil-image-428x214.jpg 428w, https:\/\/marie-vincent.org\/wp-content\/uploads\/2025\/04\/bulle-intimite-outil-image-550x275.jpg 550w, https:\/\/marie-vincent.org\/wp-content\/uploads\/2025\/04\/bulle-intimite-outil-image-580x290.jpg 580w\" sizes=\"auto, (max-width: 750px) 100vw, 750px\" \/>\t\t\t<\/div>\n\t<div class=\"content\">\n\t\t<div class=\"upper\">\n\t\t\t\t\t\t\t<p class=\"category upper-title\">\n\t\t\t\t\t\t\t\t\t\t\t<i class=\"icon-article\" aria-hidden=\"true\"><\/i>\n\t\t\t\t\t\t\t\t\t\tArticle\t\t\t\t<\/p>\n\t\t\t\t\t\t<h3 class=\"title title-4\" id=\"tool-card-title-3355\">Bulle et intimit\u00e9<\/h3>\t\t\t<div class=\"description\"><\/div>\n\t\t<\/div>\n\t\t<div class=\"footer\">\n\t\t\t\t\t\t\t<a href=\"https:\/\/marie-vincent.org\/nouvelles\/bulle-et-intimite\/\" class=\"cta\">\n\t\t\t\t\tRead the article\t\t\t\t<\/a>\n\t\t\t\t\t\t\t\t<\/div>\n\t<\/div>\n<\/article>\n\t\t\t\t\t\t\t\t\t\t\t\t<\/div>\n\t\t\t\t\t\t\t\t\t\t\t\t\t\t\t\t\t\t\t\t\t<\/div>\n\t\t\t\t\t\t\t\t\t<\/div>\n\t\t\t\t\t\t\t\t\t<div class=\"slider-progress-bar\">\n\t\t\t\t\t\t\t\t\t\t<div class=\"slider-progress-handle\" data-splide-progress-bar><\/div>\n\t\t\t\t\t\t\t\t\t<\/div>\n\t\t\t\t\t\t\t\t<\/div>\n\t\t\t\t\t\t\t\t\t\t\t\t\t\t\t\t\t<div class=\"btns\">\n\t\t\t\t\t\t\t\t\t\t\t\t\t\t\t\t\t\t\t\t\t\t\t\t<a href=\"\/en\/toolkit\/\"\n\t\t\t\tclass=\"button button-primary\"\n\t\t\t\t >\n\t\t\t\t\t\t\t\t\t<span class=\"text\">Discover our tools<\/span>\t\t\t\t\t\t\t<\/a>\n\t\t\t\t\t\t\t\t\t\t\t\t\t\t\t\t\t\t\t\t\t<\/div>\n\t\t\t\t\t\t\t\t\t\t\t\t\t\t\t<\/div>\n\t\t\t\t\t\t<\/div>\n\t\t\t\t\t<\/div>\n\t\t\t\t<\/div>\n\t\t\t<\/div>\n\t\t\t\n\n\t<dialog class=\"dialog dialog-featured-tools-video\" id=\"featured-tools-video-overlay\" data-video-overlay inert>\n\t\t<div class=\"dialog-wrapper\">\n\t\t\t<div class=\"dialog-content\" data-dialog-content>\n\t\t\t\t\t\t\t\t\t\t\t\t\t<button type=\"button\" class=\"button dialog-close\" data-dialog-close>\n\t\t\t\t\t\t<i class=\"icon icon-close\" aria-hidden=\"true\"><\/i>\n\t\t\t\t\t\t<span class=\"sr-only\">dialog.close.text<\/span>\n\t\t\t\t\t<\/button>\n\t\t\t\t\t\t\t\t\t\t\t\t\t<div class=\"content\">\n\t\t\t\t\t\t\t\t\t\t\t\t\t\t\t\t\t\t\t<div class=\"description\"><div class=\"video-player\" data-video-player>\n\t<iframe class=\"video-player-iframe\" data-video-player-iframe title=\"video_player.iframe.title\" data-video-autoplay allow=\"accelerometer; fullscreen; clipboard-write; encrypted-media; gyroscope; picture-in-picture; web-share; autoplay\" loading=\"lazy\"><\/iframe>\n<\/div><\/div>\n\t\t\t\t\t\t\t\t\t\t\t<\/div>\n\t\t\t\t\t\t\t\n\t\t\t\t<!-- If necessary, this section is used for extra content that you want outside of the overflow-y on .dialog-content -->\n\t\t\t\t\t\t\t<\/div>\n\t\t\t\t\t<\/div>\n\t<\/dialog>\n\t\t<\/section>\n\t","protected":false},"excerpt":{"rendered":"","protected":false},"author":5,"featured_media":0,"parent":0,"menu_order":34,"comment_status":"closed","ping_status":"closed","template":"","meta":{"_acf_changed":false,"footnotes":""},"class_list":["post-6678","page","type-page","status-publish","hentry"],"acf":[],"_links":{"self":[{"href":"https:\/\/marie-vincent.org\/en\/wp-json\/wp\/v2\/pages\/6678","targetHints":{"allow":["GET"]}}],"collection":[{"href":"https:\/\/marie-vincent.org\/en\/wp-json\/wp\/v2\/pages"}],"about":[{"href":"https:\/\/marie-vincent.org\/en\/wp-json\/wp\/v2\/types\/page"}],"author":[{"embeddable":true,"href":"https:\/\/marie-vincent.org\/en\/wp-json\/wp\/v2\/users\/5"}],"replies":[{"embeddable":true,"href":"https:\/\/marie-vincent.org\/en\/wp-json\/wp\/v2\/comments?post=6678"}],"version-history":[{"count":3,"href":"https:\/\/marie-vincent.org\/en\/wp-json\/wp\/v2\/pages\/6678\/revisions"}],"predecessor-version":[{"id":6870,"href":"https:\/\/marie-vincent.org\/en\/wp-json\/wp\/v2\/pages\/6678\/revisions\/6870"}],"wp:attachment":[{"href":"https:\/\/marie-vincent.org\/en\/wp-json\/wp\/v2\/media?parent=6678"}],"curies":[{"name":"wp","href":"https:\/\/api.w.org\/{rel}","templated":true}]}}