{"id":6637,"date":"2024-10-30T11:37:16","date_gmt":"2024-10-30T15:37:16","guid":{"rendered":"https:\/\/marie-vincent.org\/faits-saillants-sur-la-violence-sexuelle\/"},"modified":"2026-03-09T11:08:49","modified_gmt":"2026-03-09T15:08:49","slug":"key-facts-sexual-violence","status":"publish","type":"page","link":"https:\/\/marie-vincent.org\/en\/understand\/key-facts-sexual-violence\/","title":{"rendered":"Key Facts About Sexual Violence"},"content":{"rendered":"\t\t<header class=\"header-primary-a section-block with-background orange-theme\" data-scroll-section>\n\t\t\t<div class=\"container container-main\">\n\t\t\t\t<div class=\"row\">\n\t\t\t\t\t<div class=\"col-md-10 offset-md-1\">\n\t\t\t\t\t\t<div class=\"content\">\n\t\t\t\t\t\t\t<h1 class=\"title-1\"><span class=\"highlight\">Key Facts<\/span> About Sexual Violence\n<\/h1>\t\t\t\t\t\t\t\t\t\t\t\t\t<\/div>\n\t\t\t\t\t<\/div>\n\t\t\t\t<\/div>\n\t\t\t<\/div>\n\t\t\t\t\t\t\t<div class=\"drawing\"><\/div>\n\t\t\t\t\t<\/header>\n\t\n\n\t\t<section class=\"text-standard section-block with-background beige-theme\" data-scroll-section>\n\t\t\t<div class=\"container\">\n\t\t\t\t<div class=\"row row-main\">\n\t\t\t\t\t<div class=\"col-12 col-content\">\n\t\t\t\t\t\t<div class=\"content\">\n\t\t\t\t\t\t\t<h2 class=\"title title-2\">What is Sexual Violence?\n<\/h2>\t\t\t\t\t\t\t\n\t\t\t\t\t\t\t<div class=\"text\">\n\t\t\t\t\t\t\t\t<p>Sexual violence is a broad term that encompasses all forms of physical or psychological violence of a sexual nature, including sexual assault, sexual exploitation, online sexual violence, child luring, juvenile prostitution, pimping and female genital mutilation. Regardless of the form it takes, sexual violence has serious consequences for victims, their loved ones, and society as a whole. It can happen to children and teenagers from all social backgrounds and cultures.<\/p>\n\t\t\t\t\t\t\t<\/div>\n\n\t\t\t\t\t\t\t\t\t\t\t\t\t<\/div>\n\t\t\t\t\t<\/div>\n\t\t\t\t<\/div>\n\t\t\t<\/div>\n\t\t<\/section>\n\t\n\n\t\t<section class=\"text-stats section-block with-background cream-theme\" data-scroll-section>\n\t\t\t<div class=\"container-fluid\">\n\t\t\t\t<div class=\"row row-main\">\n\t\t\t\t\t<div class=\"col-12 col-stats\">\n\t\t\t\t\t\t<div class=\"statistic-section\">\n\t\t\t\t\t\t\t\t\t\t\t\t\t\t\t<div class=\"stats-upper-content\">\n\t\t\t\t\t\t\t\t\t<h2 class=\"title title-2\">In Qu\u00e9bec<\/h2>\t\t\t\t\t\t\t\t\t\t\t\t\t\t\t\t\t<\/div>\n\n\t\t\t\t\t\t\t\t\t\t\t\t\t\t\t\t\t<div class=\"stats-lower-wrapper\">\n\t\t\t\t\t\t\t\t\t\t\t\t\t\t\t\t\t\t\t<div class=\"stats-lower-content \">\n\t\t\t\t\t\t\t\t\t\t\t<h3 class=\"title title-2\">50 %<\/h3>\t\t\t\t\t\t\t\t\t\t\tof sexual assault victims are under the age of 18. Of these, 13% are under 5 years old.\t\t\t\t\t\t\t\t\t\t<\/div>\n\t\t\t\t\t\t\t\t\t\t\t\t\t\t\t\t\t\t\t<div class=\"stats-lower-content \">\n\t\t\t\t\t\t\t\t\t\t\t<h3 class=\"title title-2\">1 in 5 girls<\/h3>\t\t\t\t\t\t\t\t\t\t\treport having been victims of sexual violence.\t\t\t\t\t\t\t\t\t\t<\/div>\n\t\t\t\t\t\t\t\t\t\t\t\t\t\t\t\t\t\t\t<div class=\"stats-lower-content \">\n\t\t\t\t\t\t\t\t\t\t\t<h3 class=\"title title-2\">1 in 10 boys<\/h3>\t\t\t\t\t\t\t\t\t\t\treport having been victims of sexual violence.\t\t\t\t\t\t\t\t\t\t<\/div>\n\t\t\t\t\t\t\t\t\t\t\t\t\t\t\t\t\t\t<\/div>\n\t\t\t\t\t\t\t\t\t\t\t\t\t\t\t\t\t\t\t\t\t<\/div>\n\t\t\t\t\t<\/div>\n\t\t\t\t<\/div>\n\t\t\t<\/div>\n\t\t<\/section>\n\t\n\n\t\t<section class=\"text-media-c section-block with-background purple-theme\" data-scroll-section>\n\t\t\t<div class=\"container\">\n\t\t\t\t<div class=\"row row-main \">\n\t\t\t\t\t<div class=\"col-md-6 col-content\">\n\t\t\t\t\t\t<div class=\"content\">\n\t\t\t\t\t\t\t<h2 class=\"title-2\">Statistics on Sexual Violence<\/h2>\t\t\t\t\t\t\t<div class=\"text\"><ul>\n<li>More than 25% of teenagers report having taken a nude or sexually suggestive photo of themselves.<\/li>\n<li>Nearly 40% of child victims of sexual assault supported by Marie-Vincent report experiencing symptoms of post-traumatic stress.<\/li>\n<li>Despite their young age, 65% of children seen at Marie-Vincent are victims of severe sexual assault.<\/li>\n<li>99% of sexual assaults experienced by children at Marie-Vincent were committed by someone they knew. In nearly 75% of cases, the perpetrator was a member of their immediate or extended family.<\/li>\n<\/ul>\n<p><small>Sources: Cyr, M. (2014). Les facteurs influen\u00e7ant la r\u00e9v\u00e9lation. In M. Cyr, Recueillir la parole de l&#8217;enfant t\u00e9moin ou victime. De la th\u00e9orie \u00e0 la pratique, p. 7-27, DUNOD, Paris. \/ Tourigny, M., &#038; Baril, K. (2011). Les agressions sexuelles durant l&#8217;enfance. Ampleur et facteurs de risque. In M. H\u00e9bert, M. Cyr and M. Tourigny (eds.), Les agressions sexuelles envers les enfants, Volume 1 (p. 7-50). Ste-Foy: Presses de l&#8217;Universit\u00e9 du Qu\u00e9bec.<\/small><\/p>\n<\/div>\n\n\t\t\t\t\t\t\t\t\t\t\t\t\t<\/div>\n\t\t\t\t\t<\/div>\n\t\t\t\t\t<div class=\"col-md-6 col-img\">\n\t\t\t\t\t\t<div class=\"image-container\">\n\t\t\t\t\t\t\t\t\t\t\t\t\t\t\t<img decoding=\"async\" loading=\"lazy\" width=\"3189\" height=\"2129\" src=\"https:\/\/marie-vincent.org\/wp-content\/uploads\/2025\/12\/mali-desha-mY-6bncc3rw-unsplash-1.jpg\" class=\"image\" alt=\"Enfant seul dans le noir\" sizes=\"auto, thumbnail\" srcset=\"https:\/\/marie-vincent.org\/wp-content\/uploads\/2025\/12\/mali-desha-mY-6bncc3rw-unsplash-1.jpg 3189w, https:\/\/marie-vincent.org\/wp-content\/uploads\/2025\/12\/mali-desha-mY-6bncc3rw-unsplash-1-300x200.jpg 300w, https:\/\/marie-vincent.org\/wp-content\/uploads\/2025\/12\/mali-desha-mY-6bncc3rw-unsplash-1-1024x684.jpg 1024w, https:\/\/marie-vincent.org\/wp-content\/uploads\/2025\/12\/mali-desha-mY-6bncc3rw-unsplash-1-768x513.jpg 768w, https:\/\/marie-vincent.org\/wp-content\/uploads\/2025\/12\/mali-desha-mY-6bncc3rw-unsplash-1-1536x1025.jpg 1536w, https:\/\/marie-vincent.org\/wp-content\/uploads\/2025\/12\/mali-desha-mY-6bncc3rw-unsplash-1-2048x1367.jpg 2048w, https:\/\/marie-vincent.org\/wp-content\/uploads\/2025\/12\/mali-desha-mY-6bncc3rw-unsplash-1-80x53.jpg 80w, https:\/\/marie-vincent.org\/wp-content\/uploads\/2025\/12\/mali-desha-mY-6bncc3rw-unsplash-1-186x124.jpg 186w, https:\/\/marie-vincent.org\/wp-content\/uploads\/2025\/12\/mali-desha-mY-6bncc3rw-unsplash-1-206x138.jpg 206w, https:\/\/marie-vincent.org\/wp-content\/uploads\/2025\/12\/mali-desha-mY-6bncc3rw-unsplash-1-238x159.jpg 238w, https:\/\/marie-vincent.org\/wp-content\/uploads\/2025\/12\/mali-desha-mY-6bncc3rw-unsplash-1-275x184.jpg 275w, https:\/\/marie-vincent.org\/wp-content\/uploads\/2025\/12\/mali-desha-mY-6bncc3rw-unsplash-1-428x286.jpg 428w, https:\/\/marie-vincent.org\/wp-content\/uploads\/2025\/12\/mali-desha-mY-6bncc3rw-unsplash-1-550x367.jpg 550w, https:\/\/marie-vincent.org\/wp-content\/uploads\/2025\/12\/mali-desha-mY-6bncc3rw-unsplash-1-580x387.jpg 580w, https:\/\/marie-vincent.org\/wp-content\/uploads\/2025\/12\/mali-desha-mY-6bncc3rw-unsplash-1-780x521.jpg 780w, https:\/\/marie-vincent.org\/wp-content\/uploads\/2025\/12\/mali-desha-mY-6bncc3rw-unsplash-1-885x591.jpg 885w, https:\/\/marie-vincent.org\/wp-content\/uploads\/2025\/12\/mali-desha-mY-6bncc3rw-unsplash-1-900x601.jpg 900w, https:\/\/marie-vincent.org\/wp-content\/uploads\/2025\/12\/mali-desha-mY-6bncc3rw-unsplash-1-960x641.jpg 960w, https:\/\/marie-vincent.org\/wp-content\/uploads\/2025\/12\/mali-desha-mY-6bncc3rw-unsplash-1-1160x774.jpg 1160w, https:\/\/marie-vincent.org\/wp-content\/uploads\/2025\/12\/mali-desha-mY-6bncc3rw-unsplash-1-1280x855.jpg 1280w, https:\/\/marie-vincent.org\/wp-content\/uploads\/2025\/12\/mali-desha-mY-6bncc3rw-unsplash-1-1366x912.jpg 1366w, https:\/\/marie-vincent.org\/wp-content\/uploads\/2025\/12\/mali-desha-mY-6bncc3rw-unsplash-1-1440x961.jpg 1440w, https:\/\/marie-vincent.org\/wp-content\/uploads\/2025\/12\/mali-desha-mY-6bncc3rw-unsplash-1-1600x1068.jpg 1600w, https:\/\/marie-vincent.org\/wp-content\/uploads\/2025\/12\/mali-desha-mY-6bncc3rw-unsplash-1-1920x1282.jpg 1920w\" \/>\t\t\t\t\t\t\t\t\t\t\t\t\t<\/div>\n\t\t\t\t\t<\/div>\n\t\t\t\t<\/div>\n\t\t\t<\/div>\n\t\t<\/section>\n\t\n\n\t\t<section class=\"text-standard section-block with-background beige-theme\" data-scroll-section>\n\t\t\t<div class=\"container\">\n\t\t\t\t<div class=\"row row-main\">\n\t\t\t\t\t<div class=\"col-12 col-content\">\n\t\t\t\t\t\t<div class=\"content\">\n\t\t\t\t\t\t\t<h2 class=\"title title-2\">What is Sexual Assault?\n<\/h2>\t\t\t\t\t\t\t\n\t\t\t\t\t\t\t<div class=\"text\">\n\t\t\t\t\t\t\t\t<p>Sexual assault includes:<\/p>\n<ul>\n<li> Any act of a sexual nature, with or without physical contact.<\/li>\n<li>An act committed without the victim&#8217;s consent or through emotional manipulation or coercion.<\/li>\n<li>An act that subjects a person to another&#8217;s desires through an abuse of power, the use of force, coercion, or explicit or implicit threats.<\/li>\n<li>A violation of fundamental rights, including physical or psychological integrity and personal safety.<\/li>\n<\/ul>\n<p>&nbsp;<\/p>\n<p>Sexual assault can involve one or multiple sexual acts, such as:<\/p>\n<ul>\n<li>Touching<\/li>\n<li>Sexual kissing<\/li>\n<li>Masturbation<\/li>\n<li>Oral-genital contact<\/li>\n<li>Penetration or attempted penetration<\/li>\n<li>Other sexual activities<\/li>\n<li>Exhibitionist behaviour<\/li>\n<li>Voyeuristic behaviour<\/li>\n<\/ul>\n\t\t\t\t\t\t\t<\/div>\n\n\t\t\t\t\t\t\t\t\t\t\t\t\t<\/div>\n\t\t\t\t\t<\/div>\n\t\t\t\t<\/div>\n\t\t\t<\/div>\n\t\t<\/section>\n\t\n\n\t\t<section class=\"text-standard section-block with-background purple-theme\" data-scroll-section>\n\t\t\t<div class=\"container\">\n\t\t\t\t<div class=\"row row-main\">\n\t\t\t\t\t<div class=\"col-12 col-content\">\n\t\t\t\t\t\t<div class=\"content\">\n\t\t\t\t\t\t\t<h2 class=\"title title-2\">What is Sexual Exploitation?\n<\/h2>\t\t\t\t\t\t\t\n\t\t\t\t\t\t\t<div class=\"text\">\n\t\t\t\t\t\t\t\t<p>Sexual exploitation includes various situations where an adult or older teenager takes advantage of a younger child or adolescent for sexual purposes in exchange for some form of gain, whether financial or otherwise. Exploiters often take advantage of the victim&#8217;s vulnerability or dependence, using force, power, manipulation, or threats to lure them.<\/p>\n<p>Forms of sexual exploitation include: pimping, human trafficking for sexual exploitation, child and juvenile pornography, online sexual violence, and child luring.<\/p>\n\t\t\t\t\t\t\t<\/div>\n\n\t\t\t\t\t\t\t\t\t\t\t\t\t<\/div>\n\t\t\t\t\t<\/div>\n\t\t\t\t<\/div>\n\t\t\t<\/div>\n\t\t<\/section>\n\t\n\n\t\t<section class=\"text-standard section-block with-background beige-theme\" data-scroll-section>\n\t\t\t<div class=\"container\">\n\t\t\t\t<div class=\"row row-main\">\n\t\t\t\t\t<div class=\"col-12 col-content\">\n\t\t\t\t\t\t<div class=\"content\">\n\t\t\t\t\t\t\t<h2 class=\"title title-2\">What is Child Luring?\n<\/h2>\t\t\t\t\t\t\t\n\t\t\t\t\t\t\t<div class=\"text\">\n\t\t\t\t\t\t\t\t<p>Child luring occurs when a person grooms and manipulates a minor under 18 years old, using the internet or digital technologies, with the intention of committing a sexual assault.<\/p>\n\t\t\t\t\t\t\t<\/div>\n\n\t\t\t\t\t\t\t\t\t\t\t\t\t<\/div>\n\t\t\t\t\t<\/div>\n\t\t\t\t<\/div>\n\t\t\t<\/div>\n\t\t<\/section>\n\t\n\n\t\t<section class=\"uxpertise-courses section-block purple-theme\" data-scroll-section>\n\t\t\t<div class=\"wave-ctn\">\n\t\t\t\t<svg class=\"wave hidden-mobile\" viewBox=\"0 0 1920 120\">\n\t<path d=\"M1920 120V41.4S1524.8 4.8 1265.2 2C919.9-1.6 724.1 96.1 378.9 83.8 230.4 78.6 0 41.4 0 41.4V120h1920Z\" \/>\n\t<path class=\"line\" d=\"M360.9 115.4C214 115.4 2.2 95.6 0 95.4v-1c2.4.2 235 21.9 381.7 19.8C560 111.7 700.3 84.9 836 59.1c128.3-24.4 261-49.7 427.9-55.7 64.8-2.3 138.5-3.2 212.4-3.2 219 0 440.7 7.6 443.7 7.7v1c-4-.1-399.6-13.7-656.1-4.5-166.9 6-299.5 31.2-427.7 55.7-135.8 25.9-276.1 52.6-454.5 55.1-6.7 0-13.7.1-20.8.1Z\"\/>\n<\/svg>\n\n<svg class=\"wave hidden-desktop\" viewBox=\"0 0 390 64\">\n\t<path d=\"M390,64v-32s-52-24-105.5-24S129.7,41.3,60,35C30,32.3,0,17.6,0,17.6v46.4h390Z\"\/>\n\t<path class=\"line\" class=\"cls-1\" d=\"M79,45.5c-29,0-49-5.2-60.7-9.5C5.6,31.3,0,26.7-.3,26.5l.6-.8c0,0,5.9,4.8,18.4,9.4,11.6,4.3,31.4,9.4,60.3,9.4s69.8-11.5,103.3-22.6C215.7,10.9,250.2-.5,284.9-.5h0c51.8,0,104.7,25.1,105.2,25.4l-.4.9c-.5-.3-53.2-25.2-104.8-25.3h0c-34.6,0-69,11.4-102.3,22.4-33.6,11.1-68.4,22.6-103.6,22.6Z\"\/>\n<\/svg>\t\t\t<\/div>\n\t\t\t<div class=\"block-wrapper\">\n\t\t\t\t<div class=\"container\">\n\t\t\t\t\t<div class=\"content-wrapper\">\n\t\t\t\t\t\t<div class=\"row row-main\">\n\t\t\t\t\t\t\t<div class=\"col-md-8 offset-md-2 col-content\">\n\t\t\t\t\t\t\t\t<div class=\"content\">\n\t\t\t\t\t\t\t\t\t<h2 class=\"title-2\">What is Online Sexual Violence?\n<\/h2>\n\t\t\t\t\t\t\t\t\t\t\t\t\t\t\t\t\t\t\t<div class=\"text\"><p>Online sexual violence is a form of sexual violence that takes place using digital communication technologies, such as the internet, social media, and text messaging. It may involve sexual advances, attempts to obtain sexual favours or relationships, and the dissemination of sexual messages, photos, or videos. Online sexual violence can take different forms.<\/p>\n<\/div>\n\t\t\t\t\t\t\t\t\t\t\t\t\t\t\t\t\t<\/div>\n\t\t\t\t\t\t\t<\/div>\n\t\t\t\t\t\t<\/div>\n\t\t\t\t\t\t<div class=\"row row-cards\">\n\t\t\t\t\t\t\t\t\t\t\t\t\t\t\t\t\t\t\t\t\t<div class=\"col-md-4 col-sm-6\">\n\t\t\t\t\t\t\t\t<article class=\"course-card\">\n\t\t\t\t\t\t\t\t\t<div class=\"content\">\n\t\t\t\t\t\t\t\t\t\t<h3 class=\"title-4\">Cyberstalking<\/h3>\t\t\t\t\t\t\t\t\t\t\t\t\t\t\t\t\t\t\t\t\t<div class=\"text\"><p>When a victim is harassed through emails, texts, or social media, their online communications are monitored or disrupted, and they feel threatened.<\/p>\n<\/div>\n\t\t\t\t\t\t\t\t\t\t\t\t\t\t\t\t\t\t\t<\/div>\n\t\t\t\t\t\t\t\t\t\t\t\t\t\t\t\t\t<\/article>\n\t\t\t\t\t\t\t<\/div>\n\t\t\t\t\t\t\t\t\t\t\t\t\t\t<div class=\"col-md-4 col-sm-6\">\n\t\t\t\t\t\t\t\t<article class=\"course-card\">\n\t\t\t\t\t\t\t\t\t<div class=\"content\">\n\t\t\t\t\t\t\t\t\t\t<h3 class=\"title-4\">Sextortion<\/h3>\t\t\t\t\t\t\t\t\t\t\t\t\t\t\t\t\t\t\t\t\t<div class=\"text\"><p>When a young person is blackmailed with the threat of having their sexually explicit images or personal information shared online.<\/p>\n<\/div>\n\t\t\t\t\t\t\t\t\t\t\t\t\t\t\t\t\t\t\t<\/div>\n\t\t\t\t\t\t\t\t\t\t\t\t\t\t\t\t\t<\/article>\n\t\t\t\t\t\t\t<\/div>\n\t\t\t\t\t\t\t\t\t\t\t\t\t\t<div class=\"col-md-4 col-sm-6\">\n\t\t\t\t\t\t\t\t<article class=\"course-card\">\n\t\t\t\t\t\t\t\t\t<div class=\"content\">\n\t\t\t\t\t\t\t\t\t\t<h3 class=\"title-4\">Virtual sexual assault<\/h3>\t\t\t\t\t\t\t\t\t\t\t\t\t\t\t\t\t\t\t\t\t<div class=\"text\"><p>When a young person is subjected to continuous threats of sexual violence online.<\/p>\n<\/div>\n\t\t\t\t\t\t\t\t\t\t\t\t\t\t\t\t\t\t\t<\/div>\n\t\t\t\t\t\t\t\t\t\t\t\t\t\t\t\t\t<\/article>\n\t\t\t\t\t\t\t<\/div>\n\t\t\t\t\t\t\t\t\t\t\t\t\t\t<div class=\"col-md-4 col-sm-6\">\n\t\t\t\t\t\t\t\t<article class=\"course-card\">\n\t\t\t\t\t\t\t\t\t<div class=\"content\">\n\t\t\t\t\t\t\t\t\t\t<h3 class=\"title-4\">Cyberpredation and online exploitation<\/h3>\t\t\t\t\t\t\t\t\t\t\t\t\t\t\t\t\t\t\t\t\t<div class=\"text\"><p>When adults or teenagers communicate with children online with the intention of committing a sexual offence.<\/p>\n<\/div>\n\t\t\t\t\t\t\t\t\t\t\t\t\t\t\t\t\t\t\t<\/div>\n\t\t\t\t\t\t\t\t\t\t\t\t\t\t\t\t\t<\/article>\n\t\t\t\t\t\t\t<\/div>\n\t\t\t\t\t\t\t\t\t\t\t\t\t\t<div class=\"col-md-4 col-sm-6\">\n\t\t\t\t\t\t\t\t<article class=\"course-card\">\n\t\t\t\t\t\t\t\t\t<div class=\"content\">\n\t\t\t\t\t\t\t\t\t\t<h3 class=\"title-4\">Non-consensual sharing of intimate images<\/h3>\t\t\t\t\t\t\t\t\t\t\t\t\t\t\t\t\t\t\t\t\t<div class=\"text\"><p>When intimate images of a person are shared, transmitted, or made accessible to others without their consent, causing a loss of control over the images.<\/p>\n<\/div>\n\t\t\t\t\t\t\t\t\t\t\t\t\t\t\t\t\t\t\t<\/div>\n\t\t\t\t\t\t\t\t\t\t\t\t\t\t\t\t\t<\/article>\n\t\t\t\t\t\t\t<\/div>\n\t\t\t\t\t\t\t\t\t\t\t\t\t<\/div>\n\t\t\t\t\t<\/div>\n\t\t\t\t<\/div>\n\t\t\t<\/div>\n\t\t<\/section>\n\t\n\n\t\t<section class=\"text-standard section-block with-background beige-theme\" data-scroll-section>\n\t\t\t<div class=\"container\">\n\t\t\t\t<div class=\"row row-main\">\n\t\t\t\t\t<div class=\"col-12 col-content\">\n\t\t\t\t\t\t<div class=\"content\">\n\t\t\t\t\t\t\t<h2 class=\"title title-2\">What is female genital mutilation?\n<\/h2>\t\t\t\t\t\t\t\n\t\t\t\t\t\t\t<div class=\"text\">\n\t\t\t\t\t\t\t\t<p>Female genital mutilation (FGM) refers to any procedure that involves the partial or total removal of the external female genitalia for non-medical reasons. Terms such as excision, infibulation, and genital cutting are also used to describe these practices. Various types of FGM are performed for cultural or social reasons.<\/p>\n\t\t\t\t\t\t\t<\/div>\n\n\t\t\t\t\t\t\t\t\t\t\t\t\t<\/div>\n\t\t\t\t\t<\/div>\n\t\t\t\t<\/div>\n\t\t\t<\/div>\n\t\t<\/section>\n\t\n\n\t\t<section class=\"text-cta-a section-block with-background purple-theme\" data-scroll-section>\n\t\t<div class=\"wave-ctn\">\n\t\t\t\t<svg class=\"wave hidden-mobile\" viewBox=\"0 0 1920 120\">\n\t<path d=\"M1920 120V41.4S1524.8 4.8 1265.2 2C919.9-1.6 724.1 96.1 378.9 83.8 230.4 78.6 0 41.4 0 41.4V120h1920Z\" \/>\n\t<path class=\"line\" d=\"M360.9 115.4C214 115.4 2.2 95.6 0 95.4v-1c2.4.2 235 21.9 381.7 19.8C560 111.7 700.3 84.9 836 59.1c128.3-24.4 261-49.7 427.9-55.7 64.8-2.3 138.5-3.2 212.4-3.2 219 0 440.7 7.6 443.7 7.7v1c-4-.1-399.6-13.7-656.1-4.5-166.9 6-299.5 31.2-427.7 55.7-135.8 25.9-276.1 52.6-454.5 55.1-6.7 0-13.7.1-20.8.1Z\"\/>\n<\/svg>\n\n<svg class=\"wave hidden-desktop\" viewBox=\"0 0 390 64\">\n\t<path d=\"M390,64v-32s-52-24-105.5-24S129.7,41.3,60,35C30,32.3,0,17.6,0,17.6v46.4h390Z\"\/>\n\t<path class=\"line\" class=\"cls-1\" d=\"M79,45.5c-29,0-49-5.2-60.7-9.5C5.6,31.3,0,26.7-.3,26.5l.6-.8c0,0,5.9,4.8,18.4,9.4,11.6,4.3,31.4,9.4,60.3,9.4s69.8-11.5,103.3-22.6C215.7,10.9,250.2-.5,284.9-.5h0c51.8,0,104.7,25.1,105.2,25.4l-.4.9c-.5-.3-53.2-25.2-104.8-25.3h0c-34.6,0-69,11.4-102.3,22.4-33.6,11.1-68.4,22.6-103.6,22.6Z\"\/>\n<\/svg>\t\t\t<\/div>\n\t\t\t<div class=\"text-cta-wrapper\">\n\t\t\t\t<div class=\"container-fluid\">\n\t\t\t\t\t<div class=\"content-wrapper\">\n\t\t\t\t\t\t<div class=\"row row-main\">\n\t\t\t\t\t\t\t\t\t\t\t\t\t\t<div class=\"col-lg-8 offset-lg-2 col-content\">\n\t\t\t\t\t\t\t\t<div class=\"content\">\n\t\t\t\t\t\t\t\t\t<h2 class=\"title title-2\">Learn how Marie-Vincent helps young victims of sexual violence<\/h2>\n\t\t\t\t\t\t\t\t\t<div class=\"text\">\n\t\t\t\t\t\t\t\t\t\t\t\t\t\t\t\t\t\t\t<\/div>\n\n\t\t\t\t\t\t\t\t\t\t\t\t\t\t\t\t\t\t\t<div class=\"btns\">\n\t\t\t\t\t\t\t\t\t\t\t\t\t\t\t\t\t\t\t\t\t\t\t\t\t\t<a href=\"\/en\/get-help\/our-services\/\"\n\t\t\t\tclass=\"button button-primary\"\n\t\t\t\t >\n\t\t\t\t\t\t\t\t\t<span class=\"text\">Learn more<\/span>\t\t\t\t\t\t\t<\/a>\n\t\t\t\t\t\t\t\t\t\t\t\t\t\t\t\t\t\t\t\t\t\t\t<\/div>\n\t\t\t\t\t\t\t\t\t\t\t\t\t\t\t\t\t<\/div>\n\t\t\t\t\t\t\t<\/div>\n\t\t\t\t\t\t<\/div>\n\t\t\t\t\t<\/div>\n\t\t\t\t<\/div>\n\t\t\t<\/div>\n\t\t<\/section>\n\t","protected":false},"excerpt":{"rendered":"","protected":false},"author":5,"featured_media":0,"parent":0,"menu_order":48,"comment_status":"closed","ping_status":"closed","template":"","meta":{"_acf_changed":false,"footnotes":""},"class_list":["post-6637","page","type-page","status-publish","hentry"],"acf":[],"_links":{"self":[{"href":"https:\/\/marie-vincent.org\/en\/wp-json\/wp\/v2\/pages\/6637","targetHints":{"allow":["GET"]}}],"collection":[{"href":"https:\/\/marie-vincent.org\/en\/wp-json\/wp\/v2\/pages"}],"about":[{"href":"https:\/\/marie-vincent.org\/en\/wp-json\/wp\/v2\/types\/page"}],"author":[{"embeddable":true,"href":"https:\/\/marie-vincent.org\/en\/wp-json\/wp\/v2\/users\/5"}],"replies":[{"embeddable":true,"href":"https:\/\/marie-vincent.org\/en\/wp-json\/wp\/v2\/comments?post=6637"}],"version-history":[{"count":2,"href":"https:\/\/marie-vincent.org\/en\/wp-json\/wp\/v2\/pages\/6637\/revisions"}],"predecessor-version":[{"id":6641,"href":"https:\/\/marie-vincent.org\/en\/wp-json\/wp\/v2\/pages\/6637\/revisions\/6641"}],"wp:attachment":[{"href":"https:\/\/marie-vincent.org\/en\/wp-json\/wp\/v2\/media?parent=6637"}],"curies":[{"name":"wp","href":"https:\/\/api.w.org\/{rel}","templated":true}]}}