{"id":6628,"date":"2024-10-30T11:32:15","date_gmt":"2024-10-30T15:32:15","guid":{"rendered":"https:\/\/marie-vincent.org\/services-aux-adolescents\/"},"modified":"2026-03-09T10:43:13","modified_gmt":"2026-03-09T14:43:13","slug":"services-for-adolescents","status":"publish","type":"page","link":"https:\/\/marie-vincent.org\/en\/get-help\/services-for-adolescents\/","title":{"rendered":"Services for adolescents"},"content":{"rendered":"\t\t<header class=\"header-primary-a section-block with-background orange-theme\" data-scroll-section>\n\t\t\t<div class=\"container container-main\">\n\t\t\t\t<div class=\"row\">\n\t\t\t\t\t<div class=\"col-md-10 offset-md-1\">\n\t\t\t\t\t\t<div class=\"content\">\n\t\t\t\t\t\t\t<h1 class=\"title-1\"><span class=\"highlight\">Services<\/span> for adolescents\n<\/h1>\t\t\t\t\t\t\t\t\t\t\t\t\t<\/div>\n\t\t\t\t\t<\/div>\n\t\t\t\t<\/div>\n\t\t\t<\/div>\n\t\t\t\t\t\t\t<div class=\"drawing\"><\/div>\n\t\t\t\t\t<\/header>\n\t\n\n\t\t<section class=\"text-standard section-block with-background beige-theme\" data-scroll-section>\n\t\t\t<div class=\"container\">\n\t\t\t\t<div class=\"row row-main\">\n\t\t\t\t\t<div class=\"col-12 col-content\">\n\t\t\t\t\t\t<div class=\"content\">\n\t\t\t\t\t\t\t\t\t\t\t\t\t\t\n\t\t\t\t\t\t\t<div class=\"text\">\n\t\t\t\t\t\t\t\t<p>At Marie-Vincent, adolescents aged 12 to 17 who are victims of sexual violence receive specialized services tailored to their needs.<\/p>\n<p>These services are centralized under one roof and provided by a team of professionals, in collaboration with our police, medical, psychosocial and psychotherapeutic partners.<\/p>\n<p>If a child or adolescent confides that they have experienced sexual abuse, we invite you to read the following page:<\/p>\n\t\t\t\t\t\t\t<\/div>\n\n\t\t\t\t\t\t\t\t\t\t\t\t\t\t\t<div class=\"btns\">\n\t\t\t\t\t\t\t\t\t\t\t\t\t\t\t\t\t\t\t\t\t\t<a href=\"\/en\/understand\/how-respond-suspicions-disclosures\/\"\n\t\t\t\tclass=\"button button-primary\"\n\t\t\t\t >\n\t\t\t\t\t\t\t\t\t<span class=\"text\">How to respond in cases of doubt or disclosure<\/span><i class=\"icon icon-question\" aria-hidden=\"true\"><\/i>\t\t\t\t\t\t\t<\/a>\n\t\t\t\t\t\t\t\t\t\t\t\t\t\t\t\t\t\t\t<\/div>\n\t\t\t\t\t\t\t\t\t\t\t\t\t<\/div>\n\t\t\t\t\t<\/div>\n\t\t\t\t<\/div>\n\t\t\t<\/div>\n\t\t<\/section>\n\t\n\n\t\t<section class=\"text-standard section-block with-background cream-theme\" data-scroll-section>\n\t\t\t<div class=\"container\">\n\t\t\t\t<div class=\"row row-main\">\n\t\t\t\t\t<div class=\"col-12 col-content\">\n\t\t\t\t\t\t<div class=\"content\">\n\t\t\t\t\t\t\t<h2 class=\"title title-2\">Specialized services to meet adolescents\u2019 needs\n<\/h2>\t\t\t\t\t\t\t\n\t\t\t\t\t\t\t<div class=\"text\">\n\t\t\t\t\t\t\t\t<p>The interventions available at Marie-Vincent are tailored to young people\u2019s realities and aim to meet their specific needs.<\/p>\n<p>According to the Marie-Vincent Research Chair, adolescents who have received specialized support generally show:<\/p>\n<ul>\n<li>improved self-esteem<\/li>\n<li>fewer symptoms of anxiety<\/li>\n<li>fewer symptoms of depression<\/li>\n<li>fewer symptoms of post-traumatic stress, including a reduction in avoidance strategies, feelings of guilt and dissociative symptoms<\/li>\n<\/ul>\n\t\t\t\t\t\t\t<\/div>\n\n\t\t\t\t\t\t\t\t\t\t\t\t\t<\/div>\n\t\t\t\t\t<\/div>\n\t\t\t\t<\/div>\n\t\t\t<\/div>\n\t\t<\/section>\n\t\n\n\t\t<section class=\"uxpertise-courses section-block purple-theme\" data-scroll-section>\n\t\t\t<div class=\"wave-ctn\">\n\t\t\t\t<svg class=\"wave hidden-mobile\" viewBox=\"0 0 1920 120\">\n\t<path d=\"M1920 120V41.4S1524.8 4.8 1265.2 2C919.9-1.6 724.1 96.1 378.9 83.8 230.4 78.6 0 41.4 0 41.4V120h1920Z\" \/>\n\t<path class=\"line\" d=\"M360.9 115.4C214 115.4 2.2 95.6 0 95.4v-1c2.4.2 235 21.9 381.7 19.8C560 111.7 700.3 84.9 836 59.1c128.3-24.4 261-49.7 427.9-55.7 64.8-2.3 138.5-3.2 212.4-3.2 219 0 440.7 7.6 443.7 7.7v1c-4-.1-399.6-13.7-656.1-4.5-166.9 6-299.5 31.2-427.7 55.7-135.8 25.9-276.1 52.6-454.5 55.1-6.7 0-13.7.1-20.8.1Z\"\/>\n<\/svg>\n\n<svg class=\"wave hidden-desktop\" viewBox=\"0 0 390 64\">\n\t<path d=\"M390,64v-32s-52-24-105.5-24S129.7,41.3,60,35C30,32.3,0,17.6,0,17.6v46.4h390Z\"\/>\n\t<path class=\"line\" class=\"cls-1\" d=\"M79,45.5c-29,0-49-5.2-60.7-9.5C5.6,31.3,0,26.7-.3,26.5l.6-.8c0,0,5.9,4.8,18.4,9.4,11.6,4.3,31.4,9.4,60.3,9.4s69.8-11.5,103.3-22.6C215.7,10.9,250.2-.5,284.9-.5h0c51.8,0,104.7,25.1,105.2,25.4l-.4.9c-.5-.3-53.2-25.2-104.8-25.3h0c-34.6,0-69,11.4-102.3,22.4-33.6,11.1-68.4,22.6-103.6,22.6Z\"\/>\n<\/svg>\t\t\t<\/div>\n\t\t\t<div class=\"block-wrapper\">\n\t\t\t\t<div class=\"container\">\n\t\t\t\t\t<div class=\"content-wrapper\">\n\t\t\t\t\t\t<div class=\"row row-main\">\n\t\t\t\t\t\t\t<div class=\"col-md-8 offset-md-2 col-content\">\n\t\t\t\t\t\t\t\t<div class=\"content\">\n\t\t\t\t\t\t\t\t\t<h2 class=\"title-2\">Marie-Vincent also supports adolescents subjected to sexual exploitation\n<\/h2>\n\t\t\t\t\t\t\t\t\t\t\t\t\t\t\t\t\t<\/div>\n\t\t\t\t\t\t\t<\/div>\n\t\t\t\t\t\t<\/div>\n\t\t\t\t\t\t<div class=\"row row-cards\">\n\t\t\t\t\t\t\t\t\t\t\t\t\t\t\t\t\t\t\t\t\t<div class=\"col-md-4 col-sm-6\">\n\t\t\t\t\t\t\t\t<article class=\"course-card\">\n\t\t\t\t\t\t\t\t\t<div class=\"content\">\n\t\t\t\t\t\t\t\t\t\t<h3 class=\"title-4\">Discover services for adolescent victims of sexual violence<\/h3>\t\t\t\t\t\t\t\t\t\t\t\t\t\t\t\t\t\t\t<\/div>\n\t\t\t\t\t\t\t\t\t\t\t\t\t\t\t\t\t\t\t<div class=\"btns\">\n\t\t\t\t\t\t\t\t\t\t\t\t\t\t\t\t\t\t\t\t\t\t\t\t\t\t<a href=\"\/en\/get-help\/services-for-adolescents\/experienced-sexual-violence\/\"\n\t\t\t\tclass=\"button button-primary\"\n\t\t\t\t >\n\t\t\t\t\t\t\t\t\t<span class=\"text\">Discover<\/span>\t\t\t\t\t\t\t<\/a>\n\t\t\t\t\t\t\t\t\t\t\t\t\t\t\t\t\t\t\t\t\t\t\t<\/div>\n\t\t\t\t\t\t\t\t\t\t\t\t\t\t\t\t\t<\/article>\n\t\t\t\t\t\t\t<\/div>\n\t\t\t\t\t\t\t\t\t\t\t\t\t\t<div class=\"col-md-4 col-sm-6\">\n\t\t\t\t\t\t\t\t<article class=\"course-card\">\n\t\t\t\t\t\t\t\t\t<div class=\"content\">\n\t\t\t\t\t\t\t\t\t\t<h3 class=\"title-4\">Discover services for adolescents subjected to sexual exploitation<\/h3>\t\t\t\t\t\t\t\t\t\t\t\t\t\t\t\t\t\t\t<\/div>\n\t\t\t\t\t\t\t\t\t\t\t\t\t\t\t\t\t\t\t<div class=\"btns\">\n\t\t\t\t\t\t\t\t\t\t\t\t\t\t\t\t\t\t\t\t\t\t\t\t\t\t<a href=\"\/en\/get-help\/services-for-adolescents\/experiencing-sexual-exploitation\/\"\n\t\t\t\tclass=\"button button-primary\"\n\t\t\t\t >\n\t\t\t\t\t\t\t\t\t<span class=\"text\">Discover<\/span>\t\t\t\t\t\t\t<\/a>\n\t\t\t\t\t\t\t\t\t\t\t\t\t\t\t\t\t\t\t\t\t\t\t<\/div>\n\t\t\t\t\t\t\t\t\t\t\t\t\t\t\t\t\t<\/article>\n\t\t\t\t\t\t\t<\/div>\n\t\t\t\t\t\t\t\t\t\t\t\t\t<\/div>\n\t\t\t\t\t<\/div>\n\t\t\t\t<\/div>\n\t\t\t<\/div>\n\t\t<\/section>\n\t\n\n\t\t<section class=\"featured-tools section-block with-background cream-theme\" data-scroll-section data-featured-tools>\n\t\t<div class=\"wave-ctn\">\n\t\t\t\t<svg class=\"wave hidden-mobile\" viewBox=\"0 0 1920 120\">\n\t<path d=\"M1920 120V41.4S1524.8 4.8 1265.2 2C919.9-1.6 724.1 96.1 378.9 83.8 230.4 78.6 0 41.4 0 41.4V120h1920Z\" \/>\n\t<path class=\"line\" d=\"M360.9 115.4C214 115.4 2.2 95.6 0 95.4v-1c2.4.2 235 21.9 381.7 19.8C560 111.7 700.3 84.9 836 59.1c128.3-24.4 261-49.7 427.9-55.7 64.8-2.3 138.5-3.2 212.4-3.2 219 0 440.7 7.6 443.7 7.7v1c-4-.1-399.6-13.7-656.1-4.5-166.9 6-299.5 31.2-427.7 55.7-135.8 25.9-276.1 52.6-454.5 55.1-6.7 0-13.7.1-20.8.1Z\"\/>\n<\/svg>\n\n<svg class=\"wave hidden-desktop\" viewBox=\"0 0 390 64\">\n\t<path d=\"M390,64v-32s-52-24-105.5-24S129.7,41.3,60,35C30,32.3,0,17.6,0,17.6v46.4h390Z\"\/>\n\t<path class=\"line\" class=\"cls-1\" d=\"M79,45.5c-29,0-49-5.2-60.7-9.5C5.6,31.3,0,26.7-.3,26.5l.6-.8c0,0,5.9,4.8,18.4,9.4,11.6,4.3,31.4,9.4,60.3,9.4s69.8-11.5,103.3-22.6C215.7,10.9,250.2-.5,284.9-.5h0c51.8,0,104.7,25.1,105.2,25.4l-.4.9c-.5-.3-53.2-25.2-104.8-25.3h0c-34.6,0-69,11.4-102.3,22.4-33.6,11.1-68.4,22.6-103.6,22.6Z\"\/>\n<\/svg>\t\t\t<\/div>\n\t\t\t<div class=\"featured-tools-wrapper\">\n\t\t\t\t<div class=\"container\">\n\t\t\t\t\t<div class=\"content-wrapper\">\n\t\t\t\t\t\t<div class=\"row row-title\">\n\t\t\t\t\t\t\t<div class=\"col-md-12 section-title\">\n\t\t\t\t\t\t\t\t\t\t\t\t\t\t\t\t\t<h2 class=\"title title-2\">Tools for adolescents<\/h2>\t\t\t\t\t\t\t\t\n\t\t\t\t\t\t\t\t\t\t\t\t\t\t\t\t\t<div class=\"text\">Marie-Vincent uses numerous practical and educational tools to help adolescents better understand their emotions, recognize risk situations, and regain a sense of safety.<\/div>\n\t\t\t\t\t\t\t\t\t\t\t\t\t\t\t<\/div>\n\t\t\t\t\t\t<\/div>\n\t\t\t\t\t\t<div class=\"row main-row\">\n\t\t\t\t\t\t\t<div class=\"col-md-12\">\n\t\t\t\t\t\t\t\t<div class=\"featured-tools-slider splide\" data-featured-tools-slider>\n\t\t\t\t\t\t\t\t\t<div class=\"splide__track splide-track\">\n\t\t\t\t\t\t\t\t\t\t<div class=\"splide__list\">\n\t\t\t\t\t\t\t\t\t\t\t\t\t\t\t\t\t\t\t\t\t\t\t\n\t\t\t\t\t\t\t\t\t\t\t\t<div class=\"splide__slide splide-slide\">\n\t\t\t\t\t\t\t\t\t\t\t\t\t\n<article class=\"listing-card tool-card\" aria-labelledby=\"tool-card-title-3876\">\n\t<a class=\"link-overlay\"\n\t\thref=\"https:\/\/zonessensibles.com\/\"\n\t\ttarget=\"_blank\"\n\t><\/a>\n\n\t<div class=\"image-container\">\n\t\t\t\t\t<img decoding=\"async\" loading=\"lazy\" width=\"750\" height=\"375\" src=\"https:\/\/marie-vincent.org\/wp-content\/uploads\/2025\/04\/jeu-zones-sensibles-outil-image.jpg\" class=\"image wp-post-image\" alt=\"\" srcset=\"https:\/\/marie-vincent.org\/wp-content\/uploads\/2025\/04\/jeu-zones-sensibles-outil-image.jpg 750w, https:\/\/marie-vincent.org\/wp-content\/uploads\/2025\/04\/jeu-zones-sensibles-outil-image-300x150.jpg 300w, https:\/\/marie-vincent.org\/wp-content\/uploads\/2025\/04\/jeu-zones-sensibles-outil-image-80x40.jpg 80w, https:\/\/marie-vincent.org\/wp-content\/uploads\/2025\/04\/jeu-zones-sensibles-outil-image-186x93.jpg 186w, https:\/\/marie-vincent.org\/wp-content\/uploads\/2025\/04\/jeu-zones-sensibles-outil-image-206x103.jpg 206w, https:\/\/marie-vincent.org\/wp-content\/uploads\/2025\/04\/jeu-zones-sensibles-outil-image-238x119.jpg 238w, https:\/\/marie-vincent.org\/wp-content\/uploads\/2025\/04\/jeu-zones-sensibles-outil-image-275x138.jpg 275w, https:\/\/marie-vincent.org\/wp-content\/uploads\/2025\/04\/jeu-zones-sensibles-outil-image-428x214.jpg 428w, https:\/\/marie-vincent.org\/wp-content\/uploads\/2025\/04\/jeu-zones-sensibles-outil-image-550x275.jpg 550w, https:\/\/marie-vincent.org\/wp-content\/uploads\/2025\/04\/jeu-zones-sensibles-outil-image-580x290.jpg 580w\" sizes=\"auto, (max-width: 750px) 100vw, 750px\" \/>\t\t\t<\/div>\n\t<div class=\"content\">\n\t\t<div class=\"upper\">\n\t\t\t\t\t\t\t<p class=\"category upper-title\">\n\t\t\t\t\t\t\t\t\t\t\t<i class=\"icon-article\" aria-hidden=\"true\"><\/i>\n\t\t\t\t\t\t\t\t\t\tOnline Game\t\t\t\t<\/p>\n\t\t\t\t\t\t<h3 class=\"title title-4\" id=\"tool-card-title-3876\">Jeu Zones sensibles<\/h3>\t\t\t<div class=\"description\"><\/div>\n\t\t<\/div>\n\t\t<div class=\"footer\">\n\t\t\t\t\t\t\t<a href=\"https:\/\/zonessensibles.com\/\" class=\"cta\" target=\"_blank\">\n\t\t\t\t\tPlay\t\t\t\t<\/a>\n\t\t\t\t\t\t\t\t<\/div>\n\t<\/div>\n<\/article>\n\t\t\t\t\t\t\t\t\t\t\t\t<\/div>\n\t\t\t\t\t\t\t\t\t\t\t\t\t\t\t\t\t\t\t\t\t\t\t\n\t\t\t\t\t\t\t\t\t\t\t\t<div class=\"splide__slide splide-slide\">\n\t\t\t\t\t\t\t\t\t\t\t\t\t\n<article class=\"listing-card tool-card\" aria-labelledby=\"tool-card-title-3864\">\n\t<button class=\"link-overlay\"\n\t\ttype=\"button\"\n\t\tdata-video-overlay-trigger=\"featured-tools-video-overlay\"\n\t\tdata-video-url=\"https:\/\/www.youtube.com\/watch?v=j07si63S4nY\"\n\t><\/button>\n\n\t<div class=\"image-container\">\n\t\t\t\t\t<img decoding=\"async\" loading=\"lazy\" width=\"600\" height=\"300\" src=\"https:\/\/marie-vincent.org\/wp-content\/uploads\/2025\/04\/jusqu-ou-pret-aller-likes-outil-image.jpg\" class=\"image wp-post-image\" alt=\"\" srcset=\"https:\/\/marie-vincent.org\/wp-content\/uploads\/2025\/04\/jusqu-ou-pret-aller-likes-outil-image.jpg 600w, https:\/\/marie-vincent.org\/wp-content\/uploads\/2025\/04\/jusqu-ou-pret-aller-likes-outil-image-300x150.jpg 300w, https:\/\/marie-vincent.org\/wp-content\/uploads\/2025\/04\/jusqu-ou-pret-aller-likes-outil-image-80x40.jpg 80w, https:\/\/marie-vincent.org\/wp-content\/uploads\/2025\/04\/jusqu-ou-pret-aller-likes-outil-image-186x93.jpg 186w, https:\/\/marie-vincent.org\/wp-content\/uploads\/2025\/04\/jusqu-ou-pret-aller-likes-outil-image-206x103.jpg 206w, https:\/\/marie-vincent.org\/wp-content\/uploads\/2025\/04\/jusqu-ou-pret-aller-likes-outil-image-238x119.jpg 238w, https:\/\/marie-vincent.org\/wp-content\/uploads\/2025\/04\/jusqu-ou-pret-aller-likes-outil-image-275x138.jpg 275w, https:\/\/marie-vincent.org\/wp-content\/uploads\/2025\/04\/jusqu-ou-pret-aller-likes-outil-image-428x214.jpg 428w, https:\/\/marie-vincent.org\/wp-content\/uploads\/2025\/04\/jusqu-ou-pret-aller-likes-outil-image-550x275.jpg 550w, https:\/\/marie-vincent.org\/wp-content\/uploads\/2025\/04\/jusqu-ou-pret-aller-likes-outil-image-580x290.jpg 580w\" sizes=\"auto, (max-width: 600px) 100vw, 600px\" \/>\t\t\t<\/div>\n\t<div class=\"content\">\n\t\t<div class=\"upper\">\n\t\t\t\t\t\t\t<p class=\"category upper-title\">\n\t\t\t\t\t\t\t\t\t\t\t<i class=\"icon-video\" aria-hidden=\"true\"><\/i>\n\t\t\t\t\t\t\t\t\t\tVideo\t\t\t\t<\/p>\n\t\t\t\t\t\t<h3 class=\"title title-4\" id=\"tool-card-title-3864\">Jusqu\u2019o\u00f9 serais-tu pr\u00eat \u00e0 aller pour des likes?<\/h3>\t\t\t<div class=\"description\"><p>Vid\u00e9o visant \u00e0 pr\u00e9venir la cyberviolence sexuelle aupr\u00e8s des jeunes de secondaire 1.<\/p>\n<\/div>\n\t\t<\/div>\n\t\t<div class=\"footer\">\n\t\t\t\t\t\t\t<button\n\t\t\t\t\tclass=\"cta\"\n\t\t\t\t>\n\t\t\t\t\tView\t\t\t\t<\/button>\n\t\t\t\t\t\t\t\t<\/div>\n\t<\/div>\n<\/article>\n\t\t\t\t\t\t\t\t\t\t\t\t<\/div>\n\t\t\t\t\t\t\t\t\t\t\t\t\t\t\t\t\t\t\t\t\t\t\t\n\t\t\t\t\t\t\t\t\t\t\t\t<div class=\"splide__slide splide-slide\">\n\t\t\t\t\t\t\t\t\t\t\t\t\t\n<article class=\"listing-card tool-card\" aria-labelledby=\"tool-card-title-3531\">\n\t<a class=\"link-overlay\"\n\t\thref=\"https:\/\/marie-vincent.org\/nouvelles\/la-cyberviolence-sexuelle\/\"\n\t\ttarget=\"_blank\"\n\t><\/a>\n\n\t<div class=\"image-container\">\n\t\t\t\t\t<img decoding=\"async\" loading=\"lazy\" width=\"600\" height=\"300\" src=\"https:\/\/marie-vincent.org\/wp-content\/uploads\/2025\/04\/cyberviolence-sexuelle-outil-image.jpg\" class=\"image wp-post-image\" alt=\"\" srcset=\"https:\/\/marie-vincent.org\/wp-content\/uploads\/2025\/04\/cyberviolence-sexuelle-outil-image.jpg 600w, https:\/\/marie-vincent.org\/wp-content\/uploads\/2025\/04\/cyberviolence-sexuelle-outil-image-300x150.jpg 300w, https:\/\/marie-vincent.org\/wp-content\/uploads\/2025\/04\/cyberviolence-sexuelle-outil-image-80x40.jpg 80w, https:\/\/marie-vincent.org\/wp-content\/uploads\/2025\/04\/cyberviolence-sexuelle-outil-image-186x93.jpg 186w, https:\/\/marie-vincent.org\/wp-content\/uploads\/2025\/04\/cyberviolence-sexuelle-outil-image-206x103.jpg 206w, https:\/\/marie-vincent.org\/wp-content\/uploads\/2025\/04\/cyberviolence-sexuelle-outil-image-238x119.jpg 238w, https:\/\/marie-vincent.org\/wp-content\/uploads\/2025\/04\/cyberviolence-sexuelle-outil-image-275x138.jpg 275w, https:\/\/marie-vincent.org\/wp-content\/uploads\/2025\/04\/cyberviolence-sexuelle-outil-image-428x214.jpg 428w, https:\/\/marie-vincent.org\/wp-content\/uploads\/2025\/04\/cyberviolence-sexuelle-outil-image-550x275.jpg 550w, https:\/\/marie-vincent.org\/wp-content\/uploads\/2025\/04\/cyberviolence-sexuelle-outil-image-580x290.jpg 580w\" sizes=\"auto, (max-width: 600px) 100vw, 600px\" \/>\t\t\t<\/div>\n\t<div class=\"content\">\n\t\t<div class=\"upper\">\n\t\t\t\t\t\t\t<p class=\"category upper-title\">\n\t\t\t\t\t\t\t\t\t\t\t<i class=\"icon-article\" aria-hidden=\"true\"><\/i>\n\t\t\t\t\t\t\t\t\t\tArticle\t\t\t\t<\/p>\n\t\t\t\t\t\t<h3 class=\"title title-4\" id=\"tool-card-title-3531\">La cyberviolence sexuelle<\/h3>\t\t\t<div class=\"description\"><p>La cyberviolence sexuelle est une forme de violence sexuelle r\u00e9alis\u00e9e au moyen des diff\u00e9rentes technologies de communications, telles que le web, les m\u00e9dias sociaux et les textos. D\u00e9couvrez les diff\u00e9rentes formes de cyberviolence sexuelle.<\/p>\n<\/div>\n\t\t<\/div>\n\t\t<div class=\"footer\">\n\t\t\t\t\t\t\t<a href=\"https:\/\/marie-vincent.org\/nouvelles\/la-cyberviolence-sexuelle\/\" class=\"cta\">\n\t\t\t\t\tRead the article\t\t\t\t<\/a>\n\t\t\t\t\t\t\t\t<\/div>\n\t<\/div>\n<\/article>\n\t\t\t\t\t\t\t\t\t\t\t\t<\/div>\n\t\t\t\t\t\t\t\t\t\t\t\t\t\t\t\t\t\t\t\t\t<\/div>\n\t\t\t\t\t\t\t\t\t<\/div>\n\t\t\t\t\t\t\t\t\t<div class=\"slider-progress-bar\">\n\t\t\t\t\t\t\t\t\t\t<div class=\"slider-progress-handle\" data-splide-progress-bar><\/div>\n\t\t\t\t\t\t\t\t\t<\/div>\n\t\t\t\t\t\t\t\t<\/div>\n\t\t\t\t\t\t\t\t\t\t\t\t\t\t\t\t\t<div class=\"btns\">\n\t\t\t\t\t\t\t\t\t\t\t\t\t\t\t\t\t\t\t\t\t\t\t\t<a href=\"\/en\/toolkit\/?audience=teens\"\n\t\t\t\tclass=\"button button-primary\"\n\t\t\t\t >\n\t\t\t\t\t\t\t\t\t<span class=\"text\">Discover all tools<\/span>\t\t\t\t\t\t\t<\/a>\n\t\t\t\t\t\t\t\t\t\t\t\t\t\t\t\t\t\t\t\t\t<\/div>\n\t\t\t\t\t\t\t\t\t\t\t\t\t\t\t<\/div>\n\t\t\t\t\t\t<\/div>\n\t\t\t\t\t<\/div>\n\t\t\t\t<\/div>\n\t\t\t<\/div>\n\t\t\t\n\n\t<dialog class=\"dialog dialog-featured-tools-video\" id=\"featured-tools-video-overlay\" data-video-overlay inert>\n\t\t<div class=\"dialog-wrapper\">\n\t\t\t<div class=\"dialog-content\" data-dialog-content>\n\t\t\t\t\t\t\t\t\t\t\t\t\t<button type=\"button\" class=\"button dialog-close\" data-dialog-close>\n\t\t\t\t\t\t<i class=\"icon icon-close\" aria-hidden=\"true\"><\/i>\n\t\t\t\t\t\t<span class=\"sr-only\">dialog.close.text<\/span>\n\t\t\t\t\t<\/button>\n\t\t\t\t\t\t\t\t\t\t\t\t\t<div class=\"content\">\n\t\t\t\t\t\t\t\t\t\t\t\t\t\t\t\t\t\t\t<div class=\"description\"><div class=\"video-player\" data-video-player>\n\t<iframe class=\"video-player-iframe\" data-video-player-iframe title=\"video_player.iframe.title\" data-video-autoplay allow=\"accelerometer; fullscreen; clipboard-write; encrypted-media; gyroscope; picture-in-picture; web-share; autoplay\" loading=\"lazy\"><\/iframe>\n<\/div><\/div>\n\t\t\t\t\t\t\t\t\t\t\t<\/div>\n\t\t\t\t\t\t\t\n\t\t\t\t<!-- If necessary, this section is used for extra content that you want outside of the overflow-y on .dialog-content -->\n\t\t\t\t\t\t\t<\/div>\n\t\t\t\t\t<\/div>\n\t<\/dialog>\n\t\t<\/section>\n\t","protected":false},"excerpt":{"rendered":"","protected":false},"author":5,"featured_media":0,"parent":0,"menu_order":41,"comment_status":"closed","ping_status":"closed","template":"","meta":{"_acf_changed":false,"footnotes":""},"class_list":["post-6628","page","type-page","status-publish","hentry"],"acf":[],"_links":{"self":[{"href":"https:\/\/marie-vincent.org\/en\/wp-json\/wp\/v2\/pages\/6628","targetHints":{"allow":["GET"]}}],"collection":[{"href":"https:\/\/marie-vincent.org\/en\/wp-json\/wp\/v2\/pages"}],"about":[{"href":"https:\/\/marie-vincent.org\/en\/wp-json\/wp\/v2\/types\/page"}],"author":[{"embeddable":true,"href":"https:\/\/marie-vincent.org\/en\/wp-json\/wp\/v2\/users\/5"}],"replies":[{"embeddable":true,"href":"https:\/\/marie-vincent.org\/en\/wp-json\/wp\/v2\/comments?post=6628"}],"version-history":[{"count":2,"href":"https:\/\/marie-vincent.org\/en\/wp-json\/wp\/v2\/pages\/6628\/revisions"}],"predecessor-version":[{"id":6853,"href":"https:\/\/marie-vincent.org\/en\/wp-json\/wp\/v2\/pages\/6628\/revisions\/6853"}],"wp:attachment":[{"href":"https:\/\/marie-vincent.org\/en\/wp-json\/wp\/v2\/media?parent=6628"}],"curies":[{"name":"wp","href":"https:\/\/api.w.org\/{rel}","templated":true}]}}