{"id":6625,"date":"2024-10-30T11:35:36","date_gmt":"2024-10-30T15:35:36","guid":{"rendered":"https:\/\/marie-vincent.org\/services-professionnels\/"},"modified":"2026-03-09T10:20:50","modified_gmt":"2026-03-09T14:20:50","slug":"services-professionals","status":"publish","type":"page","link":"https:\/\/marie-vincent.org\/en\/get-help\/services-professionals\/","title":{"rendered":"Services for professionals"},"content":{"rendered":"\t\t<header class=\"header-primary-a section-block with-background orange-theme\" data-scroll-section>\n\t\t\t<div class=\"container container-main\">\n\t\t\t\t<div class=\"row\">\n\t\t\t\t\t<div class=\"col-md-10 offset-md-1\">\n\t\t\t\t\t\t<div class=\"content\">\n\t\t\t\t\t\t\t<h1 class=\"title-1\"><span class=\"highlight\">Services<\/span> for professionals\n<\/h1>\t\t\t\t\t\t\t\t\t\t\t\t\t<\/div>\n\t\t\t\t\t<\/div>\n\t\t\t\t<\/div>\n\t\t\t<\/div>\n\t\t\t\t\t\t\t<div class=\"drawing\"><\/div>\n\t\t\t\t\t<\/header>\n\t\n\n\t\t<section class=\"text-standard section-block with-background beige-theme\" data-scroll-section>\n\t\t\t<div class=\"container\">\n\t\t\t\t<div class=\"row row-main\">\n\t\t\t\t\t<div class=\"col-12 col-content\">\n\t\t\t\t\t\t<div class=\"content\">\n\t\t\t\t\t\t\t\t\t\t\t\t\t\t\n\t\t\t\t\t\t\t<div class=\"text\">\n\t\t\t\t\t\t\t\t<p>To help build a world free from sexual violence, Marie-Vincent strengthens community capacity by preventing violence, training professionals and supporting organizations that work with young people.<\/p>\n<p>Specialized support and advisory services are offered to professionals who work with children and adolescents.<\/p>\n\t\t\t\t\t\t\t<\/div>\n\n\t\t\t\t\t\t\t\t\t\t\t\t\t\t\t<div class=\"btns\">\n\t\t\t\t\t\t\t\t\t\t\t\t\t\t\t\t\t\t\t\t\t\t<a href=\"\/en\/contact\/\"\n\t\t\t\tclass=\"button button-primary\"\n\t\t\t\t >\n\t\t\t\t\t\t\t\t\t<span class=\"text\">Contact us<\/span>\t\t\t\t\t\t\t<\/a>\n\t\t\t\t\t\t\t\t\t\t\t\t\t\t\t\t\t\t\t\t\t\t\t\t<a href=\"\/wp-content\/uploads\/2026\/03\/MV-one-pager-partenaires-2025-ang-V1-1.pdf\"\n\t\t\t\tclass=\"button button-secondary\"\n\t\t\t\t target=\"_blank\" rel=\"noopener\" >\n\t\t\t\t\t\t\t\t\t<span class=\"text\">View the information brochure<\/span>\t\t\t\t\t\t\t<\/a>\n\t\t\t\t\t\t\t\t\t\t\t\t\t\t\t\t\t\t\t<\/div>\n\t\t\t\t\t\t\t\t\t\t\t\t\t<\/div>\n\t\t\t\t\t<\/div>\n\t\t\t\t<\/div>\n\t\t\t<\/div>\n\t\t<\/section>\n\t\n\n\t\t<section class=\"text-standard section-block with-background cream-theme\" data-scroll-section>\n\t\t\t<div class=\"container\">\n\t\t\t\t<div class=\"row row-main\">\n\t\t\t\t\t<div class=\"col-12 col-content\">\n\t\t\t\t\t\t<div class=\"content\">\n\t\t\t\t\t\t\t<h2 class=\"title title-2\">Advisory services\n<\/h2>\t\t\t\t\t\t\t\n\t\t\t\t\t\t\t<div class=\"text\">\n\t\t\t\t\t\t\t\t<h3>What are they?<\/h3>\n<p>Advisory services aim to provide information on sexual violence (for youth under 18) and sexual behaviour problems (for children under 12).<\/p>\n<p>They also help practitioners identify the most appropriate interventions to implement.<\/p>\n<p>Please note: Advisory services do not include psychotherapy.<\/p>\n<h3>Who is this service for?<\/h3>\n<p>For practitioners in:<\/p>\n<ul>\n<li>the health and social services network;<\/li>\n<li>community organizations;<\/li>\n<li>police services;<\/li>\n<li>the education and early childhood sector;<\/li>\n<li>professionals in private practice.<\/li>\n<\/ul>\n<p>&nbsp;<\/p>\n<h3>How can an appointment be made?<\/h3>\n<p>Professionals who want to schedule a telephone appointment must contact Marie-Vincent reception.<\/p>\n<p>Available time slots will be offered.<\/p>\n<p>This is not an emergency service: the callback timeframe may vary between 48 and 72 business hours.<\/p>\n<p>&nbsp;<\/p>\n<h3>Service modalities<\/h3>\n<ul>\n<li>Offered free of charge;<\/li>\n<li>Provided by a psychosocial practitioner;<\/li>\n<li>Generally one to two telephone calls of approximately 30 minutes.<\/li>\n<\/ul>\n\t\t\t\t\t\t\t<\/div>\n\n\t\t\t\t\t\t\t\t\t\t\t\t\t\t\t<div class=\"btns\">\n\t\t\t\t\t\t\t\t\t\t\t\t\t\t\t\t\t\t\t\t\t\t<a href=\"\/en\/contact\/\"\n\t\t\t\tclass=\"button button-primary\"\n\t\t\t\t >\n\t\t\t\t\t\t\t\t\t<span class=\"text\">Contact us<\/span>\t\t\t\t\t\t\t<\/a>\n\t\t\t\t\t\t\t\t\t\t\t\t\t\t\t\t\t\t\t<\/div>\n\t\t\t\t\t\t\t\t\t\t\t\t\t<\/div>\n\t\t\t\t\t<\/div>\n\t\t\t\t<\/div>\n\t\t\t<\/div>\n\t\t<\/section>\n\t\n\n\t\t<section class=\"text-standard section-block with-background beige-theme\" data-scroll-section>\n\t\t\t<div class=\"container\">\n\t\t\t\t<div class=\"row row-main\">\n\t\t\t\t\t<div class=\"col-12 col-content\">\n\t\t\t\t\t\t<div class=\"content\">\n\t\t\t\t\t\t\t<h2 class=\"title title-2\">Professional consultation\n<\/h2>\t\t\t\t\t\t\t\n\t\t\t\t\t\t\t<div class=\"text\">\n\t\t\t\t\t\t\t\t<h3>What is it?<\/h3>\n<p>Professional consultation is a short-term support service that helps professionals develop or deepen their knowledge of sexual violence and sexual behaviour problems, and strengthen their assessment and intervention skills, including psychotherapy.<\/p>\n<p>&nbsp;<\/p>\n<h3>Who is this service for?<\/h3>\n<p>For practitioners in:<\/p>\n<ul>\n<li>health and social services;<\/li>\n<li>community organizations;<\/li>\n<li>police services;<\/li>\n<li>the education and early childhood sector<\/li>\n<li>private practices.<\/li>\n<\/ul>\n<p>&nbsp;<\/p>\n<h3>How can it be accessed?<\/h3>\n<p>This service can be made available following an advisory services appointment, when needs go beyond simple informational support or relate directly to psychotherapy.<\/p>\n<p>In such cases, and with the professional\u2019s consent, the request is forwarded to clinical services coordination, which will arrange a appointment based on team availability.<\/p>\n<h3>\nService modalities<\/h3>\n<ul>\n<li>Offered free of charge;<\/li>\n<li>Provided by a psychotherapist from the clinical team;<\/li>\n<li>Usually one to two calls lasting 45 to 60 minutes;<\/li>\n<li>If needs exceed the scope of the service, the person will be encouraged to seek external supervision.<\/li>\n<\/ul>\n<h3>\nGood to know<\/h3>\n<p>In accordance with the requirements of the Ordre des psychologues du Qu\u00e9bec, the professional receiving this service must complete the formal consultation consent form.<\/p>\n<p>This service is distinct from supervision; it does not provide direct guidance for professional practice.<\/p>\n\t\t\t\t\t\t\t<\/div>\n\n\t\t\t\t\t\t\t\t\t\t\t\t\t<\/div>\n\t\t\t\t\t<\/div>\n\t\t\t\t<\/div>\n\t\t\t<\/div>\n\t\t<\/section>\n\t\n\n\t\t<section class=\"text-standard section-block with-background cream-theme\" data-scroll-section>\n\t\t\t<div class=\"container\">\n\t\t\t\t<div class=\"row row-main\">\n\t\t\t\t\t<div class=\"col-12 col-content\">\n\t\t\t\t\t\t<div class=\"content\">\n\t\t\t\t\t\t\t<h2 class=\"title title-2\">Our partners\n<\/h2>\t\t\t\t\t\t\t\n\t\t\t\t\t\t\t<div class=\"text\">\n\t\t\t\t\t\t\t\t\t\t\t\t\t\t\t<\/div>\n\n\t\t\t\t\t\t\t\t\t\t\t\t\t<\/div>\n\t\t\t\t\t<\/div>\n\t\t\t\t<\/div>\n\t\t\t<\/div>\n\t\t<\/section>\n\t\n\n\t\t<section class=\"publications-listing section-block with-background cream-theme\" data-scroll-section>\n\t\t\t<div class=\"container\">\n\t\t\t\t<div class=\"col-md-12 col-publications-wrapper\">\n\t\t\t\t\t\t\t\t\t\t\t\t\t\t\t\t\t\t\t\t\t\t\t\t<div class=\"row row-publication\">\n\t\t\t\t\t\t\t\t<div class=\"col-md-12 section-category\">\n\t\t\t\t\t\t\t\t\t\t\t\t\t\t\t\t\t\t\t<span class=\"publication-category\">\n\t\t\t\t\t\t\t\t\t\t\t<h2 class=\"category-title title-5\">Medical services<\/h2>\t\t\t\t\t\t\t\t\t\t<\/span>\n\t\t\t\t\t\t\t\t\t\t\t\t\t\t\t\t\t<\/div>\n\t\t\t\t\t\t\t\t<div class=\"col-md-12 publication-info\">\n\t\t\t\t\t\t\t\t\t\t\t\t\t\t\t\t\t\t\t\t\t\t\t\t\t\t\t\t\t<div class=\"publication-card\">\n\t\t\t\t\t\t\t\t\t\t\t<div class=\"upper\">\n\t\t\t\t\t\t\t\t\t\t\t\t<h3 class=\"publication-title title-5\">CHU Sainte-Justine\u00a0(Montr\u00e9al)<\/h3>\n\t\t\t\t\t\t\t\t\t\t\t\t\t\t\t\t\t\t\t\t\t\t\t\t\t<div class=\"description\">\n\t\t\t\t\t\t\t\t\t\t\t\t\t\t<p>Primarily serves French-speaking clients. Go directly to the emergency department (24\/7). If the assault occurred more than 5 days ago: two specialized clinics are available by appointment.<\/p>\r\n<ul>\r\n  <li>Children&#8217;s clinic: <strong><a href=\"tel:5143454866\">514-345-4866<\/a><\/strong><\/li>\r\n  <li>Adolescent clinic: <strong><a href=\"tel:5143454722\">514-345-4722<\/a><\/strong><\/li>\r\n<\/ul>\r\n\r\n<p>Primarily serves English-speaking clients. Go directly to the emergency department (24\/7). If the assault occurred more than 5 days ago: a specialized clinic is available by appointment.<\/p>\r\n<ul>\r\n  <li>Sexual assault clinic: <strong><a href=\"tel:5144124481\">514-412-4481<\/a><\/strong><\/li>\r\n<\/ul>\t\t\t\t\t\t\t\t\t\t\t\t\t<\/div>\n\t\t\t\t\t\t\t\t\t\t\t\t\t\t\t\t\t\t\t\t\t\t\t<\/div>\n\t\t\t\t\t\t\t\t\t\t\t<div class=\"footer\">\n\t\t\t\t\t\t\t\t\t\t\t\t<a href=\"tel:5143454931\" class=\"phone\"><i class=\"icon icon-phone\"><\/i>514 345-4931<\/a> | <a href=\"https:\/\/www.chusj.org\/en\/Home\" class=\"website\" target=\"_blank\"><i class=\"icon icon-website\"><\/i><\/a>\t\t\t\t\t\t\t\t\t\t\t<\/div>\n\t\t\t\t\t\t\t\t\t\t<\/div>\n\t\t\t\t\t\t\t\t\t\t\t\t\t\t\t\t\t\t\t\t\t\t\t\t\t\t\t\t\t<div class=\"publication-card\">\n\t\t\t\t\t\t\t\t\t\t\t<div class=\"upper\">\n\t\t\t\t\t\t\t\t\t\t\t\t<h3 class=\"publication-title title-5\">CISSS de la Mont\u00e9r\u00e9gie-Est, Mont\u00e9r\u00e9gie-Ouest and Mont\u00e9r\u00e9gie-Centre<\/h3>\n\t\t\t\t\t\t\t\t\t\t\t\t\t\t\t\t\t\t\t\t\t\t\t<\/div>\n\t\t\t\t\t\t\t\t\t\t\t<div class=\"footer\">\n\t\t\t\t\t\t\t\t\t\t\t\t\t\t\t\t\t\t\t\t\t\t\t<\/div>\n\t\t\t\t\t\t\t\t\t\t<\/div>\n\t\t\t\t\t\t\t\t\t\t\t\t\t\t\t\t\t\t\t\t\t\t\t\t\t\t\t\t\t<div class=\"publication-card\">\n\t\t\t\t\t\t\t\t\t\t\t<div class=\"upper\">\n\t\t\t\t\t\t\t\t\t\t\t\t<h3 class=\"publication-title title-5\">Montr\u00e9al Children\u2019s Hospital<\/h3>\n\t\t\t\t\t\t\t\t\t\t\t\t\t\t\t\t\t\t\t\t\t\t\t<\/div>\n\t\t\t\t\t\t\t\t\t\t\t<div class=\"footer\">\n\t\t\t\t\t\t\t\t\t\t\t\t\t\t\t\t\t\t\t\t\t\t\t<\/div>\n\t\t\t\t\t\t\t\t\t\t<\/div>\n\t\t\t\t\t\t\t\t\t\t\t\t\t\t\t\t\t\t\t\t\t\t\t\t\t\t\t\t\t<div class=\"publication-card\">\n\t\t\t\t\t\t\t\t\t\t\t<div class=\"upper\">\n\t\t\t\t\t\t\t\t\t\t\t\t<h3 class=\"publication-title title-5\">CIUSSS Centre-Ouest-de-l\u2019\u00cele-de-Montr\u00e9al<\/h3>\n\t\t\t\t\t\t\t\t\t\t\t\t\t\t\t\t\t\t\t\t\t\t\t<\/div>\n\t\t\t\t\t\t\t\t\t\t\t<div class=\"footer\">\n\t\t\t\t\t\t\t\t\t\t\t\t\t\t\t\t\t\t\t\t\t\t\t<\/div>\n\t\t\t\t\t\t\t\t\t\t<\/div>\n\t\t\t\t\t\t\t\t\t\t\t\t\t\t\t\t\t<\/div>\n\t\t\t\t\t\t\t<\/div>\n\t\t\t\t\t\t\t\t\t\t\t\t\t\t\t\t\t\t\t\t\t\t\t\t\t\t\t\t\t\t<div class=\"row row-publication\">\n\t\t\t\t\t\t\t\t<div class=\"col-md-12 section-category\">\n\t\t\t\t\t\t\t\t\t\t\t\t\t\t\t\t\t\t\t<span class=\"publication-category\">\n\t\t\t\t\t\t\t\t\t\t\t<h2 class=\"category-title title-5\">Police services<\/h2>\t\t\t\t\t\t\t\t\t\t<\/span>\n\t\t\t\t\t\t\t\t\t\t\t\t\t\t\t\t\t<\/div>\n\t\t\t\t\t\t\t\t<div class=\"col-md-12 publication-info\">\n\t\t\t\t\t\t\t\t\t\t\t\t\t\t\t\t\t\t\t\t\t\t\t\t\t\t\t\t\t<div class=\"publication-card\">\n\t\t\t\t\t\t\t\t\t\t\t<div class=\"upper\">\n\t\t\t\t\t\t\t\t\t\t\t\t<h3 class=\"publication-title title-5\">\u00c9cole nationale de police du Qu\u00e9bec<\/h3>\n\t\t\t\t\t\t\t\t\t\t\t\t\t\t\t\t\t\t\t\t\t\t\t<\/div>\n\t\t\t\t\t\t\t\t\t\t\t<div class=\"footer\">\n\t\t\t\t\t\t\t\t\t\t\t\t\t\t\t\t\t\t\t\t\t\t\t<\/div>\n\t\t\t\t\t\t\t\t\t\t<\/div>\n\t\t\t\t\t\t\t\t\t\t\t\t\t\t\t\t\t\t\t\t\t\t\t\t\t\t\t\t\t<div class=\"publication-card\">\n\t\t\t\t\t\t\t\t\t\t\t<div class=\"upper\">\n\t\t\t\t\t\t\t\t\t\t\t\t<h3 class=\"publication-title title-5\">Richelieu\u2013Saint-Laurent Intermunicipal Police Board<\/h3>\n\t\t\t\t\t\t\t\t\t\t\t\t\t\t\t\t\t\t\t\t\t\t\t<\/div>\n\t\t\t\t\t\t\t\t\t\t\t<div class=\"footer\">\n\t\t\t\t\t\t\t\t\t\t\t\t\t\t\t\t\t\t\t\t\t\t\t<\/div>\n\t\t\t\t\t\t\t\t\t\t<\/div>\n\t\t\t\t\t\t\t\t\t\t\t\t\t\t\t\t\t\t\t\t\t\t\t\t\t\t\t\t\t<div class=\"publication-card\">\n\t\t\t\t\t\t\t\t\t\t\t<div class=\"upper\">\n\t\t\t\t\t\t\t\t\t\t\t\t<h3 class=\"publication-title title-5\">Longueuil Agglomeration Police Service<\/h3>\n\t\t\t\t\t\t\t\t\t\t\t\t\t\t\t\t\t\t\t\t\t\t\t<\/div>\n\t\t\t\t\t\t\t\t\t\t\t<div class=\"footer\">\n\t\t\t\t\t\t\t\t\t\t\t\t\t\t\t\t\t\t\t\t\t\t\t<\/div>\n\t\t\t\t\t\t\t\t\t\t<\/div>\n\t\t\t\t\t\t\t\t\t\t\t\t\t\t\t\t\t\t\t\t\t\t\t\t\t\t\t\t\t<div class=\"publication-card\">\n\t\t\t\t\t\t\t\t\t\t\t<div class=\"upper\">\n\t\t\t\t\t\t\t\t\t\t\t\t<h3 class=\"publication-title title-5\">Laval Police Service<\/h3>\n\t\t\t\t\t\t\t\t\t\t\t\t\t\t\t\t\t\t\t\t\t\t\t<\/div>\n\t\t\t\t\t\t\t\t\t\t\t<div class=\"footer\">\n\t\t\t\t\t\t\t\t\t\t\t\t\t\t\t\t\t\t\t\t\t\t\t<\/div>\n\t\t\t\t\t\t\t\t\t\t<\/div>\n\t\t\t\t\t\t\t\t\t\t\t\t\t\t\t\t\t\t\t\t\t\t\t\t\t\t\t\t\t<div class=\"publication-card\">\n\t\t\t\t\t\t\t\t\t\t\t<div class=\"upper\">\n\t\t\t\t\t\t\t\t\t\t\t\t<h3 class=\"publication-title title-5\">Ville de Ch\u00e2teauguay Police Service<\/h3>\n\t\t\t\t\t\t\t\t\t\t\t\t\t\t\t\t\t\t\t\t\t\t\t<\/div>\n\t\t\t\t\t\t\t\t\t\t\t<div class=\"footer\">\n\t\t\t\t\t\t\t\t\t\t\t\t\t\t\t\t\t\t\t\t\t\t\t<\/div>\n\t\t\t\t\t\t\t\t\t\t<\/div>\n\t\t\t\t\t\t\t\t\t\t\t\t\t\t\t\t\t\t\t\t\t\t\t\t\t\t\t\t\t<div class=\"publication-card\">\n\t\t\t\t\t\t\t\t\t\t\t<div class=\"upper\">\n\t\t\t\t\t\t\t\t\t\t\t\t<h3 class=\"publication-title title-5\">Ville de Mercier Police Service<\/h3>\n\t\t\t\t\t\t\t\t\t\t\t\t\t\t\t\t\t\t\t\t\t\t\t<\/div>\n\t\t\t\t\t\t\t\t\t\t\t<div class=\"footer\">\n\t\t\t\t\t\t\t\t\t\t\t\t\t\t\t\t\t\t\t\t\t\t\t<\/div>\n\t\t\t\t\t\t\t\t\t\t<\/div>\n\t\t\t\t\t\t\t\t\t\t\t\t\t\t\t\t\t\t\t\t\t\t\t\t\t\t\t\t\t<div class=\"publication-card\">\n\t\t\t\t\t\t\t\t\t\t\t<div class=\"upper\">\n\t\t\t\t\t\t\t\t\t\t\t\t<h3 class=\"publication-title title-5\">Service de police de la Ville de Montr\u00e9al (SPVM)<\/h3>\n\t\t\t\t\t\t\t\t\t\t\t\t\t\t\t\t\t\t\t\t\t\t\t<\/div>\n\t\t\t\t\t\t\t\t\t\t\t<div class=\"footer\">\n\t\t\t\t\t\t\t\t\t\t\t\t\t\t\t\t\t\t\t\t\t\t\t<\/div>\n\t\t\t\t\t\t\t\t\t\t<\/div>\n\t\t\t\t\t\t\t\t\t\t\t\t\t\t\t\t\t\t\t\t\t\t\t\t\t\t\t\t\t<div class=\"publication-card\">\n\t\t\t\t\t\t\t\t\t\t\t<div class=\"upper\">\n\t\t\t\t\t\t\t\t\t\t\t\t<h3 class=\"publication-title title-5\">S\u00fbret\u00e9 du Qu\u00e9bec<\/h3>\n\t\t\t\t\t\t\t\t\t\t\t\t\t\t\t\t\t\t\t\t\t\t\t<\/div>\n\t\t\t\t\t\t\t\t\t\t\t<div class=\"footer\">\n\t\t\t\t\t\t\t\t\t\t\t\t\t\t\t\t\t\t\t\t\t\t\t<\/div>\n\t\t\t\t\t\t\t\t\t\t<\/div>\n\t\t\t\t\t\t\t\t\t\t\t\t\t\t\t\t\t<\/div>\n\t\t\t\t\t\t\t<\/div>\n\t\t\t\t\t\t\t\t\t\t\t\t\t\t\t\t\t\t\t\t\t\t\t\t\t\t\t\t\t\t<div class=\"row row-publication\">\n\t\t\t\t\t\t\t\t<div class=\"col-md-12 section-category\">\n\t\t\t\t\t\t\t\t\t\t\t\t\t\t\t\t\t\t\t<span class=\"publication-category\">\n\t\t\t\t\t\t\t\t\t\t\t<h2 class=\"category-title title-5\">Universities<\/h2>\t\t\t\t\t\t\t\t\t\t<\/span>\n\t\t\t\t\t\t\t\t\t\t\t\t\t\t\t\t\t<\/div>\n\t\t\t\t\t\t\t\t<div class=\"col-md-12 publication-info\">\n\t\t\t\t\t\t\t\t\t\t\t\t\t\t\t\t\t\t\t\t\t\t\t\t\t\t\t\t\t<div class=\"publication-card\">\n\t\t\t\t\t\t\t\t\t\t\t<div class=\"upper\">\n\t\t\t\t\t\t\t\t\t\t\t\t<h3 class=\"publication-title title-5\">McGill University<\/h3>\n\t\t\t\t\t\t\t\t\t\t\t\t\t\t\t\t\t\t\t\t\t\t\t<\/div>\n\t\t\t\t\t\t\t\t\t\t\t<div class=\"footer\">\n\t\t\t\t\t\t\t\t\t\t\t\t\t\t\t\t\t\t\t\t\t\t\t<\/div>\n\t\t\t\t\t\t\t\t\t\t<\/div>\n\t\t\t\t\t\t\t\t\t\t\t\t\t\t\t\t\t\t\t\t\t\t\t\t\t\t\t\t\t<div class=\"publication-card\">\n\t\t\t\t\t\t\t\t\t\t\t<div class=\"upper\">\n\t\t\t\t\t\t\t\t\t\t\t\t<h3 class=\"publication-title title-5\">Universit\u00e9 de Montr\u00e9al<\/h3>\n\t\t\t\t\t\t\t\t\t\t\t\t\t\t\t\t\t\t\t\t\t\t\t<\/div>\n\t\t\t\t\t\t\t\t\t\t\t<div class=\"footer\">\n\t\t\t\t\t\t\t\t\t\t\t\t\t\t\t\t\t\t\t\t\t\t\t<\/div>\n\t\t\t\t\t\t\t\t\t\t<\/div>\n\t\t\t\t\t\t\t\t\t\t\t\t\t\t\t\t\t\t\t\t\t\t\t\t\t\t\t\t\t<div class=\"publication-card\">\n\t\t\t\t\t\t\t\t\t\t\t<div class=\"upper\">\n\t\t\t\t\t\t\t\t\t\t\t\t<h3 class=\"publication-title title-5\">Universit\u00e9 du Qu\u00e9bec \u00e0 Montr\u00e9al<\/h3>\n\t\t\t\t\t\t\t\t\t\t\t\t\t\t\t\t\t\t\t\t\t\t\t<\/div>\n\t\t\t\t\t\t\t\t\t\t\t<div class=\"footer\">\n\t\t\t\t\t\t\t\t\t\t\t\t\t\t\t\t\t\t\t\t\t\t\t<\/div>\n\t\t\t\t\t\t\t\t\t\t<\/div>\n\t\t\t\t\t\t\t\t\t\t\t\t\t\t\t\t\t<\/div>\n\t\t\t\t\t\t\t<\/div>\n\t\t\t\t\t\t\t\t\t\t\t\t\t\t\t\t\t\t\t\t\t\t\t\t\t\t\t\t\t\t<div class=\"row row-publication\">\n\t\t\t\t\t\t\t\t<div class=\"col-md-12 section-category\">\n\t\t\t\t\t\t\t\t\t\t\t\t\t\t\t\t\t\t\t<span class=\"publication-category\">\n\t\t\t\t\t\t\t\t\t\t\t<h2 class=\"category-title title-5\">Psychosocial services<\/h2>\t\t\t\t\t\t\t\t\t\t<\/span>\n\t\t\t\t\t\t\t\t\t\t\t\t\t\t\t\t\t<\/div>\n\t\t\t\t\t\t\t\t<div class=\"col-md-12 publication-info\">\n\t\t\t\t\t\t\t\t\t\t\t\t\t\t\t\t\t\t\t\t\t\t\t\t\t\t\t\t\t<div class=\"publication-card\">\n\t\t\t\t\t\t\t\t\t\t\t<div class=\"upper\">\n\t\t\t\t\t\t\t\t\t\t\t\t<h3 class=\"publication-title title-5\">Batshaw Youth and Family Centres (CIUSSS Centre-Ouest-de-l\u2019\u00cele-de-Montr\u00e9al)<\/h3>\n\t\t\t\t\t\t\t\t\t\t\t\t\t\t\t\t\t\t\t\t\t\t\t<\/div>\n\t\t\t\t\t\t\t\t\t\t\t<div class=\"footer\">\n\t\t\t\t\t\t\t\t\t\t\t\t\t\t\t\t\t\t\t\t\t\t\t<\/div>\n\t\t\t\t\t\t\t\t\t\t<\/div>\n\t\t\t\t\t\t\t\t\t\t\t\t\t\t\t\t\t\t\t\t\t\t\t\t\t\t\t\t\t<div class=\"publication-card\">\n\t\t\t\t\t\t\t\t\t\t\t<div class=\"upper\">\n\t\t\t\t\t\t\t\t\t\t\t\t<h3 class=\"publication-title title-5\">Centre d\u2019intervention en abus sexuels pour la famille (CIASF)<\/h3>\n\t\t\t\t\t\t\t\t\t\t\t\t\t\t\t\t\t\t\t\t\t\t\t<\/div>\n\t\t\t\t\t\t\t\t\t\t\t<div class=\"footer\">\n\t\t\t\t\t\t\t\t\t\t\t\t\t\t\t\t\t\t\t\t\t\t\t<\/div>\n\t\t\t\t\t\t\t\t\t\t<\/div>\n\t\t\t\t\t\t\t\t\t\t\t\t\t\t\t\t\t\t\t\t\t\t\t\t\t\t\t\t\t<div class=\"publication-card\">\n\t\t\t\t\t\t\t\t\t\t\t<div class=\"upper\">\n\t\t\t\t\t\t\t\t\t\t\t\t<h3 class=\"publication-title title-5\">DPJ de la Mont\u00e9r\u00e9gie<\/h3>\n\t\t\t\t\t\t\t\t\t\t\t\t\t\t\t\t\t\t\t\t\t\t\t<\/div>\n\t\t\t\t\t\t\t\t\t\t\t<div class=\"footer\">\n\t\t\t\t\t\t\t\t\t\t\t\t\t\t\t\t\t\t\t\t\t\t\t<\/div>\n\t\t\t\t\t\t\t\t\t\t<\/div>\n\t\t\t\t\t\t\t\t\t\t\t\t\t\t\t\t\t\t\t\t\t\t\t\t\t\t\t\t\t<div class=\"publication-card\">\n\t\t\t\t\t\t\t\t\t\t\t<div class=\"upper\">\n\t\t\t\t\t\t\t\t\t\t\t\t<h3 class=\"publication-title title-5\">CSSS de la Montagne (CIUSSS Centre-Ouest-de-l\u2019\u00cele-de-Montr\u00e9al)<\/h3>\n\t\t\t\t\t\t\t\t\t\t\t\t\t\t\t\t\t\t\t\t\t\t\t<\/div>\n\t\t\t\t\t\t\t\t\t\t\t<div class=\"footer\">\n\t\t\t\t\t\t\t\t\t\t\t\t\t\t\t\t\t\t\t\t\t\t\t<\/div>\n\t\t\t\t\t\t\t\t\t\t<\/div>\n\t\t\t\t\t\t\t\t\t\t\t\t\t\t\t\t\t\t\t\t\t\t\t\t\t\t\t\t\t<div class=\"publication-card\">\n\t\t\t\t\t\t\t\t\t\t\t<div class=\"upper\">\n\t\t\t\t\t\t\t\t\t\t\t\t<h3 class=\"publication-title title-5\">DPJ de Montr\u00e9al (CIUSSS du Centre-Sud-de-l\u2019\u00cele-de-Montr\u00e9al)<\/h3>\n\t\t\t\t\t\t\t\t\t\t\t\t\t\t\t\t\t\t\t\t\t\t\t<\/div>\n\t\t\t\t\t\t\t\t\t\t\t<div class=\"footer\">\n\t\t\t\t\t\t\t\t\t\t\t\t\t\t\t\t\t\t\t\t\t\t\t<\/div>\n\t\t\t\t\t\t\t\t\t\t<\/div>\n\t\t\t\t\t\t\t\t\t\t\t\t\t\t\t\t\t\t\t\t\t\t\t\t\t\t\t\t\t<div class=\"publication-card\">\n\t\t\t\t\t\t\t\t\t\t\t<div class=\"upper\">\n\t\t\t\t\t\t\t\t\t\t\t\t<h3 class=\"publication-title title-5\">Sph\u00e8res Program and its partners<\/h3>\n\t\t\t\t\t\t\t\t\t\t\t\t\t\t\t\t\t\t\t\t\t\t\t<\/div>\n\t\t\t\t\t\t\t\t\t\t\t<div class=\"footer\">\n\t\t\t\t\t\t\t\t\t\t\t\t\t\t\t\t\t\t\t\t\t\t\t<\/div>\n\t\t\t\t\t\t\t\t\t\t<\/div>\n\t\t\t\t\t\t\t\t\t\t\t\t\t\t\t\t\t<\/div>\n\t\t\t\t\t\t\t<\/div>\n\t\t\t\t\t\t\t\t\t\t\t\t\t\t\t\t\t\t\t\t\t\t\t\t\t\t\t\t\t\t<div class=\"row row-publication\">\n\t\t\t\t\t\t\t\t<div class=\"col-md-12 section-category\">\n\t\t\t\t\t\t\t\t\t\t\t\t\t\t\t\t\t\t\t<span class=\"publication-category\">\n\t\t\t\t\t\t\t\t\t\t\t<h2 class=\"category-title title-5\">Socio-judicial services<\/h2>\t\t\t\t\t\t\t\t\t\t<\/span>\n\t\t\t\t\t\t\t\t\t\t\t\t\t\t\t\t\t<\/div>\n\t\t\t\t\t\t\t\t<div class=\"col-md-12 publication-info\">\n\t\t\t\t\t\t\t\t\t\t\t\t\t\t\t\t\t\t\t\t\t\t\t\t\t\t\t\t\t<div class=\"publication-card\">\n\t\t\t\t\t\t\t\t\t\t\t<div class=\"upper\">\n\t\t\t\t\t\t\t\t\t\t\t\t<h3 class=\"publication-title title-5\">Crime Victims Assistance Centres (CAVAC) of Laval, Mont\u00e9r\u00e9gie and Montr\u00e9al<\/h3>\n\t\t\t\t\t\t\t\t\t\t\t\t\t\t\t\t\t\t\t\t\t\t\t<\/div>\n\t\t\t\t\t\t\t\t\t\t\t<div class=\"footer\">\n\t\t\t\t\t\t\t\t\t\t\t\t\t\t\t\t\t\t\t\t\t\t\t<\/div>\n\t\t\t\t\t\t\t\t\t\t<\/div>\n\t\t\t\t\t\t\t\t\t\t\t\t\t\t\t\t\t\t\t\t\t\t\t\t\t\t\t\t\t<div class=\"publication-card\">\n\t\t\t\t\t\t\t\t\t\t\t<div class=\"upper\">\n\t\t\t\t\t\t\t\t\t\t\t\t<h3 class=\"publication-title title-5\">Director of Criminal and Penal Prosecutions of Montr\u00e9al and the Western Qu\u00e9bec office (Salaberry-de-Valleyfield)<\/h3>\n\t\t\t\t\t\t\t\t\t\t\t\t\t\t\t\t\t\t\t\t\t\t\t<\/div>\n\t\t\t\t\t\t\t\t\t\t\t<div class=\"footer\">\n\t\t\t\t\t\t\t\t\t\t\t\t\t\t\t\t\t\t\t\t\t\t\t<\/div>\n\t\t\t\t\t\t\t\t\t\t<\/div>\n\t\t\t\t\t\t\t\t\t\t\t\t\t\t\t\t\t\t\t\t\t\t\t\t\t\t\t\t\t<div class=\"publication-card\">\n\t\t\t\t\t\t\t\t\t\t\t<div class=\"upper\">\n\t\t\t\t\t\t\t\t\t\t\t\t<h3 class=\"publication-title title-5\">Crime Victims Compensation (IVAC)<\/h3>\n\t\t\t\t\t\t\t\t\t\t\t\t\t\t\t\t\t\t\t\t\t\t\t<\/div>\n\t\t\t\t\t\t\t\t\t\t\t<div class=\"footer\">\n\t\t\t\t\t\t\t\t\t\t\t\t\t\t\t\t\t\t\t\t\t\t\t<\/div>\n\t\t\t\t\t\t\t\t\t\t<\/div>\n\t\t\t\t\t\t\t\t\t\t\t\t\t\t\t\t\t<\/div>\n\t\t\t\t\t\t\t<\/div>\n\t\t\t\t\t\t\t\t\t\t\t\t\t\t\t\t\t\t\t\t\t\t\t\t\t\t\t\t\t\t<div class=\"row row-publication\">\n\t\t\t\t\t\t\t\t<div class=\"col-md-12 section-category\">\n\t\t\t\t\t\t\t\t\t\t\t\t\t\t\t\t\t\t\t<span class=\"publication-category\">\n\t\t\t\t\t\t\t\t\t\t\t<h2 class=\"category-title title-5\">First Nations and Inuit<\/h2>\t\t\t\t\t\t\t\t\t\t<\/span>\n\t\t\t\t\t\t\t\t\t\t\t\t\t\t\t\t\t<\/div>\n\t\t\t\t\t\t\t\t<div class=\"col-md-12 publication-info\">\n\t\t\t\t\t\t\t\t\t\t\t\t\t\t\t\t\t\t\t\t\t\t\t\t\t\t\t\t\t<div class=\"publication-card\">\n\t\t\t\t\t\t\t\t\t\t\t<div class=\"upper\">\n\t\t\t\t\t\t\t\t\t\t\t\t<h3 class=\"publication-title title-5\">First Nations of Qu\u00e9bec and Labrador Health and Social Services Commission<\/h3>\n\t\t\t\t\t\t\t\t\t\t\t\t\t\t\t\t\t\t\t\t\t\t\t<\/div>\n\t\t\t\t\t\t\t\t\t\t\t<div class=\"footer\">\n\t\t\t\t\t\t\t\t\t\t\t\t\t\t\t\t\t\t\t\t\t\t\t<\/div>\n\t\t\t\t\t\t\t\t\t\t<\/div>\n\t\t\t\t\t\t\t\t\t\t\t\t\t\t\t\t\t\t\t\t\t\t\t\t\t\t\t\t\t<div class=\"publication-card\">\n\t\t\t\t\t\t\t\t\t\t\t<div class=\"upper\">\n\t\t\t\t\t\t\t\t\t\t\t\t<h3 class=\"publication-title title-5\">Atikamekw Nation Council \u2013 Atikamekw Sipi<\/h3>\n\t\t\t\t\t\t\t\t\t\t\t\t\t\t\t\t\t\t\t\t\t\t\t<\/div>\n\t\t\t\t\t\t\t\t\t\t\t<div class=\"footer\">\n\t\t\t\t\t\t\t\t\t\t\t\t\t\t\t\t\t\t\t\t\t\t\t<\/div>\n\t\t\t\t\t\t\t\t\t\t<\/div>\n\t\t\t\t\t\t\t\t\t\t\t\t\t\t\t\t\t<\/div>\n\t\t\t\t\t\t\t<\/div>\n\t\t\t\t\t\t\t\t\t\t\t\t\t\t\t<\/div>\n\t\t\t<\/div>\n\t\t<\/section>\n\t","protected":false},"excerpt":{"rendered":"","protected":false},"author":5,"featured_media":0,"parent":0,"menu_order":46,"comment_status":"closed","ping_status":"closed","template":"","meta":{"_acf_changed":false,"footnotes":""},"class_list":["post-6625","page","type-page","status-publish","hentry"],"acf":[],"_links":{"self":[{"href":"https:\/\/marie-vincent.org\/en\/wp-json\/wp\/v2\/pages\/6625","targetHints":{"allow":["GET"]}}],"collection":[{"href":"https:\/\/marie-vincent.org\/en\/wp-json\/wp\/v2\/pages"}],"about":[{"href":"https:\/\/marie-vincent.org\/en\/wp-json\/wp\/v2\/types\/page"}],"author":[{"embeddable":true,"href":"https:\/\/marie-vincent.org\/en\/wp-json\/wp\/v2\/users\/5"}],"replies":[{"embeddable":true,"href":"https:\/\/marie-vincent.org\/en\/wp-json\/wp\/v2\/comments?post=6625"}],"version-history":[{"count":3,"href":"https:\/\/marie-vincent.org\/en\/wp-json\/wp\/v2\/pages\/6625\/revisions"}],"predecessor-version":[{"id":6800,"href":"https:\/\/marie-vincent.org\/en\/wp-json\/wp\/v2\/pages\/6625\/revisions\/6800"}],"wp:attachment":[{"href":"https:\/\/marie-vincent.org\/en\/wp-json\/wp\/v2\/media?parent=6625"}],"curies":[{"name":"wp","href":"https:\/\/api.w.org\/{rel}","templated":true}]}}