{"id":6617,"date":"2024-10-30T11:31:22","date_gmt":"2024-10-30T15:31:22","guid":{"rendered":"https:\/\/marie-vincent.org\/services-aux-enfants\/"},"modified":"2026-03-09T09:53:03","modified_gmt":"2026-03-09T13:53:03","slug":"services-for-children","status":"publish","type":"page","link":"https:\/\/marie-vincent.org\/en\/get-help\/services-for-children\/","title":{"rendered":"Services for children"},"content":{"rendered":"\t\t<header class=\"header-primary-a section-block with-background orange-theme\" data-scroll-section>\n\t\t\t<div class=\"container container-main\">\n\t\t\t\t<div class=\"row\">\n\t\t\t\t\t<div class=\"col-md-10 offset-md-1\">\n\t\t\t\t\t\t<div class=\"content\">\n\t\t\t\t\t\t\t<h1 class=\"title-1\"><span class=\"highlight\">Services<\/span> for children\n<\/h1>\t\t\t\t\t\t\t\t\t\t\t\t\t<\/div>\n\t\t\t\t\t<\/div>\n\t\t\t\t<\/div>\n\t\t\t<\/div>\n\t\t\t\t\t\t\t<div class=\"drawing\"><\/div>\n\t\t\t\t\t<\/header>\n\t\n\n\t\t<section class=\"text-standard section-block with-background beige-theme\" data-scroll-section>\n\t\t\t<div class=\"container\">\n\t\t\t\t<div class=\"row row-main\">\n\t\t\t\t\t<div class=\"col-12 col-content\">\n\t\t\t\t\t\t<div class=\"content\">\n\t\t\t\t\t\t\t\t\t\t\t\t\t\t\n\t\t\t\t\t\t\t<div class=\"text\">\n\t\t\t\t\t\t\t\t<p>At Marie-Vincent, we provide specialized services tailored to the needs of child victims of sexual violence and to children under the age of 12 presenting sexual behaviour problems (SBP).<\/p>\n<p>These services are centralized under one roof to ensure an integrated and coherent approach. They are delivered by qualified professionals who make up our clinical team, as well as by partners in the police, medical and socio-judicial sectors.<\/p>\n<p>If a child or adolescent confides that they have experienced sexual abuse, we invite you to see the following page:<\/p>\n\t\t\t\t\t\t\t<\/div>\n\n\t\t\t\t\t\t\t\t\t\t\t\t\t\t\t<div class=\"btns\">\n\t\t\t\t\t\t\t\t\t\t\t\t\t\t\t\t\t\t\t\t\t\t<a href=\"\/en\/understand\/how-respond-suspicions-disclosures\/\"\n\t\t\t\tclass=\"button button-primary\"\n\t\t\t\t >\n\t\t\t\t\t\t\t\t\t<span class=\"text\">How to respond in cases of doubt or disclosure<\/span><i class=\"icon icon-question\" aria-hidden=\"true\"><\/i>\t\t\t\t\t\t\t<\/a>\n\t\t\t\t\t\t\t\t\t\t\t\t\t\t\t\t\t\t\t<\/div>\n\t\t\t\t\t\t\t\t\t\t\t\t\t<\/div>\n\t\t\t\t\t<\/div>\n\t\t\t\t<\/div>\n\t\t\t<\/div>\n\t\t<\/section>\n\t\n\n\t\t<section class=\"text-standard section-block with-background cream-theme\" data-scroll-section>\n\t\t\t<div class=\"container\">\n\t\t\t\t<div class=\"row row-main\">\n\t\t\t\t\t<div class=\"col-12 col-content\">\n\t\t\t\t\t\t<div class=\"content\">\n\t\t\t\t\t\t\t<h2 class=\"title title-2\">Services for children\n<\/h2>\t\t\t\t\t\t\t\n\t\t\t\t\t\t\t<div class=\"text\">\n\t\t\t\t\t\t\t\t<p>Our interventions are adapted to each child\u2019s profile and needs, whether the child is a victim of sexual violence or presents sexual behaviour problems.<\/p>\n<p>The results observed following specialized interventions carried out at Marie-Vincent, and documented by the Marie-Vincent Research Chair, show that supported children generally demonstrate:<\/p>\n<ul>\n<li>improved self-esteem;<\/li>\n<li>fewer symptoms of anxiety;<\/li>\n<li>fewer symptoms of depression;<\/li>\n<li>a reduction in post-traumatic stress, including decreased avoidance strategies, feelings of guilt and dissociative symptoms.<\/li>\n<\/ul>\n\t\t\t\t\t\t\t<\/div>\n\n\t\t\t\t\t\t\t\t\t\t\t\t\t<\/div>\n\t\t\t\t\t<\/div>\n\t\t\t\t<\/div>\n\t\t\t<\/div>\n\t\t<\/section>\n\t\n\n\t\t<section class=\"uxpertise-courses section-block purple-theme\" data-scroll-section>\n\t\t\t<div class=\"wave-ctn\">\n\t\t\t\t<svg class=\"wave hidden-mobile\" viewBox=\"0 0 1920 120\">\n\t<path d=\"M1920 120V41.4S1524.8 4.8 1265.2 2C919.9-1.6 724.1 96.1 378.9 83.8 230.4 78.6 0 41.4 0 41.4V120h1920Z\" \/>\n\t<path class=\"line\" d=\"M360.9 115.4C214 115.4 2.2 95.6 0 95.4v-1c2.4.2 235 21.9 381.7 19.8C560 111.7 700.3 84.9 836 59.1c128.3-24.4 261-49.7 427.9-55.7 64.8-2.3 138.5-3.2 212.4-3.2 219 0 440.7 7.6 443.7 7.7v1c-4-.1-399.6-13.7-656.1-4.5-166.9 6-299.5 31.2-427.7 55.7-135.8 25.9-276.1 52.6-454.5 55.1-6.7 0-13.7.1-20.8.1Z\"\/>\n<\/svg>\n\n<svg class=\"wave hidden-desktop\" viewBox=\"0 0 390 64\">\n\t<path d=\"M390,64v-32s-52-24-105.5-24S129.7,41.3,60,35C30,32.3,0,17.6,0,17.6v46.4h390Z\"\/>\n\t<path class=\"line\" class=\"cls-1\" d=\"M79,45.5c-29,0-49-5.2-60.7-9.5C5.6,31.3,0,26.7-.3,26.5l.6-.8c0,0,5.9,4.8,18.4,9.4,11.6,4.3,31.4,9.4,60.3,9.4s69.8-11.5,103.3-22.6C215.7,10.9,250.2-.5,284.9-.5h0c51.8,0,104.7,25.1,105.2,25.4l-.4.9c-.5-.3-53.2-25.2-104.8-25.3h0c-34.6,0-69,11.4-102.3,22.4-33.6,11.1-68.4,22.6-103.6,22.6Z\"\/>\n<\/svg>\t\t\t<\/div>\n\t\t\t<div class=\"block-wrapper\">\n\t\t\t\t<div class=\"container\">\n\t\t\t\t\t<div class=\"content-wrapper\">\n\t\t\t\t\t\t<div class=\"row row-main\">\n\t\t\t\t\t\t\t<div class=\"col-md-8 offset-md-2 col-content\">\n\t\t\t\t\t\t\t\t<div class=\"content\">\n\t\t\t\t\t\t\t\t\t<h2 class=\"title-2\">Explore our specialized services\n<\/h2>\n\t\t\t\t\t\t\t\t\t\t\t\t\t\t\t\t\t<\/div>\n\t\t\t\t\t\t\t<\/div>\n\t\t\t\t\t\t<\/div>\n\t\t\t\t\t\t<div class=\"row row-cards\">\n\t\t\t\t\t\t\t\t\t\t\t\t\t\t\t\t\t\t\t\t\t<div class=\"col-md-4 col-sm-6\">\n\t\t\t\t\t\t\t\t<article class=\"course-card\">\n\t\t\t\t\t\t\t\t\t<div class=\"content\">\n\t\t\t\t\t\t\t\t\t\t<h3 class=\"title-4\">Support for children who are victims of sexual violence<\/h3>\t\t\t\t\t\t\t\t\t\t\t\t\t\t\t\t\t\t\t<\/div>\n\t\t\t\t\t\t\t\t\t\t\t\t\t\t\t\t\t\t\t<div class=\"btns\">\n\t\t\t\t\t\t\t\t\t\t\t\t\t\t\t\t\t\t\t\t\t\t\t\t\t\t<a href=\"\/en\/get-help\/services-for-children\/victims-sexual-violence\/\"\n\t\t\t\tclass=\"button button-primary\"\n\t\t\t\t >\n\t\t\t\t\t\t\t\t\t<span class=\"text\">Explore<\/span>\t\t\t\t\t\t\t<\/a>\n\t\t\t\t\t\t\t\t\t\t\t\t\t\t\t\t\t\t\t\t\t\t\t<\/div>\n\t\t\t\t\t\t\t\t\t\t\t\t\t\t\t\t\t<\/article>\n\t\t\t\t\t\t\t<\/div>\n\t\t\t\t\t\t\t\t\t\t\t\t\t\t<div class=\"col-md-4 col-sm-6\">\n\t\t\t\t\t\t\t\t<article class=\"course-card\">\n\t\t\t\t\t\t\t\t\t<div class=\"content\">\n\t\t\t\t\t\t\t\t\t\t<h3 class=\"title-4\">Support for children presenting sexual behaviour problems<\/h3>\t\t\t\t\t\t\t\t\t\t\t\t\t\t\t\t\t\t\t<\/div>\n\t\t\t\t\t\t\t\t\t\t\t\t\t\t\t\t\t\t\t<div class=\"btns\">\n\t\t\t\t\t\t\t\t\t\t\t\t\t\t\t\t\t\t\t\t\t\t\t\t\t\t<a href=\"\/en\/get-help\/services-for-children\/problematic-sexual-behaviours\/\"\n\t\t\t\tclass=\"button button-primary\"\n\t\t\t\t >\n\t\t\t\t\t\t\t\t\t<span class=\"text\">Explore<\/span>\t\t\t\t\t\t\t<\/a>\n\t\t\t\t\t\t\t\t\t\t\t\t\t\t\t\t\t\t\t\t\t\t\t<\/div>\n\t\t\t\t\t\t\t\t\t\t\t\t\t\t\t\t\t<\/article>\n\t\t\t\t\t\t\t<\/div>\n\t\t\t\t\t\t\t\t\t\t\t\t\t<\/div>\n\t\t\t\t\t<\/div>\n\t\t\t\t<\/div>\n\t\t\t<\/div>\n\t\t<\/section>\n\t\n\n\t\t<section class=\"featured-tools section-block with-background cream-theme\" data-scroll-section data-featured-tools>\n\t\t<div class=\"wave-ctn\">\n\t\t\t\t<svg class=\"wave hidden-mobile\" viewBox=\"0 0 1920 120\">\n\t<path d=\"M1920 120V41.4S1524.8 4.8 1265.2 2C919.9-1.6 724.1 96.1 378.9 83.8 230.4 78.6 0 41.4 0 41.4V120h1920Z\" \/>\n\t<path class=\"line\" d=\"M360.9 115.4C214 115.4 2.2 95.6 0 95.4v-1c2.4.2 235 21.9 381.7 19.8C560 111.7 700.3 84.9 836 59.1c128.3-24.4 261-49.7 427.9-55.7 64.8-2.3 138.5-3.2 212.4-3.2 219 0 440.7 7.6 443.7 7.7v1c-4-.1-399.6-13.7-656.1-4.5-166.9 6-299.5 31.2-427.7 55.7-135.8 25.9-276.1 52.6-454.5 55.1-6.7 0-13.7.1-20.8.1Z\"\/>\n<\/svg>\n\n<svg class=\"wave hidden-desktop\" viewBox=\"0 0 390 64\">\n\t<path d=\"M390,64v-32s-52-24-105.5-24S129.7,41.3,60,35C30,32.3,0,17.6,0,17.6v46.4h390Z\"\/>\n\t<path class=\"line\" class=\"cls-1\" d=\"M79,45.5c-29,0-49-5.2-60.7-9.5C5.6,31.3,0,26.7-.3,26.5l.6-.8c0,0,5.9,4.8,18.4,9.4,11.6,4.3,31.4,9.4,60.3,9.4s69.8-11.5,103.3-22.6C215.7,10.9,250.2-.5,284.9-.5h0c51.8,0,104.7,25.1,105.2,25.4l-.4.9c-.5-.3-53.2-25.2-104.8-25.3h0c-34.6,0-69,11.4-102.3,22.4-33.6,11.1-68.4,22.6-103.6,22.6Z\"\/>\n<\/svg>\t\t\t<\/div>\n\t\t\t<div class=\"featured-tools-wrapper\">\n\t\t\t\t<div class=\"container\">\n\t\t\t\t\t<div class=\"content-wrapper\">\n\t\t\t\t\t\t<div class=\"row row-title\">\n\t\t\t\t\t\t\t<div class=\"col-md-12 section-title\">\n\t\t\t\t\t\t\t\t\t\t\t\t\t\t\t\t\t<h2 class=\"title title-2\">Tools for children<\/h2>\t\t\t\t\t\t\t\t\n\t\t\t\t\t\t\t\t\t\t\t\t\t\t\t\t\t<div class=\"text\">Marie-Vincent provides several playful and educational tools designed to help children better understand, express themselves, and heal.<\/div>\n\t\t\t\t\t\t\t\t\t\t\t\t\t\t\t<\/div>\n\t\t\t\t\t\t<\/div>\n\t\t\t\t\t\t<div class=\"row main-row\">\n\t\t\t\t\t\t\t<div class=\"col-md-12\">\n\t\t\t\t\t\t\t\t<div class=\"featured-tools-slider splide\" data-featured-tools-slider>\n\t\t\t\t\t\t\t\t\t<div class=\"splide__track splide-track\">\n\t\t\t\t\t\t\t\t\t\t<div class=\"splide__list\">\n\t\t\t\t\t\t\t\t\t\t\t\t\t\t\t\t\t\t\t\t\t\t\t\n\t\t\t\t\t\t\t\t\t\t\t\t<div class=\"splide__slide splide-slide\">\n\t\t\t\t\t\t\t\t\t\t\t\t\t\n<article class=\"listing-card tool-card\" aria-labelledby=\"tool-card-title-3852\">\n\t<button class=\"link-overlay\"\n\t\ttype=\"button\"\n\t\tdata-video-overlay-trigger=\"featured-tools-video-overlay\"\n\t\tdata-video-url=\"https:\/\/www.youtube.com\/watch?v=hENEMUulRm4\"\n\t><\/button>\n\n\t<div class=\"image-container\">\n\t\t\t\t\t<img decoding=\"async\" loading=\"lazy\" width=\"750\" height=\"375\" src=\"https:\/\/marie-vincent.org\/wp-content\/uploads\/2025\/04\/livre-interactif-un-pas-a-la-fois-avec-lou-outil-image.jpg\" class=\"image wp-post-image\" alt=\"\" srcset=\"https:\/\/marie-vincent.org\/wp-content\/uploads\/2025\/04\/livre-interactif-un-pas-a-la-fois-avec-lou-outil-image.jpg 750w, https:\/\/marie-vincent.org\/wp-content\/uploads\/2025\/04\/livre-interactif-un-pas-a-la-fois-avec-lou-outil-image-300x150.jpg 300w, https:\/\/marie-vincent.org\/wp-content\/uploads\/2025\/04\/livre-interactif-un-pas-a-la-fois-avec-lou-outil-image-80x40.jpg 80w, https:\/\/marie-vincent.org\/wp-content\/uploads\/2025\/04\/livre-interactif-un-pas-a-la-fois-avec-lou-outil-image-186x93.jpg 186w, https:\/\/marie-vincent.org\/wp-content\/uploads\/2025\/04\/livre-interactif-un-pas-a-la-fois-avec-lou-outil-image-206x103.jpg 206w, https:\/\/marie-vincent.org\/wp-content\/uploads\/2025\/04\/livre-interactif-un-pas-a-la-fois-avec-lou-outil-image-238x119.jpg 238w, https:\/\/marie-vincent.org\/wp-content\/uploads\/2025\/04\/livre-interactif-un-pas-a-la-fois-avec-lou-outil-image-275x138.jpg 275w, https:\/\/marie-vincent.org\/wp-content\/uploads\/2025\/04\/livre-interactif-un-pas-a-la-fois-avec-lou-outil-image-428x214.jpg 428w, https:\/\/marie-vincent.org\/wp-content\/uploads\/2025\/04\/livre-interactif-un-pas-a-la-fois-avec-lou-outil-image-550x275.jpg 550w, https:\/\/marie-vincent.org\/wp-content\/uploads\/2025\/04\/livre-interactif-un-pas-a-la-fois-avec-lou-outil-image-580x290.jpg 580w\" sizes=\"auto, (max-width: 750px) 100vw, 750px\" \/>\t\t\t<\/div>\n\t<div class=\"content\">\n\t\t<div class=\"upper\">\n\t\t\t\t\t\t\t<p class=\"category upper-title\">\n\t\t\t\t\t\t\t\t\t\t\t<i class=\"icon-video\" aria-hidden=\"true\"><\/i>\n\t\t\t\t\t\t\t\t\t\tVideo\t\t\t\t<\/p>\n\t\t\t\t\t\t<h3 class=\"title title-4\" id=\"tool-card-title-3852\">Un pas \u00e0 la fois avec Lou<\/h3>\t\t\t<div class=\"description\"><p>Laissez-vous porter par la voix de notre porte-parole, M\u00e9lissa D\u00e9sormeaux-Poulin, dans cette animation 2D du livre Un pas \u00e0 la fois avec Lou qui fait vivre l\u2019histoire de Lou de mani\u00e8re plus dynamique!<\/p>\n<\/div>\n\t\t<\/div>\n\t\t<div class=\"footer\">\n\t\t\t\t\t\t\t<button\n\t\t\t\t\tclass=\"cta\"\n\t\t\t\t>\n\t\t\t\t\tView\t\t\t\t<\/button>\n\t\t\t\t\t\t\t\t<\/div>\n\t<\/div>\n<\/article>\n\t\t\t\t\t\t\t\t\t\t\t\t<\/div>\n\t\t\t\t\t\t\t\t\t\t\t\t\t\t\t\t\t\t\t\t\t\t\t\n\t\t\t\t\t\t\t\t\t\t\t\t<div class=\"splide__slide splide-slide\">\n\t\t\t\t\t\t\t\t\t\t\t\t\t\n<article class=\"listing-card tool-card\" aria-labelledby=\"tool-card-title-3825\">\n\t<a class=\"link-overlay\"\n\t\thref=\"https:\/\/marie-vincent.org\/wp-content\/uploads\/2025\/03\/Toi-comme-moi-2e-edition.pdf\"\n\t\ttarget=\"_blank\"\n\t><\/a>\n\n\t<div class=\"image-container\">\n\t\t\t\t\t<img decoding=\"async\" loading=\"lazy\" width=\"750\" height=\"375\" src=\"https:\/\/marie-vincent.org\/wp-content\/uploads\/2025\/04\/toi-comme-moi-outil-image.jpg\" class=\"image wp-post-image\" alt=\"\" srcset=\"https:\/\/marie-vincent.org\/wp-content\/uploads\/2025\/04\/toi-comme-moi-outil-image.jpg 750w, https:\/\/marie-vincent.org\/wp-content\/uploads\/2025\/04\/toi-comme-moi-outil-image-300x150.jpg 300w, https:\/\/marie-vincent.org\/wp-content\/uploads\/2025\/04\/toi-comme-moi-outil-image-80x40.jpg 80w, https:\/\/marie-vincent.org\/wp-content\/uploads\/2025\/04\/toi-comme-moi-outil-image-186x93.jpg 186w, https:\/\/marie-vincent.org\/wp-content\/uploads\/2025\/04\/toi-comme-moi-outil-image-206x103.jpg 206w, https:\/\/marie-vincent.org\/wp-content\/uploads\/2025\/04\/toi-comme-moi-outil-image-238x119.jpg 238w, https:\/\/marie-vincent.org\/wp-content\/uploads\/2025\/04\/toi-comme-moi-outil-image-275x138.jpg 275w, https:\/\/marie-vincent.org\/wp-content\/uploads\/2025\/04\/toi-comme-moi-outil-image-428x214.jpg 428w, https:\/\/marie-vincent.org\/wp-content\/uploads\/2025\/04\/toi-comme-moi-outil-image-550x275.jpg 550w, https:\/\/marie-vincent.org\/wp-content\/uploads\/2025\/04\/toi-comme-moi-outil-image-580x290.jpg 580w\" sizes=\"auto, (max-width: 750px) 100vw, 750px\" \/>\t\t\t<\/div>\n\t<div class=\"content\">\n\t\t<div class=\"upper\">\n\t\t\t\t\t\t\t<p class=\"category upper-title\">\n\t\t\t\t\t\t\t\t\t\t\t<i class=\"icon-book\" aria-hidden=\"true\"><\/i>\n\t\t\t\t\t\t\t\t\t\tBook\t\t\t\t<\/p>\n\t\t\t\t\t\t<h3 class=\"title title-4\" id=\"tool-card-title-3825\">Toi comme moi<\/h3>\t\t\t<div class=\"description\"><p>Toi comme moi s\u2019adresse aux 0 \u00e0 2 ans. Cet imagier d\u00e9montre que les b\u00e9b\u00e9s sont tous semblables, peu importe leur sexe. Ils ont des besoins similaires et peuvent partager les m\u00eames \u00e9motions et int\u00e9r\u00eats.<\/p>\n<\/div>\n\t\t<\/div>\n\t\t<div class=\"footer\">\n\t\t\t\t\t\t\t<a href=\"https:\/\/marie-vincent.org\/wp-content\/uploads\/2025\/03\/Toi-comme-moi-2e-edition.pdf\" class=\"cta\" target=\"_blank\">\n\t\t\t\t\tDownload\t\t\t\t<\/a>\n\t\t\t\t\t\t\t\t<\/div>\n\t<\/div>\n<\/article>\n\t\t\t\t\t\t\t\t\t\t\t\t<\/div>\n\t\t\t\t\t\t\t\t\t\t\t\t\t\t\t\t\t\t\t\t\t\t\t\n\t\t\t\t\t\t\t\t\t\t\t\t<div class=\"splide__slide splide-slide\">\n\t\t\t\t\t\t\t\t\t\t\t\t\t\n<article class=\"listing-card tool-card\" aria-labelledby=\"tool-card-title-3839\">\n\t<a class=\"link-overlay\"\n\t\thref=\"https:\/\/marie-vincent.org\/wp-content\/uploads\/2025\/04\/Affiche-11-x-17-emotions-pour-impression-VF.pdf\"\n\t\ttarget=\"_blank\"\n\t><\/a>\n\n\t<div class=\"image-container\">\n\t\t\t\t\t<img decoding=\"async\" loading=\"lazy\" width=\"750\" height=\"375\" src=\"https:\/\/marie-vincent.org\/wp-content\/uploads\/2025\/04\/affiche-comment-te-sens-tu-maintenant-outil-image.jpg\" class=\"image wp-post-image\" alt=\"\" srcset=\"https:\/\/marie-vincent.org\/wp-content\/uploads\/2025\/04\/affiche-comment-te-sens-tu-maintenant-outil-image.jpg 750w, https:\/\/marie-vincent.org\/wp-content\/uploads\/2025\/04\/affiche-comment-te-sens-tu-maintenant-outil-image-300x150.jpg 300w, https:\/\/marie-vincent.org\/wp-content\/uploads\/2025\/04\/affiche-comment-te-sens-tu-maintenant-outil-image-80x40.jpg 80w, https:\/\/marie-vincent.org\/wp-content\/uploads\/2025\/04\/affiche-comment-te-sens-tu-maintenant-outil-image-186x93.jpg 186w, https:\/\/marie-vincent.org\/wp-content\/uploads\/2025\/04\/affiche-comment-te-sens-tu-maintenant-outil-image-206x103.jpg 206w, https:\/\/marie-vincent.org\/wp-content\/uploads\/2025\/04\/affiche-comment-te-sens-tu-maintenant-outil-image-238x119.jpg 238w, https:\/\/marie-vincent.org\/wp-content\/uploads\/2025\/04\/affiche-comment-te-sens-tu-maintenant-outil-image-275x138.jpg 275w, https:\/\/marie-vincent.org\/wp-content\/uploads\/2025\/04\/affiche-comment-te-sens-tu-maintenant-outil-image-428x214.jpg 428w, https:\/\/marie-vincent.org\/wp-content\/uploads\/2025\/04\/affiche-comment-te-sens-tu-maintenant-outil-image-550x275.jpg 550w, https:\/\/marie-vincent.org\/wp-content\/uploads\/2025\/04\/affiche-comment-te-sens-tu-maintenant-outil-image-580x290.jpg 580w\" sizes=\"auto, (max-width: 750px) 100vw, 750px\" \/>\t\t\t<\/div>\n\t<div class=\"content\">\n\t\t<div class=\"upper\">\n\t\t\t\t\t\t\t<p class=\"category upper-title\">\n\t\t\t\t\t\t\t\t\t\t\t<i class=\"icon-document\" aria-hidden=\"true\"><\/i>\n\t\t\t\t\t\t\t\t\t\tFact Sheet\t\t\t\t<\/p>\n\t\t\t\t\t\t<h3 class=\"title title-4\" id=\"tool-card-title-3839\">Affiche Comment te sens-tu maintenant?<\/h3>\t\t\t<div class=\"description\"><\/div>\n\t\t<\/div>\n\t\t<div class=\"footer\">\n\t\t\t\t\t\t\t<a href=\"https:\/\/marie-vincent.org\/wp-content\/uploads\/2025\/04\/Affiche-11-x-17-emotions-pour-impression-VF.pdf\" class=\"cta\" target=\"_blank\">\n\t\t\t\t\tDownload\t\t\t\t<\/a>\n\t\t\t\t\t\t\t\t<\/div>\n\t<\/div>\n<\/article>\n\t\t\t\t\t\t\t\t\t\t\t\t<\/div>\n\t\t\t\t\t\t\t\t\t\t\t\t\t\t\t\t\t\t\t\t\t<\/div>\n\t\t\t\t\t\t\t\t\t<\/div>\n\t\t\t\t\t\t\t\t\t<div class=\"slider-progress-bar\">\n\t\t\t\t\t\t\t\t\t\t<div class=\"slider-progress-handle\" data-splide-progress-bar><\/div>\n\t\t\t\t\t\t\t\t\t<\/div>\n\t\t\t\t\t\t\t\t<\/div>\n\t\t\t\t\t\t\t\t\t\t\t\t\t\t\t\t\t<div class=\"btns\">\n\t\t\t\t\t\t\t\t\t\t\t\t\t\t\t\t\t\t\t\t\t\t\t\t<a href=\"\/en\/toolkit\/?audience=young-children\"\n\t\t\t\tclass=\"button button-primary\"\n\t\t\t\t >\n\t\t\t\t\t\t\t\t\t<span class=\"text\">Discover all tools<\/span>\t\t\t\t\t\t\t<\/a>\n\t\t\t\t\t\t\t\t\t\t\t\t\t\t\t\t\t\t\t\t\t<\/div>\n\t\t\t\t\t\t\t\t\t\t\t\t\t\t\t<\/div>\n\t\t\t\t\t\t<\/div>\n\t\t\t\t\t<\/div>\n\t\t\t\t<\/div>\n\t\t\t<\/div>\n\t\t\t\n\n\t<dialog class=\"dialog dialog-featured-tools-video\" id=\"featured-tools-video-overlay\" data-video-overlay inert>\n\t\t<div class=\"dialog-wrapper\">\n\t\t\t<div class=\"dialog-content\" data-dialog-content>\n\t\t\t\t\t\t\t\t\t\t\t\t\t<button type=\"button\" class=\"button dialog-close\" data-dialog-close>\n\t\t\t\t\t\t<i class=\"icon icon-close\" aria-hidden=\"true\"><\/i>\n\t\t\t\t\t\t<span class=\"sr-only\">dialog.close.text<\/span>\n\t\t\t\t\t<\/button>\n\t\t\t\t\t\t\t\t\t\t\t\t\t<div class=\"content\">\n\t\t\t\t\t\t\t\t\t\t\t\t\t\t\t\t\t\t\t<div class=\"description\"><div class=\"video-player\" data-video-player>\n\t<iframe class=\"video-player-iframe\" data-video-player-iframe title=\"video_player.iframe.title\" data-video-autoplay allow=\"accelerometer; fullscreen; clipboard-write; encrypted-media; gyroscope; picture-in-picture; web-share; autoplay\" loading=\"lazy\"><\/iframe>\n<\/div><\/div>\n\t\t\t\t\t\t\t\t\t\t\t<\/div>\n\t\t\t\t\t\t\t\n\t\t\t\t<!-- If necessary, this section is used for extra content that you want outside of the overflow-y on .dialog-content -->\n\t\t\t\t\t\t\t<\/div>\n\t\t\t\t\t<\/div>\n\t<\/dialog>\n\t\t<\/section>\n\t","protected":false},"excerpt":{"rendered":"","protected":false},"author":5,"featured_media":0,"parent":0,"menu_order":40,"comment_status":"closed","ping_status":"closed","template":"","meta":{"_acf_changed":false,"footnotes":""},"class_list":["post-6617","page","type-page","status-publish","hentry"],"acf":[],"_links":{"self":[{"href":"https:\/\/marie-vincent.org\/en\/wp-json\/wp\/v2\/pages\/6617","targetHints":{"allow":["GET"]}}],"collection":[{"href":"https:\/\/marie-vincent.org\/en\/wp-json\/wp\/v2\/pages"}],"about":[{"href":"https:\/\/marie-vincent.org\/en\/wp-json\/wp\/v2\/types\/page"}],"author":[{"embeddable":true,"href":"https:\/\/marie-vincent.org\/en\/wp-json\/wp\/v2\/users\/5"}],"replies":[{"embeddable":true,"href":"https:\/\/marie-vincent.org\/en\/wp-json\/wp\/v2\/comments?post=6617"}],"version-history":[{"count":3,"href":"https:\/\/marie-vincent.org\/en\/wp-json\/wp\/v2\/pages\/6617\/revisions"}],"predecessor-version":[{"id":6788,"href":"https:\/\/marie-vincent.org\/en\/wp-json\/wp\/v2\/pages\/6617\/revisions\/6788"}],"wp:attachment":[{"href":"https:\/\/marie-vincent.org\/en\/wp-json\/wp\/v2\/media?parent=6617"}],"curies":[{"name":"wp","href":"https:\/\/api.w.org\/{rel}","templated":true}]}}