{"id":6612,"date":"2025-12-10T11:02:42","date_gmt":"2025-12-10T16:02:42","guid":{"rendered":"https:\/\/marie-vincent.org\/nos-services-cliniques\/"},"modified":"2026-03-09T09:29:54","modified_gmt":"2026-03-09T13:29:54","slug":"our-services","status":"publish","type":"page","link":"https:\/\/marie-vincent.org\/en\/get-help\/our-services\/","title":{"rendered":"Our clinical services"},"content":{"rendered":"\t\t<header class=\"header-primary-a section-block with-background orange-theme\" data-scroll-section>\n\t\t\t<div class=\"container container-main\">\n\t\t\t\t<div class=\"row\">\n\t\t\t\t\t<div class=\"col-md-10 offset-md-1\">\n\t\t\t\t\t\t<div class=\"content\">\n\t\t\t\t\t\t\t<h1 class=\"title-1\">Our clinical services\n<\/h1>\t\t\t\t\t\t\t\t\t\t\t\t\t<\/div>\n\t\t\t\t\t<\/div>\n\t\t\t\t<\/div>\n\t\t\t<\/div>\n\t\t\t\t\t\t\t<div class=\"drawing\"><\/div>\n\t\t\t\t\t<\/header>\n\t\n\n\t\t<section class=\"text-standard section-block with-background beige-theme\" data-scroll-section>\n\t\t\t<div class=\"container\">\n\t\t\t\t<div class=\"row row-main\">\n\t\t\t\t\t<div class=\"col-12 col-content\">\n\t\t\t\t\t\t<div class=\"content\">\n\t\t\t\t\t\t\t\t\t\t\t\t\t\t\n\t\t\t\t\t\t\t<div class=\"text\">\n\t\t\t\t\t\t\t\t<p>Marie-Vincent\u2019s team of professionals and specialized partners provides a range of services centralized under one roof (police, medical, socio-judicial, psychosocial and psychotherapeutic services) to child and adolescent victims of sexual violence, to children under the age of 12 presenting sexual behaviour problems, and to their families.<\/p>\n<p>Our services are follow the same model at our two centres, located in Montr\u00e9al and Mont\u00e9r\u00e9gie.<\/p>\n<p>By grouping all services together and providing a caring environment, we are able to minimize potential trauma caused by the disclosure process. Service integration also streamlines interventions by partners to serve the best interest of the child or youth.<\/p>\n<p>In parallel, our close collaboration with the Marie-Vincent Interuniversity Research Chair on Sexual Abuse of Children allows us to evaluate these services and their impact, strengthening our ability to provide optimal support while ensuring an integrated, evidence-based approach.<\/p>\n<p>If a child or adolescent confides that they have experienced sexual abuse, we invite you to see the following page:<\/p>\n\t\t\t\t\t\t\t<\/div>\n\n\t\t\t\t\t\t\t\t\t\t\t\t\t\t\t<div class=\"btns\">\n\t\t\t\t\t\t\t\t\t\t\t\t\t\t\t\t\t\t\t\t\t\t<a href=\"\/en\/understand\/how-respond-suspicions-disclosures\/\"\n\t\t\t\tclass=\"button button-primary\"\n\t\t\t\t >\n\t\t\t\t\t\t\t\t\t<span class=\"text\">How to respond in cases of doubt or disclosure<\/span><i class=\"icon icon-question\" aria-hidden=\"true\"><\/i>\t\t\t\t\t\t\t<\/a>\n\t\t\t\t\t\t\t\t\t\t\t\t\t\t\t\t\t\t\t<\/div>\n\t\t\t\t\t\t\t\t\t\t\t\t\t<\/div>\n\t\t\t\t\t<\/div>\n\t\t\t\t<\/div>\n\t\t\t<\/div>\n\t\t<\/section>\n\t\n\n\t\t<section class=\"text-standard section-block with-background purple-theme\" data-scroll-section>\n\t\t\t<div class=\"container\">\n\t\t\t\t<div class=\"row row-main\">\n\t\t\t\t\t<div class=\"col-12 col-content\">\n\t\t\t\t\t\t<div class=\"content\">\n\t\t\t\t\t\t\t<h2 class=\"title title-2\">Specialized support for youth and their parents and\/or significant adults\n<\/h2>\t\t\t\t\t\t\t\n\t\t\t\t\t\t\t<div class=\"text\">\n\t\t\t\t\t\t\t\t<p><strong>Marie-Vincent is not an emergency service.<\/strong> When a referral is issued by a professional so that a child or family may receive Marie-Vincent\u2019s services, and once the request is complete, our team will assess the priority of the case.<\/p>\n<p>To know who can be referred to our services and how to proceed, see the following section:<\/p>\n\t\t\t\t\t\t\t<\/div>\n\n\t\t\t\t\t\t\t\t\t\t\t\t\t\t\t<div class=\"btns\">\n\t\t\t\t\t\t\t\t\t\t\t\t\t\t\t\t\t\t\t\t\t\t<a href=\"\/en\/get-help\/how-access-services\/\"\n\t\t\t\tclass=\"button button-primary\"\n\t\t\t\t >\n\t\t\t\t\t\t\t\t\t<span class=\"text\">How to access our services<\/span><i class=\"icon icon-question\" aria-hidden=\"true\"><\/i>\t\t\t\t\t\t\t<\/a>\n\t\t\t\t\t\t\t\t\t\t\t\t\t\t\t\t\t\t\t<\/div>\n\t\t\t\t\t\t\t\t\t\t\t\t\t<\/div>\n\t\t\t\t\t<\/div>\n\t\t\t\t<\/div>\n\t\t\t<\/div>\n\t\t<\/section>\n\t\n\n\t\t<section class=\"list-accordion section-block with-background cream-theme\" data-scroll-section id=\"services\">\n\t\t\t<div class=\"container\">\n\t\t\t\t<div class=\"content-wrapper\">\n\t\t\t\t\t<div class=\"row row-main\">\n\t\t\t\t\t\t<div class=\"col-md-12\">\n\t\t\t\t\t\t\t\t\t\t\t\t\t\t\t<div class=\"section-header\">\n\t\t\t\t\t\t\t\t\t\t\t\t\t\t\t\t\t\t<p><strong>Following the disclosure of sexual violence or sexual behaviour problem, and when the service request is completed, immediate psychosocial intervention is made available to parents and\/or adolescents as promptly as possible.<\/strong><\/p>\n\t\t\t\t\t\t\t\t<\/div>\n\t\t\t\t\t\t\t\n\t\t\t\t\t\t\t<div class=\"open-collapse-container\" data-collapser-module=\"accordion\">\n\t\t\t\t\t<div class=\"open-collapse-wrapper\" data-collapser=\"701b85e41b36a43eecde0dd83e698aad0\">\n\t\t\t<button type=\"button\" id=\"collapseTitle-701b85e41b36a43eecde0dd83e698aad0\" class=\"open-collapse-title title-4\" data-collapser-controller>\n\t\t\t\tImmediate intervention for youth and\/or their parents or significant adults\t\t\t\t<span class=\"toggle-btn\" aria-hidden=\"true\"><i class=\"icon-arrow-down\"><\/i><\/span>\n\t\t\t<\/button>\n\t\t\t<div id=\"collapseContent-701b85e41b36a43eecde0dd83e698aad0\" class=\"open-collapse-content\" data-collapser-content>\n\t\t\t\t<div class=\"oc-content-mask\">\n\t\t\t\t\t<div class=\"oc-content-inner\">\n\t\t\t\t\t\t<p>This short-term intervention consists of several meetings aimed at:<\/p>\n<ul>\n<li>Restoring a sense of safety<\/li>\n<li>Acknowledging the impacts of sexual violence<\/li>\n<li>Developing a concrete action plan to support empowerment<\/li>\n<li>Understanding the socio-judicial process (when applicable) and the services offered at Marie-Vincent<\/li>\n<li>Strengthening parenting skills (when applicable)<\/li>\n<li>Exploring thoughts associated with sexual abuse or sexual behaviour problems<\/li>\n<li>Appropriately regulating emotions associated with sexual abuse or sexual behaviour problems<\/li>\n<li>Practicing self-care<\/li>\n<\/ul>\n<p><strong>In order to determine the most appropriate services for the referred child or adolescent, Marie-Vincent conducts a needs assessment.<\/strong><\/p>\n\t\t\t\t\t\t\t\t\t\t\t<\/div>\n\t\t\t\t<\/div>\n\t\t\t<\/div>\n\t\t<\/div>\n\t\t\t\t\t<div class=\"open-collapse-wrapper\" data-collapser=\"2f7f0ff9c3039d216ee77b03abb18a1b1\">\n\t\t\t<button type=\"button\" id=\"collapseTitle-2f7f0ff9c3039d216ee77b03abb18a1b1\" class=\"open-collapse-title title-4\" data-collapser-controller>\n\t\t\t\tNeeds assessment\t\t\t\t<span class=\"toggle-btn\" aria-hidden=\"true\"><i class=\"icon-arrow-down\"><\/i><\/span>\n\t\t\t<\/button>\n\t\t\t<div id=\"collapseContent-2f7f0ff9c3039d216ee77b03abb18a1b1\" class=\"open-collapse-content\" data-collapser-content>\n\t\t\t\t<div class=\"oc-content-mask\">\n\t\t\t\t\t<div class=\"oc-content-inner\">\n\t\t\t\t\t\t<p>A Marie-Vincent professional (psychotherapist or psychosocial practitioner) conducts an assessment to determine the child\u2019s or adolescent\u2019s needs. The resulting recommendations orient the child, adolescent, and their parents and\/or significant adults toward appropriate internal and external services.<\/p>\n<p>As part of the needs assessment, a research assistant affiliated with the Marie-Vincent Research Chair works in collaboration with the clinician responsible for the assessment to present the modalities of ongoing research projects. If the family, child or adolescent consents, the research assistant may administer standardized questionnaires to obtain a global view of strengths and weaknesses in order to better orient them within our service offering.<\/p>\n<p>The objectives of the assessment are to:<\/p>\n<ul>\n<li>Document the child\u2019s situation across different areas of life (social, emotional, behavioural, academic, family, etc.)<\/li>\n<li>Assess issues related to sexual abuse and\/or sexual behaviour problems<\/li>\n<li>Identify coping strategies or feelings related to the sexual abuse<\/li>\n<li>Assess the parent\u2019s capacity to be supportive of their child<\/li>\n<li>Evaluate the consequences of sexual abuse and\/or sexual behaviour problems for the child and parents<\/li>\n<li>Recommend services tailored to the child\u2019s specific needs<\/li>\n<\/ul>\n<p><strong>Based on the needs assessment and ongoing adaptation to the child\u2019s situation, they may receive one or more specialized services.<\/strong><\/p>\n\t\t\t\t\t\t\t\t\t\t\t<\/div>\n\t\t\t\t<\/div>\n\t\t\t<\/div>\n\t\t<\/div>\n\t\t\t\t\t<div class=\"open-collapse-wrapper\" data-collapser=\"d0c3aea162aa3a97b796f4c5260c9b012\">\n\t\t\t<button type=\"button\" id=\"collapseTitle-d0c3aea162aa3a97b796f4c5260c9b012\" class=\"open-collapse-title title-4\" data-collapser-controller>\n\t\t\t\tPsychosocial therapy\t\t\t\t<span class=\"toggle-btn\" aria-hidden=\"true\"><i class=\"icon-arrow-down\"><\/i><\/span>\n\t\t\t<\/button>\n\t\t\t<div id=\"collapseContent-d0c3aea162aa3a97b796f4c5260c9b012\" class=\"open-collapse-content\" data-collapser-content>\n\t\t\t\t<div class=\"oc-content-mask\">\n\t\t\t\t\t<div class=\"oc-content-inner\">\n\t\t\t\t\t\t<p>Based on a cognitive-behavioural approach, this treatment aims to reduce the negative impacts on the child\u2019s or adolescent\u2019s functioning. Depending on the intervention plan, the parent or significant adult may be invited to participate in sessions.<\/p>\n<p>The objectives of psychosocial therapy are to:<\/p>\n<ul>\n<li>Develop skills for identifying, expressing and managing emotions<\/li>\n<li>Develop cognitive coping strategies (understanding the link between thoughts, emotions and behaviour)<\/li>\n<li>Acquire knowledge about sexual violence and\/or sexual behaviour problems (SBP)<\/li>\n<li>Identify harmful or inaccurate thoughts related to sexual abuse, sexuality and SPB<\/li>\n<li>Identify factors that trigger and sustain  SBPs<\/li>\n<li>Build knowledge in sex education<\/li>\n<li>Develop assertiveness and self-protection skills<\/li>\n<\/ul>\n\t\t\t\t\t\t\t\t\t\t\t<\/div>\n\t\t\t\t<\/div>\n\t\t\t<\/div>\n\t\t<\/div>\n\t\t\t\t\t<div class=\"open-collapse-wrapper\" data-collapser=\"f380e0e60162135d125f5543c2991b4c3\">\n\t\t\t<button type=\"button\" id=\"collapseTitle-f380e0e60162135d125f5543c2991b4c3\" class=\"open-collapse-title title-4\" data-collapser-controller>\n\t\t\t\tPsychotherapy\t\t\t\t<span class=\"toggle-btn\" aria-hidden=\"true\"><i class=\"icon-arrow-down\"><\/i><\/span>\n\t\t\t<\/button>\n\t\t\t<div id=\"collapseContent-f380e0e60162135d125f5543c2991b4c3\" class=\"open-collapse-content\" data-collapser-content>\n\t\t\t\t<div class=\"oc-content-mask\">\n\t\t\t\t\t<div class=\"oc-content-inner\">\n\t\t\t\t\t\t<p>Psychotherapeutic treatment is based on trauma-focused cognitive behavioural therapy (TF-CBT). The objective of psychotherapy is to bring about meaningful changes (cognitive, emotional or behavioural), improve the youth\u2019s functioning and reduce psychological distress. Depending on the intervention plan, the parent or significant adult may be invited to participate.<\/p>\n<p>This treatment is associated with a significant reduction in symptoms among young victims of sexual violence or those who present sexual behaviour problems, including reduced anxiety and guilt and improved self-esteem.<\/p>\n<p>The objectives of psychotherapy are to:<\/p>\n<ul>\n<li>Develop skills for identifying, expressing and managing emotions<\/li>\n<li>Develop cognitive coping strategies<\/li>\n<li>Acquire knowledge about sexual violence and\/or SBPs<\/li>\n<li>Gradually uncover trauma-related memories<\/li>\n<li>Reduce post-traumatic stress symptoms<\/li>\n<li>Identify and restructure harmful or inaccurate thoughts<\/li>\n<li>Identify factors that trigger and sustain SBPs<\/li>\n<li>Build knowledge in sex education<\/li>\n<li>Develop assertiveness and self-protection skills<\/li>\n<\/ul>\n\t\t\t\t\t\t\t\t\t\t\t<\/div>\n\t\t\t\t<\/div>\n\t\t\t<\/div>\n\t\t<\/div>\n\t\t\t\t\t<div class=\"open-collapse-wrapper\" data-collapser=\"7c2959af99cde009a0153ab2d81d50f64\">\n\t\t\t<button type=\"button\" id=\"collapseTitle-7c2959af99cde009a0153ab2d81d50f64\" class=\"open-collapse-title title-4\" data-collapser-controller>\n\t\t\t\tGroup psychotherapy\t\t\t\t<span class=\"toggle-btn\" aria-hidden=\"true\"><i class=\"icon-arrow-down\"><\/i><\/span>\n\t\t\t<\/button>\n\t\t\t<div id=\"collapseContent-7c2959af99cde009a0153ab2d81d50f64\" class=\"open-collapse-content\" data-collapser-content>\n\t\t\t\t<div class=\"oc-content-mask\">\n\t\t\t\t\t<div class=\"oc-content-inner\">\n\t\t\t\t\t\t<p>Delivered by two professionals\u2014a psychotherapist and a psychosocial practitioner\u2014this service is also based on a cognitive-behavioural approach and on playful and creative activities. Like individual intervention, group psychotherapy is associated with a significant reduction in symptoms among child and adolescent victims of sexual violence.<\/p>\n<p>The objectives of group psychotherapy are to:<\/p>\n<ul>\n<li>Develop skills for identifying, expressing and managing emotions<\/li>\n<li>Develop cognitive coping strategies<\/li>\n<li>Acquire knowledge about sexual violence and\/or SBPs<\/li>\n<li>Facilitate the structured sharing of trauma-related memories<\/li>\n<li>Reduce post-traumatic stress symptoms<\/li>\n<li>Identify and restructure harmful or inaccurate thoughts<\/li>\n<li>Identify factors that trigger and sustain SBPs<\/li>\n<li>Build knowledge in sexual education<\/li>\n<li>Develop assertiveness and self-protection skills<\/li>\n<\/ul>\n<p><strong>All of the above-mentioned services are provided directly by Marie-Vincent staff. However, our team also works closely with several partners to offer additional services, under one roof, to youth and their families.<\/strong><\/p>\n\t\t\t\t\t\t\t\t\t\t\t<\/div>\n\t\t\t\t<\/div>\n\t\t\t<\/div>\n\t\t<\/div>\n\t\t\t\t\t<div class=\"open-collapse-wrapper\" data-collapser=\"3c0d4fe9a368f50ee5aea72c3cfe9a4a5\">\n\t\t\t<button type=\"button\" id=\"collapseTitle-3c0d4fe9a368f50ee5aea72c3cfe9a4a5\" class=\"open-collapse-title title-4\" data-collapser-controller>\n\t\t\t\tMedical consultation\t\t\t\t<span class=\"toggle-btn\" aria-hidden=\"true\"><i class=\"icon-arrow-down\"><\/i><\/span>\n\t\t\t<\/button>\n\t\t\t<div id=\"collapseContent-3c0d4fe9a368f50ee5aea72c3cfe9a4a5\" class=\"open-collapse-content\" data-collapser-content>\n\t\t\t\t<div class=\"oc-content-mask\">\n\t\t\t\t\t<div class=\"oc-content-inner\">\n\t\t\t\t\t\t<p>Through a partnership with CHU Sainte-Justine, a team of physicians and nurses provides medical consultation services to children and adolescents on-site at Marie-Vincent. The consultation is intended primarily to assess and reassure the child or adolescent regarding their overall health, including sexual, physical and mental health. The consultation can be followed by referrals to specialized professionals. In cases of sexual violence, a medical examination can help reassure the child or adolescent regarding their physical integrity.<\/p>\n\t\t\t\t\t\t\t\t\t\t\t<\/div>\n\t\t\t\t<\/div>\n\t\t\t<\/div>\n\t\t<\/div>\n\t\t\t\t\t<div class=\"open-collapse-wrapper\" data-collapser=\"500367b8cf342822671daae79882a0866\">\n\t\t\t<button type=\"button\" id=\"collapseTitle-500367b8cf342822671daae79882a0866\" class=\"open-collapse-title title-4\" data-collapser-controller>\n\t\t\t\tPolice investigative interview\t\t\t\t<span class=\"toggle-btn\" aria-hidden=\"true\"><i class=\"icon-arrow-down\"><\/i><\/span>\n\t\t\t<\/button>\n\t\t\t<div id=\"collapseContent-500367b8cf342822671daae79882a0866\" class=\"open-collapse-content\" data-collapser-content>\n\t\t\t\t<div class=\"oc-content-mask\">\n\t\t\t\t\t<div class=\"oc-content-inner\">\n\t\t\t\t\t\t<p>The objective of the police investigative interview is to obtain an accurate account of the events disclosed by the child and to determine, in a non-suggestive manner, whether sexual violence occurred. During the interview:<\/p>\n<ul>\n<li>An investigator questions the child or adolescent<\/li>\n<li>The interview takes approximately 45 minutes and is held in a small room at Marie-Vincent; the child\u2019s testimony is recorded<\/li>\n<li>The recording avoids the need for the child or adolescent to repeat their story multiple times<\/li>\n<li>Another investigator, accompanied by a youth protection worker, observes the interview live from another room<\/li>\n<li>Parents or significant adults present at Marie-Vincent are informed of the process but cannot attend the interview<\/li>\n<\/ul>\n\t\t\t\t\t\t\t\t\t\t\t<\/div>\n\t\t\t\t<\/div>\n\t\t\t<\/div>\n\t\t<\/div>\n\t\t\t\t\t<div class=\"open-collapse-wrapper\" data-collapser=\"a813e83f19f7b3fc2f207ce45c5fce197\">\n\t\t\t<button type=\"button\" id=\"collapseTitle-a813e83f19f7b3fc2f207ce45c5fce197\" class=\"open-collapse-title title-4\" data-collapser-controller>\n\t\t\t\tChild witness program\t\t\t\t<span class=\"toggle-btn\" aria-hidden=\"true\"><i class=\"icon-arrow-down\"><\/i><\/span>\n\t\t\t<\/button>\n\t\t\t<div id=\"collapseContent-a813e83f19f7b3fc2f207ce45c5fce197\" class=\"open-collapse-content\" data-collapser-content>\n\t\t\t\t<div class=\"oc-content-mask\">\n\t\t\t\t\t<div class=\"oc-content-inner\">\n\t\t\t\t\t\t<p>This program is a structured preparation process for minors aged 5 to 17 who are required to testify in criminal court. It may be delivered on-site at Marie-Vincent by a practitioner from the Crime Victims Assistance Centre (CAVAC). The program aims to:<\/p>\n<ul>\n<li>Minimize stress before and during testimony<\/li>\n<li>Promote high-quality testimony<\/li>\n<li>Familiarize minor witnesses with the court and key terminology<\/li>\n<li>Help overcome fears<\/li>\n<li>Build confidence<\/li>\n<li>Explain skills to be applied<\/li>\n<li>Practice skills through role-playing<\/li>\n<\/ul>\n\t\t\t\t\t\t\t\t\t\t\t\t\t<div class=\"btns\">\n\t\t\t\t\t\t\t\t\t\t\t<a href=\"https:\/\/cavac.qc.ca\/en\/child-witness-program\/\"\n\t\t\t\tclass=\"button button-tertiary\"\n\t\t\t\t target=\"_blank\" rel=\"noopener\" >\n\t\t\t\t\t\t\t\t\t<span class=\"text\">Learn more about the Child Witness Program<\/span><i class=\"icon icon-external\" aria-hidden=\"true\"><\/i>\t\t\t\t\t\t\t<\/a>\n\t\t\t\t\t\t\t\t\t<\/div>\n\t\t\t\t\t\t\t\t\t\t\t<\/div>\n\t\t\t\t<\/div>\n\t\t\t<\/div>\n\t\t<\/div>\n\t<\/div>\t\t\t\t\t\t<\/div>\n\t\t\t\t\t<\/div>\n\t\t\t\t<\/div>\n\t\t\t<\/div>\n\t\t<\/section>\n\t\n\n\t\t<section class=\"text-standard section-block with-background beige-theme\" data-scroll-section>\n\t\t\t<div class=\"container\">\n\t\t\t\t<div class=\"row row-main\">\n\t\t\t\t\t<div class=\"col-12 col-content\">\n\t\t\t\t\t\t<div class=\"content\">\n\t\t\t\t\t\t\t<h2 class=\"title title-2\">To discover our complete specialized service pathway, see the interactive diagram below.\n<\/h2>\t\t\t\t\t\t\t\n\t\t\t\t\t\t\t<div class=\"text\">\n\t\t\t\t\t\t\t\t<p>&nbsp;<\/p>\n<div style=\"width: 100%;\">\n<div style=\"position: relative; padding-bottom: 56.25%; padding-top: 0; height: 0;\"><iframe style=\"position: absolute; top: 0; left: 0; width: 100%; height: 100%;\" title=\"EN - Clinical Services Trajectory\" src=\"https:\/\/view.genial.ly\/6537b57bf968af0012741f8d\" width=\"1200\" height=\"675\" frameborder=\"0\" scrolling=\"yes\" allowfullscreen=\"allowfullscreen\" loading=\"lazy\"><\/iframe><\/div>\n<\/div>\n\t\t\t\t\t\t\t<\/div>\n\n\t\t\t\t\t\t\t\t\t\t\t\t\t<\/div>\n\t\t\t\t\t<\/div>\n\t\t\t\t<\/div>\n\t\t\t<\/div>\n\t\t<\/section>\n\t\n\n\t\t<section class=\"uxpertise-courses section-block purple-theme\" data-scroll-section>\n\t\t\t<div class=\"wave-ctn\">\n\t\t\t\t<svg class=\"wave hidden-mobile\" viewBox=\"0 0 1920 120\">\n\t<path d=\"M1920 120V41.4S1524.8 4.8 1265.2 2C919.9-1.6 724.1 96.1 378.9 83.8 230.4 78.6 0 41.4 0 41.4V120h1920Z\" \/>\n\t<path class=\"line\" d=\"M360.9 115.4C214 115.4 2.2 95.6 0 95.4v-1c2.4.2 235 21.9 381.7 19.8C560 111.7 700.3 84.9 836 59.1c128.3-24.4 261-49.7 427.9-55.7 64.8-2.3 138.5-3.2 212.4-3.2 219 0 440.7 7.6 443.7 7.7v1c-4-.1-399.6-13.7-656.1-4.5-166.9 6-299.5 31.2-427.7 55.7-135.8 25.9-276.1 52.6-454.5 55.1-6.7 0-13.7.1-20.8.1Z\"\/>\n<\/svg>\n\n<svg class=\"wave hidden-desktop\" viewBox=\"0 0 390 64\">\n\t<path d=\"M390,64v-32s-52-24-105.5-24S129.7,41.3,60,35C30,32.3,0,17.6,0,17.6v46.4h390Z\"\/>\n\t<path class=\"line\" class=\"cls-1\" d=\"M79,45.5c-29,0-49-5.2-60.7-9.5C5.6,31.3,0,26.7-.3,26.5l.6-.8c0,0,5.9,4.8,18.4,9.4,11.6,4.3,31.4,9.4,60.3,9.4s69.8-11.5,103.3-22.6C215.7,10.9,250.2-.5,284.9-.5h0c51.8,0,104.7,25.1,105.2,25.4l-.4.9c-.5-.3-53.2-25.2-104.8-25.3h0c-34.6,0-69,11.4-102.3,22.4-33.6,11.1-68.4,22.6-103.6,22.6Z\"\/>\n<\/svg>\t\t\t<\/div>\n\t\t\t<div class=\"block-wrapper\">\n\t\t\t\t<div class=\"container\">\n\t\t\t\t\t<div class=\"content-wrapper\">\n\t\t\t\t\t\t<div class=\"row row-main\">\n\t\t\t\t\t\t\t<div class=\"col-md-8 offset-md-2 col-content\">\n\t\t\t\t\t\t\t\t<div class=\"content\">\n\t\t\t\t\t\t\t\t\t<h2 class=\"title-2\">Discover the different services offered by our clinical team\n<\/h2>\n\t\t\t\t\t\t\t\t\t\t\t\t\t\t\t\t\t<\/div>\n\t\t\t\t\t\t\t<\/div>\n\t\t\t\t\t\t<\/div>\n\t\t\t\t\t\t<div class=\"row row-cards\">\n\t\t\t\t\t\t\t\t\t\t\t\t\t\t\t\t\t\t\t\t\t<div class=\"col-md-4 col-sm-6\">\n\t\t\t\t\t\t\t\t<article class=\"course-card\">\n\t\t\t\t\t\t\t\t\t<div class=\"content\">\n\t\t\t\t\t\t\t\t\t\t<h3 class=\"title-4\">Services for families and parents<\/h3>\t\t\t\t\t\t\t\t\t\t\t\t\t\t\t\t\t\t\t<\/div>\n\t\t\t\t\t\t\t\t\t\t\t\t\t\t\t\t\t\t\t<div class=\"btns\">\n\t\t\t\t\t\t\t\t\t\t\t\t\t\t\t\t\t\t\t\t\t\t\t\t\t\t<a href=\"\/en\/get-help\/services-for families-parents\/\"\n\t\t\t\tclass=\"button button-primary\"\n\t\t\t\t >\n\t\t\t\t\t\t\t\t\t<span class=\"text\">Discover<\/span>\t\t\t\t\t\t\t<\/a>\n\t\t\t\t\t\t\t\t\t\t\t\t\t\t\t\t\t\t\t\t\t\t\t<\/div>\n\t\t\t\t\t\t\t\t\t\t\t\t\t\t\t\t\t<\/article>\n\t\t\t\t\t\t\t<\/div>\n\t\t\t\t\t\t\t\t\t\t\t\t\t\t<div class=\"col-md-4 col-sm-6\">\n\t\t\t\t\t\t\t\t<article class=\"course-card\">\n\t\t\t\t\t\t\t\t\t<div class=\"content\">\n\t\t\t\t\t\t\t\t\t\t<h3 class=\"title-4\">Services for children<\/h3>\t\t\t\t\t\t\t\t\t\t\t\t\t\t\t\t\t\t\t<\/div>\n\t\t\t\t\t\t\t\t\t\t\t\t\t\t\t\t\t\t\t<div class=\"btns\">\n\t\t\t\t\t\t\t\t\t\t\t\t\t\t\t\t\t\t\t\t\t\t\t\t\t\t<a href=\"\/en\/get-help\/services-for-children\/\"\n\t\t\t\tclass=\"button button-primary\"\n\t\t\t\t >\n\t\t\t\t\t\t\t\t\t<span class=\"text\">Discover<\/span>\t\t\t\t\t\t\t<\/a>\n\t\t\t\t\t\t\t\t\t\t\t\t\t\t\t\t\t\t\t\t\t\t\t<\/div>\n\t\t\t\t\t\t\t\t\t\t\t\t\t\t\t\t\t<\/article>\n\t\t\t\t\t\t\t<\/div>\n\t\t\t\t\t\t\t\t\t\t\t\t\t\t<div class=\"col-md-4 col-sm-6\">\n\t\t\t\t\t\t\t\t<article class=\"course-card\">\n\t\t\t\t\t\t\t\t\t<div class=\"content\">\n\t\t\t\t\t\t\t\t\t\t<h3 class=\"title-4\">Services for adolescents<\/h3>\t\t\t\t\t\t\t\t\t\t\t\t\t\t\t\t\t\t\t<\/div>\n\t\t\t\t\t\t\t\t\t\t\t\t\t\t\t\t\t\t\t<div class=\"btns\">\n\t\t\t\t\t\t\t\t\t\t\t\t\t\t\t\t\t\t\t\t\t\t\t\t\t\t<a href=\"\/en\/get-help\/services-for-adolescents\/\"\n\t\t\t\tclass=\"button button-primary\"\n\t\t\t\t >\n\t\t\t\t\t\t\t\t\t<span class=\"text\">Discover<\/span>\t\t\t\t\t\t\t<\/a>\n\t\t\t\t\t\t\t\t\t\t\t\t\t\t\t\t\t\t\t\t\t\t\t<\/div>\n\t\t\t\t\t\t\t\t\t\t\t\t\t\t\t\t\t<\/article>\n\t\t\t\t\t\t\t<\/div>\n\t\t\t\t\t\t\t\t\t\t\t\t\t\t<div class=\"col-md-4 col-sm-6\">\n\t\t\t\t\t\t\t\t<article class=\"course-card\">\n\t\t\t\t\t\t\t\t\t<div class=\"content\">\n\t\t\t\t\t\t\t\t\t\t<h3 class=\"title-4\">Services for professionals<\/h3>\t\t\t\t\t\t\t\t\t\t\t\t\t\t\t\t\t\t\t<\/div>\n\t\t\t\t\t\t\t\t\t\t\t\t\t\t\t\t\t\t\t<div class=\"btns\">\n\t\t\t\t\t\t\t\t\t\t\t\t\t\t\t\t\t\t\t\t\t\t\t\t\t\t<a href=\"\/en\/get-help\/services-professionals\/\"\n\t\t\t\tclass=\"button button-primary\"\n\t\t\t\t >\n\t\t\t\t\t\t\t\t\t<span class=\"text\">Discover<\/span>\t\t\t\t\t\t\t<\/a>\n\t\t\t\t\t\t\t\t\t\t\t\t\t\t\t\t\t\t\t\t\t\t\t<\/div>\n\t\t\t\t\t\t\t\t\t\t\t\t\t\t\t\t\t<\/article>\n\t\t\t\t\t\t\t<\/div>\n\t\t\t\t\t\t\t\t\t\t\t\t\t<\/div>\n\t\t\t\t\t<\/div>\n\t\t\t\t<\/div>\n\t\t\t<\/div>\n\t\t<\/section>\n\t","protected":false},"excerpt":{"rendered":"","protected":false},"author":5,"featured_media":0,"parent":0,"menu_order":43,"comment_status":"closed","ping_status":"closed","template":"","meta":{"_acf_changed":false,"footnotes":""},"class_list":["post-6612","page","type-page","status-publish","hentry"],"acf":[],"_links":{"self":[{"href":"https:\/\/marie-vincent.org\/en\/wp-json\/wp\/v2\/pages\/6612","targetHints":{"allow":["GET"]}}],"collection":[{"href":"https:\/\/marie-vincent.org\/en\/wp-json\/wp\/v2\/pages"}],"about":[{"href":"https:\/\/marie-vincent.org\/en\/wp-json\/wp\/v2\/types\/page"}],"author":[{"embeddable":true,"href":"https:\/\/marie-vincent.org\/en\/wp-json\/wp\/v2\/users\/5"}],"replies":[{"embeddable":true,"href":"https:\/\/marie-vincent.org\/en\/wp-json\/wp\/v2\/comments?post=6612"}],"version-history":[{"count":4,"href":"https:\/\/marie-vincent.org\/en\/wp-json\/wp\/v2\/pages\/6612\/revisions"}],"predecessor-version":[{"id":6783,"href":"https:\/\/marie-vincent.org\/en\/wp-json\/wp\/v2\/pages\/6612\/revisions\/6783"}],"wp:attachment":[{"href":"https:\/\/marie-vincent.org\/en\/wp-json\/wp\/v2\/media?parent=6612"}],"curies":[{"name":"wp","href":"https:\/\/api.w.org\/{rel}","templated":true}]}}