{"id":6363,"date":"2024-10-30T11:15:02","date_gmt":"2024-10-30T15:15:02","guid":{"rendered":"https:\/\/marie-vincent.org\/porte-parole\/"},"modified":"2026-02-27T10:57:59","modified_gmt":"2026-02-27T15:57:59","slug":"spokesperson","status":"publish","type":"page","link":"https:\/\/marie-vincent.org\/en\/about\/spokesperson\/","title":{"rendered":"Spokesperson"},"content":{"rendered":"\t\t<header class=\"header-primary-a section-block with-background orange-theme\" data-scroll-section>\n\t\t\t<div class=\"container container-main\">\n\t\t\t\t<div class=\"row\">\n\t\t\t\t\t<div class=\"col-md-10 offset-md-1\">\n\t\t\t\t\t\t<div class=\"content\">\n\t\t\t\t\t\t\t<h1 class=\"title-1\">Our <span class=\"highlight\">Spokesperson<\/span> : M\u00e9lissa D\u00e9sormeaux-Poulin\n<\/h1>\t\t\t\t\t\t\t\t\t\t\t\t\t<\/div>\n\t\t\t\t\t<\/div>\n\t\t\t\t<\/div>\n\t\t\t<\/div>\n\t\t\t\t\t\t\t<div class=\"drawing\"><\/div>\n\t\t\t\t\t<\/header>\n\t\n\n\t\t<section class=\"text-media-c section-block with-background cream-theme\" data-scroll-section>\n\t\t\t<div class=\"container\">\n\t\t\t\t<div class=\"row row-main is-reversed\">\n\t\t\t\t\t<div class=\"col-md-6 col-content\">\n\t\t\t\t\t\t<div class=\"content\">\n\t\t\t\t\t\t\t\t\t\t\t\t\t\t<div class=\"text\"><p>Since 2015, <a href=\"https:\/\/marievincent.agencearobas.ca\/nouvelles\/portrait-de-deux-porte-paroles-engagees-melissa-desormeaux-poulin-et-francois-morency\/\">M\u00e9lissa D\u00e9sormeaux-Poulin<\/a> has been an ardent advocate for young victims of sexual violence. Her dedication to the cause goes far beyond the traditional role of a spokesperson. Through media appearances, social media engagement, and active participation in our events and fundraising campaigns, M\u00e9lissa raises awareness among Qu\u00e9becers about the impact of violence on young people and the importance of support for victims. Preventing sexual violence is a cause that is particularly close to her heart.<\/p>\n<p>M\u00e9lissa&#8217;s remarkable commitment was recognized in 2016 when she received the Metro Achievement Award at the Gala du cin\u00e9ma qu\u00e9b\u00e9cois for her exceptional dedication to Marie-Vincent. <strong>2025 marked her 10th anniversary as our spokesperson<\/strong>, and the entire team is incredibly grateful for her unwavering support. Thank you, M\u00e9lissa!<\/p>\n<\/div>\n\n\t\t\t\t\t\t\t\t\t\t\t\t\t<\/div>\n\t\t\t\t\t<\/div>\n\t\t\t\t\t<div class=\"col-md-6 col-img\">\n\t\t\t\t\t\t<div class=\"image-container\">\n\t\t\t\t\t\t\t\t\t\t\t\t\t\t\t<img decoding=\"async\" loading=\"lazy\" width=\"3840\" height=\"2160\" src=\"https:\/\/marie-vincent.org\/wp-content\/uploads\/2025\/05\/Melissa-Desormeaux-Poulin.jpg\" class=\"image\" alt=\"\" sizes=\"auto, thumbnail\" srcset=\"https:\/\/marie-vincent.org\/wp-content\/uploads\/2025\/05\/Melissa-Desormeaux-Poulin.jpg 3840w, https:\/\/marie-vincent.org\/wp-content\/uploads\/2025\/05\/Melissa-Desormeaux-Poulin-300x169.jpg 300w, https:\/\/marie-vincent.org\/wp-content\/uploads\/2025\/05\/Melissa-Desormeaux-Poulin-1024x576.jpg 1024w, https:\/\/marie-vincent.org\/wp-content\/uploads\/2025\/05\/Melissa-Desormeaux-Poulin-768x432.jpg 768w, https:\/\/marie-vincent.org\/wp-content\/uploads\/2025\/05\/Melissa-Desormeaux-Poulin-1536x864.jpg 1536w, https:\/\/marie-vincent.org\/wp-content\/uploads\/2025\/05\/Melissa-Desormeaux-Poulin-2048x1152.jpg 2048w, https:\/\/marie-vincent.org\/wp-content\/uploads\/2025\/05\/Melissa-Desormeaux-Poulin-80x45.jpg 80w, https:\/\/marie-vincent.org\/wp-content\/uploads\/2025\/05\/Melissa-Desormeaux-Poulin-186x105.jpg 186w, https:\/\/marie-vincent.org\/wp-content\/uploads\/2025\/05\/Melissa-Desormeaux-Poulin-206x116.jpg 206w, https:\/\/marie-vincent.org\/wp-content\/uploads\/2025\/05\/Melissa-Desormeaux-Poulin-238x134.jpg 238w, https:\/\/marie-vincent.org\/wp-content\/uploads\/2025\/05\/Melissa-Desormeaux-Poulin-275x155.jpg 275w, https:\/\/marie-vincent.org\/wp-content\/uploads\/2025\/05\/Melissa-Desormeaux-Poulin-428x241.jpg 428w, https:\/\/marie-vincent.org\/wp-content\/uploads\/2025\/05\/Melissa-Desormeaux-Poulin-550x309.jpg 550w, https:\/\/marie-vincent.org\/wp-content\/uploads\/2025\/05\/Melissa-Desormeaux-Poulin-580x326.jpg 580w, https:\/\/marie-vincent.org\/wp-content\/uploads\/2025\/05\/Melissa-Desormeaux-Poulin-780x439.jpg 780w, https:\/\/marie-vincent.org\/wp-content\/uploads\/2025\/05\/Melissa-Desormeaux-Poulin-885x498.jpg 885w, https:\/\/marie-vincent.org\/wp-content\/uploads\/2025\/05\/Melissa-Desormeaux-Poulin-900x506.jpg 900w, https:\/\/marie-vincent.org\/wp-content\/uploads\/2025\/05\/Melissa-Desormeaux-Poulin-960x540.jpg 960w, https:\/\/marie-vincent.org\/wp-content\/uploads\/2025\/05\/Melissa-Desormeaux-Poulin-1160x653.jpg 1160w, https:\/\/marie-vincent.org\/wp-content\/uploads\/2025\/05\/Melissa-Desormeaux-Poulin-1280x720.jpg 1280w, https:\/\/marie-vincent.org\/wp-content\/uploads\/2025\/05\/Melissa-Desormeaux-Poulin-1366x768.jpg 1366w, https:\/\/marie-vincent.org\/wp-content\/uploads\/2025\/05\/Melissa-Desormeaux-Poulin-1440x810.jpg 1440w, https:\/\/marie-vincent.org\/wp-content\/uploads\/2025\/05\/Melissa-Desormeaux-Poulin-1600x900.jpg 1600w, https:\/\/marie-vincent.org\/wp-content\/uploads\/2025\/05\/Melissa-Desormeaux-Poulin-1920x1080.jpg 1920w\" \/>\t\t\t\t\t\t\t\t\t\t\t\t\t<\/div>\n\t\t\t\t\t<\/div>\n\t\t\t\t<\/div>\n\t\t\t<\/div>\n\t\t<\/section>\n\t\n\n\t\t<section class=\"text-standard section-block with-background purple-theme\" data-scroll-section>\n\t\t\t<div class=\"container\">\n\t\t\t\t<div class=\"row row-main\">\n\t\t\t\t\t<div class=\"col-12 col-content\">\n\t\t\t\t\t\t<div class=\"content\">\n\t\t\t\t\t\t\t<h2 class=\"title title-2\">A Message from M\u00e9lissa\n<\/h2>\t\t\t\t\t\t\t\n\t\t\t\t\t\t\t<div class=\"text\">\n\t\t\t\t\t\t\t\t<p>\u00ab Since my very first moments as a spokesperson, I have witnessed the collective strength we embody in our fight against sexual violence against young people. Every day, Marie-Vincent reminds me of the urgent need to build a protective community around youth&#8212;a safety net woven with expertise, collaboration, and hope. \u00bb<\/p>\n<p>\u00ab Let&#8217;s remember that every story of courage and every step toward healing is a source of inspiration. The idea that young people can be abused is an unbearable injustice, a reality that must never be accepted. Yet the truth remains: too many young people suffer in silence, and too many families are torn apart by sexual violence. That is why our collective commitment is more vital than ever. Thank you for standing with us! \u00bb<\/p>\n\t\t\t\t\t\t\t<\/div>\n\n\t\t\t\t\t\t\t\t\t\t\t\t\t<\/div>\n\t\t\t\t\t<\/div>\n\t\t\t\t<\/div>\n\t\t\t<\/div>\n\t\t<\/section>\n\t\n\n\t\t<section class=\"photo-gallery section-block with-background cream-theme\" data-scroll-section data-photo-gallery>\n\t\t\t<div class=\"container\">\n\t\t\t\t<div class=\"row\">\n\t\t\t\t\t<div class=\"col-md-12\">\n\t\t\t\t\t\t<div class=\"gallery splide\" data-gallery-slider>\n\t\t\t\t\t\t\t<div class=\"splide__track splide-track\">\n\t\t\t\t\t\t\t\t<div class=\"splide__list\">\n\t\t\t\t\t\t\t\t\t\t\t\t\t\t\t\t\t\t\t<div class=\"splide__slide splide-slide\">\n\t\t\t\t\t\t\t\t\t\t\t<div class=\"image-container\">\n\t\t\t\t\t\t\t\t\t\t\t\t\t\t\t\t\t\t\t\t\t\t\t\t\t<img decoding=\"async\" loading=\"lazy\" width=\"3840\" height=\"2160\" src=\"https:\/\/marie-vincent.org\/wp-content\/uploads\/2025\/05\/Melissa-Desormeaux-Poulin-Galerie-4.jpg\" class=\"image\" alt=\"\" sizes=\"auto, thumbnail\" srcset=\"https:\/\/marie-vincent.org\/wp-content\/uploads\/2025\/05\/Melissa-Desormeaux-Poulin-Galerie-4.jpg 3840w, https:\/\/marie-vincent.org\/wp-content\/uploads\/2025\/05\/Melissa-Desormeaux-Poulin-Galerie-4-300x169.jpg 300w, https:\/\/marie-vincent.org\/wp-content\/uploads\/2025\/05\/Melissa-Desormeaux-Poulin-Galerie-4-1024x576.jpg 1024w, https:\/\/marie-vincent.org\/wp-content\/uploads\/2025\/05\/Melissa-Desormeaux-Poulin-Galerie-4-768x432.jpg 768w, https:\/\/marie-vincent.org\/wp-content\/uploads\/2025\/05\/Melissa-Desormeaux-Poulin-Galerie-4-1536x864.jpg 1536w, https:\/\/marie-vincent.org\/wp-content\/uploads\/2025\/05\/Melissa-Desormeaux-Poulin-Galerie-4-2048x1152.jpg 2048w, https:\/\/marie-vincent.org\/wp-content\/uploads\/2025\/05\/Melissa-Desormeaux-Poulin-Galerie-4-80x45.jpg 80w, https:\/\/marie-vincent.org\/wp-content\/uploads\/2025\/05\/Melissa-Desormeaux-Poulin-Galerie-4-186x105.jpg 186w, https:\/\/marie-vincent.org\/wp-content\/uploads\/2025\/05\/Melissa-Desormeaux-Poulin-Galerie-4-206x116.jpg 206w, https:\/\/marie-vincent.org\/wp-content\/uploads\/2025\/05\/Melissa-Desormeaux-Poulin-Galerie-4-238x134.jpg 238w, https:\/\/marie-vincent.org\/wp-content\/uploads\/2025\/05\/Melissa-Desormeaux-Poulin-Galerie-4-275x155.jpg 275w, https:\/\/marie-vincent.org\/wp-content\/uploads\/2025\/05\/Melissa-Desormeaux-Poulin-Galerie-4-428x241.jpg 428w, https:\/\/marie-vincent.org\/wp-content\/uploads\/2025\/05\/Melissa-Desormeaux-Poulin-Galerie-4-550x309.jpg 550w, https:\/\/marie-vincent.org\/wp-content\/uploads\/2025\/05\/Melissa-Desormeaux-Poulin-Galerie-4-580x326.jpg 580w, https:\/\/marie-vincent.org\/wp-content\/uploads\/2025\/05\/Melissa-Desormeaux-Poulin-Galerie-4-780x439.jpg 780w, https:\/\/marie-vincent.org\/wp-content\/uploads\/2025\/05\/Melissa-Desormeaux-Poulin-Galerie-4-885x498.jpg 885w, https:\/\/marie-vincent.org\/wp-content\/uploads\/2025\/05\/Melissa-Desormeaux-Poulin-Galerie-4-900x506.jpg 900w, https:\/\/marie-vincent.org\/wp-content\/uploads\/2025\/05\/Melissa-Desormeaux-Poulin-Galerie-4-960x540.jpg 960w, https:\/\/marie-vincent.org\/wp-content\/uploads\/2025\/05\/Melissa-Desormeaux-Poulin-Galerie-4-1160x653.jpg 1160w, https:\/\/marie-vincent.org\/wp-content\/uploads\/2025\/05\/Melissa-Desormeaux-Poulin-Galerie-4-1280x720.jpg 1280w, https:\/\/marie-vincent.org\/wp-content\/uploads\/2025\/05\/Melissa-Desormeaux-Poulin-Galerie-4-1366x768.jpg 1366w, https:\/\/marie-vincent.org\/wp-content\/uploads\/2025\/05\/Melissa-Desormeaux-Poulin-Galerie-4-1440x810.jpg 1440w, https:\/\/marie-vincent.org\/wp-content\/uploads\/2025\/05\/Melissa-Desormeaux-Poulin-Galerie-4-1600x900.jpg 1600w, https:\/\/marie-vincent.org\/wp-content\/uploads\/2025\/05\/Melissa-Desormeaux-Poulin-Galerie-4-1920x1080.jpg 1920w\" \/>\t\t\t\t\t\t\t\t\t\t\t\t\t\t\t\t\t\t\t\t\t\t\t<\/div>\n\t\t\t\t\t\t\t\t\t\t<\/div>\n\t\t\t\t\t\t\t\t\t\t\t\t\t\t\t\t\t\t\t<div class=\"splide__slide splide-slide\">\n\t\t\t\t\t\t\t\t\t\t\t<div class=\"image-container\">\n\t\t\t\t\t\t\t\t\t\t\t\t\t\t\t\t\t\t\t\t\t\t\t\t\t<img decoding=\"async\" loading=\"lazy\" width=\"3840\" height=\"2160\" src=\"https:\/\/marie-vincent.org\/wp-content\/uploads\/2025\/05\/Melissa-Desormeaux-Poulin-Galerie-2.jpg\" class=\"image\" alt=\"\" sizes=\"auto, thumbnail\" srcset=\"https:\/\/marie-vincent.org\/wp-content\/uploads\/2025\/05\/Melissa-Desormeaux-Poulin-Galerie-2.jpg 3840w, https:\/\/marie-vincent.org\/wp-content\/uploads\/2025\/05\/Melissa-Desormeaux-Poulin-Galerie-2-300x169.jpg 300w, https:\/\/marie-vincent.org\/wp-content\/uploads\/2025\/05\/Melissa-Desormeaux-Poulin-Galerie-2-1024x576.jpg 1024w, https:\/\/marie-vincent.org\/wp-content\/uploads\/2025\/05\/Melissa-Desormeaux-Poulin-Galerie-2-768x432.jpg 768w, https:\/\/marie-vincent.org\/wp-content\/uploads\/2025\/05\/Melissa-Desormeaux-Poulin-Galerie-2-1536x864.jpg 1536w, https:\/\/marie-vincent.org\/wp-content\/uploads\/2025\/05\/Melissa-Desormeaux-Poulin-Galerie-2-2048x1152.jpg 2048w, https:\/\/marie-vincent.org\/wp-content\/uploads\/2025\/05\/Melissa-Desormeaux-Poulin-Galerie-2-80x45.jpg 80w, https:\/\/marie-vincent.org\/wp-content\/uploads\/2025\/05\/Melissa-Desormeaux-Poulin-Galerie-2-186x105.jpg 186w, https:\/\/marie-vincent.org\/wp-content\/uploads\/2025\/05\/Melissa-Desormeaux-Poulin-Galerie-2-206x116.jpg 206w, https:\/\/marie-vincent.org\/wp-content\/uploads\/2025\/05\/Melissa-Desormeaux-Poulin-Galerie-2-238x134.jpg 238w, https:\/\/marie-vincent.org\/wp-content\/uploads\/2025\/05\/Melissa-Desormeaux-Poulin-Galerie-2-275x155.jpg 275w, https:\/\/marie-vincent.org\/wp-content\/uploads\/2025\/05\/Melissa-Desormeaux-Poulin-Galerie-2-428x241.jpg 428w, https:\/\/marie-vincent.org\/wp-content\/uploads\/2025\/05\/Melissa-Desormeaux-Poulin-Galerie-2-550x309.jpg 550w, https:\/\/marie-vincent.org\/wp-content\/uploads\/2025\/05\/Melissa-Desormeaux-Poulin-Galerie-2-580x326.jpg 580w, https:\/\/marie-vincent.org\/wp-content\/uploads\/2025\/05\/Melissa-Desormeaux-Poulin-Galerie-2-780x439.jpg 780w, https:\/\/marie-vincent.org\/wp-content\/uploads\/2025\/05\/Melissa-Desormeaux-Poulin-Galerie-2-885x498.jpg 885w, https:\/\/marie-vincent.org\/wp-content\/uploads\/2025\/05\/Melissa-Desormeaux-Poulin-Galerie-2-900x506.jpg 900w, https:\/\/marie-vincent.org\/wp-content\/uploads\/2025\/05\/Melissa-Desormeaux-Poulin-Galerie-2-960x540.jpg 960w, https:\/\/marie-vincent.org\/wp-content\/uploads\/2025\/05\/Melissa-Desormeaux-Poulin-Galerie-2-1160x653.jpg 1160w, https:\/\/marie-vincent.org\/wp-content\/uploads\/2025\/05\/Melissa-Desormeaux-Poulin-Galerie-2-1280x720.jpg 1280w, https:\/\/marie-vincent.org\/wp-content\/uploads\/2025\/05\/Melissa-Desormeaux-Poulin-Galerie-2-1366x768.jpg 1366w, https:\/\/marie-vincent.org\/wp-content\/uploads\/2025\/05\/Melissa-Desormeaux-Poulin-Galerie-2-1440x810.jpg 1440w, https:\/\/marie-vincent.org\/wp-content\/uploads\/2025\/05\/Melissa-Desormeaux-Poulin-Galerie-2-1600x900.jpg 1600w, https:\/\/marie-vincent.org\/wp-content\/uploads\/2025\/05\/Melissa-Desormeaux-Poulin-Galerie-2-1920x1080.jpg 1920w\" \/>\t\t\t\t\t\t\t\t\t\t\t\t\t\t\t\t\t\t\t\t\t\t\t<\/div>\n\t\t\t\t\t\t\t\t\t\t<\/div>\n\t\t\t\t\t\t\t\t\t\t\t\t\t\t\t\t\t\t\t<div class=\"splide__slide splide-slide\">\n\t\t\t\t\t\t\t\t\t\t\t<div class=\"image-container\">\n\t\t\t\t\t\t\t\t\t\t\t\t\t\t\t\t\t\t\t\t\t\t\t\t\t<img decoding=\"async\" loading=\"lazy\" width=\"3840\" height=\"2160\" src=\"https:\/\/marie-vincent.org\/wp-content\/uploads\/2025\/05\/Melissa-Desormeaux-Poulin-Galerie-3.jpg\" class=\"image\" alt=\"\" sizes=\"auto, thumbnail\" srcset=\"https:\/\/marie-vincent.org\/wp-content\/uploads\/2025\/05\/Melissa-Desormeaux-Poulin-Galerie-3.jpg 3840w, https:\/\/marie-vincent.org\/wp-content\/uploads\/2025\/05\/Melissa-Desormeaux-Poulin-Galerie-3-300x169.jpg 300w, https:\/\/marie-vincent.org\/wp-content\/uploads\/2025\/05\/Melissa-Desormeaux-Poulin-Galerie-3-1024x576.jpg 1024w, https:\/\/marie-vincent.org\/wp-content\/uploads\/2025\/05\/Melissa-Desormeaux-Poulin-Galerie-3-768x432.jpg 768w, https:\/\/marie-vincent.org\/wp-content\/uploads\/2025\/05\/Melissa-Desormeaux-Poulin-Galerie-3-1536x864.jpg 1536w, https:\/\/marie-vincent.org\/wp-content\/uploads\/2025\/05\/Melissa-Desormeaux-Poulin-Galerie-3-2048x1152.jpg 2048w, https:\/\/marie-vincent.org\/wp-content\/uploads\/2025\/05\/Melissa-Desormeaux-Poulin-Galerie-3-80x45.jpg 80w, https:\/\/marie-vincent.org\/wp-content\/uploads\/2025\/05\/Melissa-Desormeaux-Poulin-Galerie-3-186x105.jpg 186w, https:\/\/marie-vincent.org\/wp-content\/uploads\/2025\/05\/Melissa-Desormeaux-Poulin-Galerie-3-206x116.jpg 206w, https:\/\/marie-vincent.org\/wp-content\/uploads\/2025\/05\/Melissa-Desormeaux-Poulin-Galerie-3-238x134.jpg 238w, https:\/\/marie-vincent.org\/wp-content\/uploads\/2025\/05\/Melissa-Desormeaux-Poulin-Galerie-3-275x155.jpg 275w, https:\/\/marie-vincent.org\/wp-content\/uploads\/2025\/05\/Melissa-Desormeaux-Poulin-Galerie-3-428x241.jpg 428w, https:\/\/marie-vincent.org\/wp-content\/uploads\/2025\/05\/Melissa-Desormeaux-Poulin-Galerie-3-550x309.jpg 550w, https:\/\/marie-vincent.org\/wp-content\/uploads\/2025\/05\/Melissa-Desormeaux-Poulin-Galerie-3-580x326.jpg 580w, https:\/\/marie-vincent.org\/wp-content\/uploads\/2025\/05\/Melissa-Desormeaux-Poulin-Galerie-3-780x439.jpg 780w, https:\/\/marie-vincent.org\/wp-content\/uploads\/2025\/05\/Melissa-Desormeaux-Poulin-Galerie-3-885x498.jpg 885w, https:\/\/marie-vincent.org\/wp-content\/uploads\/2025\/05\/Melissa-Desormeaux-Poulin-Galerie-3-900x506.jpg 900w, https:\/\/marie-vincent.org\/wp-content\/uploads\/2025\/05\/Melissa-Desormeaux-Poulin-Galerie-3-960x540.jpg 960w, https:\/\/marie-vincent.org\/wp-content\/uploads\/2025\/05\/Melissa-Desormeaux-Poulin-Galerie-3-1160x653.jpg 1160w, https:\/\/marie-vincent.org\/wp-content\/uploads\/2025\/05\/Melissa-Desormeaux-Poulin-Galerie-3-1280x720.jpg 1280w, https:\/\/marie-vincent.org\/wp-content\/uploads\/2025\/05\/Melissa-Desormeaux-Poulin-Galerie-3-1366x768.jpg 1366w, https:\/\/marie-vincent.org\/wp-content\/uploads\/2025\/05\/Melissa-Desormeaux-Poulin-Galerie-3-1440x810.jpg 1440w, https:\/\/marie-vincent.org\/wp-content\/uploads\/2025\/05\/Melissa-Desormeaux-Poulin-Galerie-3-1600x900.jpg 1600w, https:\/\/marie-vincent.org\/wp-content\/uploads\/2025\/05\/Melissa-Desormeaux-Poulin-Galerie-3-1920x1080.jpg 1920w\" \/>\t\t\t\t\t\t\t\t\t\t\t\t\t\t\t\t\t\t\t\t\t\t\t<\/div>\n\t\t\t\t\t\t\t\t\t\t<\/div>\n\t\t\t\t\t\t\t\t\t\t\t\t\t\t\t\t\t\t\t<div class=\"splide__slide splide-slide\">\n\t\t\t\t\t\t\t\t\t\t\t<div class=\"image-container\">\n\t\t\t\t\t\t\t\t\t\t\t\t\t\t\t\t\t\t\t\t\t\t\t\t\t<img decoding=\"async\" loading=\"lazy\" width=\"3840\" height=\"2160\" src=\"https:\/\/marie-vincent.org\/wp-content\/uploads\/2025\/05\/Melissa-Desormeaux-Poulin-Galerie-1.jpg\" class=\"image\" alt=\"\" sizes=\"auto, thumbnail\" srcset=\"https:\/\/marie-vincent.org\/wp-content\/uploads\/2025\/05\/Melissa-Desormeaux-Poulin-Galerie-1.jpg 3840w, https:\/\/marie-vincent.org\/wp-content\/uploads\/2025\/05\/Melissa-Desormeaux-Poulin-Galerie-1-300x169.jpg 300w, https:\/\/marie-vincent.org\/wp-content\/uploads\/2025\/05\/Melissa-Desormeaux-Poulin-Galerie-1-1024x576.jpg 1024w, https:\/\/marie-vincent.org\/wp-content\/uploads\/2025\/05\/Melissa-Desormeaux-Poulin-Galerie-1-768x432.jpg 768w, https:\/\/marie-vincent.org\/wp-content\/uploads\/2025\/05\/Melissa-Desormeaux-Poulin-Galerie-1-1536x864.jpg 1536w, https:\/\/marie-vincent.org\/wp-content\/uploads\/2025\/05\/Melissa-Desormeaux-Poulin-Galerie-1-2048x1152.jpg 2048w, https:\/\/marie-vincent.org\/wp-content\/uploads\/2025\/05\/Melissa-Desormeaux-Poulin-Galerie-1-80x45.jpg 80w, https:\/\/marie-vincent.org\/wp-content\/uploads\/2025\/05\/Melissa-Desormeaux-Poulin-Galerie-1-186x105.jpg 186w, https:\/\/marie-vincent.org\/wp-content\/uploads\/2025\/05\/Melissa-Desormeaux-Poulin-Galerie-1-206x116.jpg 206w, https:\/\/marie-vincent.org\/wp-content\/uploads\/2025\/05\/Melissa-Desormeaux-Poulin-Galerie-1-238x134.jpg 238w, https:\/\/marie-vincent.org\/wp-content\/uploads\/2025\/05\/Melissa-Desormeaux-Poulin-Galerie-1-275x155.jpg 275w, https:\/\/marie-vincent.org\/wp-content\/uploads\/2025\/05\/Melissa-Desormeaux-Poulin-Galerie-1-428x241.jpg 428w, https:\/\/marie-vincent.org\/wp-content\/uploads\/2025\/05\/Melissa-Desormeaux-Poulin-Galerie-1-550x309.jpg 550w, https:\/\/marie-vincent.org\/wp-content\/uploads\/2025\/05\/Melissa-Desormeaux-Poulin-Galerie-1-580x326.jpg 580w, https:\/\/marie-vincent.org\/wp-content\/uploads\/2025\/05\/Melissa-Desormeaux-Poulin-Galerie-1-780x439.jpg 780w, https:\/\/marie-vincent.org\/wp-content\/uploads\/2025\/05\/Melissa-Desormeaux-Poulin-Galerie-1-885x498.jpg 885w, https:\/\/marie-vincent.org\/wp-content\/uploads\/2025\/05\/Melissa-Desormeaux-Poulin-Galerie-1-900x506.jpg 900w, https:\/\/marie-vincent.org\/wp-content\/uploads\/2025\/05\/Melissa-Desormeaux-Poulin-Galerie-1-960x540.jpg 960w, https:\/\/marie-vincent.org\/wp-content\/uploads\/2025\/05\/Melissa-Desormeaux-Poulin-Galerie-1-1160x653.jpg 1160w, https:\/\/marie-vincent.org\/wp-content\/uploads\/2025\/05\/Melissa-Desormeaux-Poulin-Galerie-1-1280x720.jpg 1280w, https:\/\/marie-vincent.org\/wp-content\/uploads\/2025\/05\/Melissa-Desormeaux-Poulin-Galerie-1-1366x768.jpg 1366w, https:\/\/marie-vincent.org\/wp-content\/uploads\/2025\/05\/Melissa-Desormeaux-Poulin-Galerie-1-1440x810.jpg 1440w, https:\/\/marie-vincent.org\/wp-content\/uploads\/2025\/05\/Melissa-Desormeaux-Poulin-Galerie-1-1600x900.jpg 1600w, https:\/\/marie-vincent.org\/wp-content\/uploads\/2025\/05\/Melissa-Desormeaux-Poulin-Galerie-1-1920x1080.jpg 1920w\" \/>\t\t\t\t\t\t\t\t\t\t\t\t\t\t\t\t\t\t\t\t\t\t\t<\/div>\n\t\t\t\t\t\t\t\t\t\t<\/div>\n\t\t\t\t\t\t\t\t\t\t\t\t\t\t\t\t\t<\/div>\n\t\t\t\t\t\t\t<\/div>\n\t\t\t\t\t\t\t<div class=\"slider-progress-bar \">\n\t\t\t\t\t\t\t\t<div class=\"slider-progress-handle\" data-splide-progress-bar><\/div>\n\t\t\t\t\t\t\t<\/div>\n\t\t\t\t\t\t<\/div>\n\t\t\t\t\t<\/div>\n\t\t\t\t<\/div>\n\t\t\t<\/div>\n\t\t<\/section>\n\t\n\n\t\t<section class=\"uxpertise-courses section-block purple-theme\" data-scroll-section>\n\t\t\t<div class=\"wave-ctn\">\n\t\t\t\t<svg class=\"wave hidden-mobile\" viewBox=\"0 0 1920 120\">\n\t<path d=\"M1920 120V41.4S1524.8 4.8 1265.2 2C919.9-1.6 724.1 96.1 378.9 83.8 230.4 78.6 0 41.4 0 41.4V120h1920Z\" \/>\n\t<path class=\"line\" d=\"M360.9 115.4C214 115.4 2.2 95.6 0 95.4v-1c2.4.2 235 21.9 381.7 19.8C560 111.7 700.3 84.9 836 59.1c128.3-24.4 261-49.7 427.9-55.7 64.8-2.3 138.5-3.2 212.4-3.2 219 0 440.7 7.6 443.7 7.7v1c-4-.1-399.6-13.7-656.1-4.5-166.9 6-299.5 31.2-427.7 55.7-135.8 25.9-276.1 52.6-454.5 55.1-6.7 0-13.7.1-20.8.1Z\"\/>\n<\/svg>\n\n<svg class=\"wave hidden-desktop\" viewBox=\"0 0 390 64\">\n\t<path d=\"M390,64v-32s-52-24-105.5-24S129.7,41.3,60,35C30,32.3,0,17.6,0,17.6v46.4h390Z\"\/>\n\t<path class=\"line\" class=\"cls-1\" d=\"M79,45.5c-29,0-49-5.2-60.7-9.5C5.6,31.3,0,26.7-.3,26.5l.6-.8c0,0,5.9,4.8,18.4,9.4,11.6,4.3,31.4,9.4,60.3,9.4s69.8-11.5,103.3-22.6C215.7,10.9,250.2-.5,284.9-.5h0c51.8,0,104.7,25.1,105.2,25.4l-.4.9c-.5-.3-53.2-25.2-104.8-25.3h0c-34.6,0-69,11.4-102.3,22.4-33.6,11.1-68.4,22.6-103.6,22.6Z\"\/>\n<\/svg>\t\t\t<\/div>\n\t\t\t<div class=\"block-wrapper\">\n\t\t\t\t<div class=\"container\">\n\t\t\t\t\t<div class=\"content-wrapper\">\n\t\t\t\t\t\t<div class=\"row row-main\">\n\t\t\t\t\t\t\t<div class=\"col-md-8 offset-md-2 col-content\">\n\t\t\t\t\t\t\t\t<div class=\"content\">\n\t\t\t\t\t\t\t\t\t<h2 class=\"title-2\">Watch Our Latest <span class=\"highlight\">Awareness<\/span> Campaigns\n<\/h2>\n\t\t\t\t\t\t\t\t\t\t\t\t\t\t\t\t\t<\/div>\n\t\t\t\t\t\t\t<\/div>\n\t\t\t\t\t\t<\/div>\n\t\t\t\t\t\t<div class=\"row row-cards\">\n\t\t\t\t\t\t\t\t\t\t\t\t\t\t\t\t\t\t\t\t\t<div class=\"col-md-4 col-sm-6\">\n\t\t\t\t\t\t\t\t<article class=\"course-card\">\n\t\t\t\t\t\t\t\t\t<div class=\"content\">\n\t\t\t\t\t\t\t\t\t\t<h3 class=\"title-4\">Overcoming the Unimaginable to Rediscover Hope<\/h3>\t\t\t\t\t\t\t\t\t\t\t\t\t\t\t\t\t\t\t<\/div>\n\t\t\t\t\t\t\t\t\t\t\t\t\t\t\t\t\t\t\t<div class=\"btns\">\n\t\t\t\t\t\t\t\t\t\t\t\t\t\t\t\t\t\t\t\t\t\t\t\t\t\t<a href=\"https:\/\/www.youtube.com\/watch?v=2RorAeZVg-4\"\n\t\t\t\tclass=\"button button-primary\"\n\t\t\t\t target=\"_blank\" rel=\"noopener\" >\n\t\t\t\t\t\t\t\t\t<span class=\"text\">Watch<\/span>\t\t\t\t\t\t\t<\/a>\n\t\t\t\t\t\t\t\t\t\t\t\t\t\t\t\t\t\t\t\t\t\t\t<\/div>\n\t\t\t\t\t\t\t\t\t\t\t\t\t\t\t\t\t<\/article>\n\t\t\t\t\t\t\t<\/div>\n\t\t\t\t\t\t\t\t\t\t\t\t\t\t<div class=\"col-md-4 col-sm-6\">\n\t\t\t\t\t\t\t\t<article class=\"course-card\">\n\t\t\t\t\t\t\t\t\t<div class=\"content\">\n\t\t\t\t\t\t\t\t\t\t<h3 class=\"title-4\">My Greatest Dream<\/h3>\t\t\t\t\t\t\t\t\t\t\t\t\t\t\t\t\t\t\t<\/div>\n\t\t\t\t\t\t\t\t\t\t\t\t\t\t\t\t\t\t\t<div class=\"btns\">\n\t\t\t\t\t\t\t\t\t\t\t\t\t\t\t\t\t\t\t\t\t\t\t\t\t\t<a href=\"https:\/\/www.youtube.com\/watch?v=__F4omlWYKA&#038;t=5s\"\n\t\t\t\tclass=\"button button-primary\"\n\t\t\t\t target=\"_blank\" rel=\"noopener\" >\n\t\t\t\t\t\t\t\t\t<span class=\"text\">Watch<\/span>\t\t\t\t\t\t\t<\/a>\n\t\t\t\t\t\t\t\t\t\t\t\t\t\t\t\t\t\t\t\t\t\t\t<\/div>\n\t\t\t\t\t\t\t\t\t\t\t\t\t\t\t\t\t<\/article>\n\t\t\t\t\t\t\t<\/div>\n\t\t\t\t\t\t\t\t\t\t\t\t\t\t<div class=\"col-md-4 col-sm-6\">\n\t\t\t\t\t\t\t\t<article class=\"course-card\">\n\t\t\t\t\t\t\t\t\t<div class=\"content\">\n\t\t\t\t\t\t\t\t\t\t<h3 class=\"title-4\">Because You Support Me<\/h3>\t\t\t\t\t\t\t\t\t\t\t\t\t\t\t\t\t\t\t<\/div>\n\t\t\t\t\t\t\t\t\t\t\t\t\t\t\t\t\t\t\t<div class=\"btns\">\n\t\t\t\t\t\t\t\t\t\t\t\t\t\t\t\t\t\t\t\t\t\t\t\t\t\t<a href=\"https:\/\/www.youtube.com\/watch?v=zWy8EdzYliQ\"\n\t\t\t\tclass=\"button button-primary\"\n\t\t\t\t target=\"_blank\" rel=\"noopener\" >\n\t\t\t\t\t\t\t\t\t<span class=\"text\">Watch<\/span>\t\t\t\t\t\t\t<\/a>\n\t\t\t\t\t\t\t\t\t\t\t\t\t\t\t\t\t\t\t\t\t\t\t<\/div>\n\t\t\t\t\t\t\t\t\t\t\t\t\t\t\t\t\t<\/article>\n\t\t\t\t\t\t\t<\/div>\n\t\t\t\t\t\t\t\t\t\t\t\t\t<\/div>\n\t\t\t\t\t<\/div>\n\t\t\t\t<\/div>\n\t\t\t<\/div>\n\t\t<\/section>\n\t","protected":false},"excerpt":{"rendered":"","protected":false},"author":5,"featured_media":0,"parent":0,"menu_order":30,"comment_status":"closed","ping_status":"closed","template":"","meta":{"_acf_changed":false,"footnotes":""},"class_list":["post-6363","page","type-page","status-publish","hentry"],"acf":[],"_links":{"self":[{"href":"https:\/\/marie-vincent.org\/en\/wp-json\/wp\/v2\/pages\/6363","targetHints":{"allow":["GET"]}}],"collection":[{"href":"https:\/\/marie-vincent.org\/en\/wp-json\/wp\/v2\/pages"}],"about":[{"href":"https:\/\/marie-vincent.org\/en\/wp-json\/wp\/v2\/types\/page"}],"author":[{"embeddable":true,"href":"https:\/\/marie-vincent.org\/en\/wp-json\/wp\/v2\/users\/5"}],"replies":[{"embeddable":true,"href":"https:\/\/marie-vincent.org\/en\/wp-json\/wp\/v2\/comments?post=6363"}],"version-history":[{"count":2,"href":"https:\/\/marie-vincent.org\/en\/wp-json\/wp\/v2\/pages\/6363\/revisions"}],"predecessor-version":[{"id":6367,"href":"https:\/\/marie-vincent.org\/en\/wp-json\/wp\/v2\/pages\/6363\/revisions\/6367"}],"wp:attachment":[{"href":"https:\/\/marie-vincent.org\/en\/wp-json\/wp\/v2\/media?parent=6363"}],"curies":[{"name":"wp","href":"https:\/\/api.w.org\/{rel}","templated":true}]}}